{"id":837,"date":"2023-05-19T19:13:28","date_gmt":"2023-05-19T10:13:28","guid":{"rendered":"http:\/\/i-glocal-com.check-xserver.jp\/?page_id=837"},"modified":"2023-06-29T10:41:18","modified_gmt":"2023-06-29T01:41:18","slug":"foreign-contractors-tax","status":"publish","type":"page","link":"https:\/\/www.i-glocal.com\/vi\/ourservices\/foreign-contractors-tax\/","title":{"rendered":"Foreign <br>Contractors Tax"},"content":{"rendered":"<p class=\"tax_title01\">Thu\u1ebf nh\u00e0 th\u1ea7u &#8211; Lo\u1ea1i thu\u1ebf \u0111\u1eb7c tr\u01b0ng t\u1ea1i Vi\u1ec7t Nam<\/p>\n<ul class=\"anchor_link tax_anchor_link\">\n<li><a href=\"#tax_ttl01\">Thu\u1ebf nh\u00e0 th\u1ea7u l\u00e0 g\u00ec?<\/a><\/li>\n<li><a href=\"#tax_ttl02\">Thu\u1ebf su\u1ea5t<\/a><\/li>\n<li><a href=\"#tax_ttl03\">L\u00fd do v\u00ec sao thu\u1ebf <br \/>nh\u00e0 th\u1ea7u quan tr\u1ecdng<\/a><\/li>\n<li><a href=\"#tax_ttl04\">Nh\u1eefng v\u00ed d\u1ee5 khi <br \/>t\u01b0 v\u1ea5n v\u1ec1 <br \/>Thu\u1ebf nh\u00e0 th\u1ea7u<\/a><\/li>\n<li><a href=\"#tax_ttl05\">I-GLOCAL c\u0169ng <br \/>h\u1ed7 tr\u1ee3 d\u1ecbch v\u1ee5 v\u1ec1 <br \/>thu\u1ebf nh\u00e0 th\u1ea7u<\/a><\/li>\n<\/ul>\n<h3 id=\"tax_ttl01\" class=\"ttl3_02  tax_ttl3\">Thu\u1ebf nh\u00e0 th\u1ea7u l\u00e0 g\u00ec?<\/h3>\n<section class=\"clearfix\">\n<p class=\"tax_txt01\">Thu\u1ebf nh\u00e0 th\u1ea7u\/ Foreign Contractor Tax hay Foreign Contractor Withholding Tax &#8211; vi\u1ebft t\u1eaft l\u00e0 FCT, FCWT.<br \/>\n\u0110\u00e2y l\u00e0 lo\u1ea1i thu\u1ebf \u0111\u01b0\u1ee3c \u00e1p d\u1ee5ng khi ph\u00e1p nh\u00e2n n\u01b0\u1edbc ngo\u00e0i cung \u1ee9ng dich v\u1ee5 cho ph\u00e1p nh\u00e2n Vi\u1ec7t Nam.<br \/>\nN\u00f3i c\u00e1ch kh\u00e1c, \u0111\u00f3 l\u00e0 thu\u1ebf \u00e1p d\u1ee5ng \u0111\u1ed1i v\u1edbi chi ph\u00ed ph\u1ea3i tr\u1ea3 c\u1ee7a ph\u00e1p nh\u00e2n Vi\u1ec7t Nam <br class=\"box_pc\">(kh\u00f4ng \u00e1p d\u1ee5ng cho doanh thu\/l\u1ee3i nhu\u1eadn c\u1ee7a ph\u00e1p nh\u00e2n Vi\u1ec7t Nam). <br class=\"box_pc\">B\u00ean ch\u1ecbu thu\u1ebf c\u00f3 th\u1ec3 l\u00e0 ph\u00e1p nh\u00e2n n\u01b0\u1edbc ngo\u00e0i ho\u1eb7c ph\u00e1p nh\u00e2n Vi\u1ec7t Nam t\u00f9y theo quy \u0111\u1ecbnh trong h\u1ee3p \u0111\u1ed3ng. <br class=\"box_pc\">Tuy nhi\u00ean, b\u00ean k\u00ea khai v\u00e0 n\u1ed9p thu\u1ebf ph\u1ea3i l\u00e0 ph\u00e1p nh\u00e2n Vi\u1ec7t Nam.<\/p>\n<dl class=\"tax_img01\">\n<dt><img loading=\"lazy\" decoding=\"async\" src=\"https:\/\/www.i-glocal.com\/wp-content\/themes\/igl\/images\/tax_img01_vi.jpg\" width=\"448\" height=\"255\" alt=\"\u0110\u1ed1i t\u01b0\u1ee3ng ch\u1ecbu thu\u1ebf nh\u00e0 th\u1ea7u Ph\u00ed h\u1ed7 tr\u1ee3 k\u1ef9 thu\u1eadt: 10 tri\u1ec7u y\u00ean\"><\/dt>\n<dd>\u203b B\u00ean ch\u1ecbu thu\u1ebf c\u00f3 th\u1ec3 l\u00e0 <br class=\"box_pc\">ph\u00e1p nh\u00e2n n\u01b0\u1edbc ngo\u00e0i ho\u1eb7c <br class=\"box_pc\">ph\u00e1p nh\u00e2n Vi\u1ec7t Nam<\/dd>\n<\/dl>\n<\/section>\n<h3 id=\"tax_ttl02\" class=\"ttl3_02  tax_ttl3\">Thu\u1ebf su\u1ea5t<\/h3>\n<section class=\"clearfix\">\n<p class=\"tax_txt01\">Thu\u1ebf nh\u00e0 th\u1ea7u (FCT) bao g\u1ed3m 2 lo\u1ea1i thu\u1ebf &#8211; thu\u1ebf gi\u00e1 tr\u1ecb gia t\u0103ng (VAT) v\u00e0 thu\u1ebf thu nh\u1eadp doanh nghi\u1ec7p (CIT), c\u00f3 \u0111\u1eb7c \u0111i\u1ec3m kh\u00e1c nhau \u1edf m\u1ed7i lo\u1ea1i.<\/p>\n<table class=\"tax_tb01\">\n<thead>\n<tr>\n<th>N\u1ed9i dung<\/th>\n<th>VAT<br class=\"box_sp\"><span>(\uff05)<\/span><\/th>\n<th>CIT<br class=\"box_sp\"><span>(\uff05)<\/span><\/th>\n<\/tr>\n<\/thead>\n<tbody>\n<tr>\n<td>Kinh doanh h\u00e0ng h\u00f3a k\u00e8m theo d\u1ecbch v\u1ee5, xu\u1ea5t kh\u1ea9u t\u1ea1i ch\u1ed7<\/td>\n<td>Mi\u1ec5n thu\u1ebf<\/td>\n<td>1<\/td>\n<\/tr>\n<tr>\n<td>X\u00e2y d\u1ef1ng, l\u1eafp \u0111\u1eb7t kh\u00f4ng bao th\u1ea7u nguy\u00ean v\u1eadt li\u1ec7u ho\u1eb7c m\u00e1y m\u00f3c, thi\u1ebft b\u1ecb<\/td>\n<td>5<\/td>\n<td>2<\/td>\n<\/tr>\n<tr>\n<td>X\u00e2y d\u1ef1ng, l\u1eafp \u0111\u1eb7t c\u00f3 bao th\u1ea7u nguy\u00ean v\u1eadt li\u1ec7u ho\u1eb7c m\u00e1y m\u00f3c, thi\u1ebft b\u1ecb; d\u1ecbch v\u1ee5 v\u1eadn t\u1ea3i, s\u1ea3n xu\u1ea5t<\/td>\n<td>3<\/td>\n<td>2<\/td>\n<\/tr>\n<tr>\n<td>C\u00e1c d\u1ecbch v\u1ee5 chung, cho thu\u00ea m\u00e1y m\u00f3c thi\u1ebft b\u1ecb<\/td>\n<td>5<\/td>\n<td>5<\/td>\n<\/tr>\n<tr>\n<td>L\u00e3i ti\u1ec1n vay <\/td>\n<td>Mi\u1ec5n thu\u1ebf<\/td>\n<td>5<\/td>\n<\/tr>\n<tr>\n<td>Ph\u00ed b\u1ea3n quy\u1ec1n<\/td>\n<td>Mi\u1ec5n thu\u1ebf<\/td>\n<td>10<\/td>\n<\/tr>\n<tr>\n<td>D\u1ecbch v\u1ee5 qu\u1ea3n l\u00fd ph\u00ed b\u1ea3n quy\u1ec1n nh\u1eb1m s\u1eed d\u1ee5ng th\u01b0\u01a1ng hi\u1ec7u; d\u1ecbch v\u1ee5 qu\u1ea3n l\u00fd nh\u00e0 h\u00e0ng, kh\u00e1ch s\u1ea1n, casino<\/td>\n<td>5<\/td>\n<td>10<\/td>\n<\/tr>\n<tr>\n<td>Chuy\u1ec3n nh\u01b0\u1ee3ng ch\u1ee9ng kho\u00e1n, t\u00e1i b\u1ea3o hi\u1ec3m<\/td>\n<td>Mi\u1ec5n thu\u1ebf<\/td>\n<td>0.1<\/td>\n<\/tr>\n<tr>\n<td>S\u1ea3n ph\u1ea9m t\u00e0i ch\u00ednh ph\u00e1i sinh<\/td>\n<td>Mi\u1ec5n thu\u1ebf<\/td>\n<td>2<\/td>\n<\/tr>\n<\/tbody>\n<\/table>\n<\/section>\n<h3 id=\"tax_ttl03\" class=\"ttl3_02 tax_ttl3\">L\u00fd do v\u00ec sao <br class=\"box_sp\">thu\u1ebf nh\u00e0 th\u1ea7u quan tr\u1ecdng<\/h3>\n<section class=\"clearfix\">\n<p class=\"tax_txt01\">Thu\u1ebf nh\u00e0 th\u1ea7u l\u00e0 lo\u1ea1i thu\u1ebf ch\u1ec9 c\u00f3 \u1edf Vi\u1ec7t Nam n\u00ean c\u00f3 nh\u1eefng quy \u0111\u1ecbnh kh\u00f3 c\u00f3 th\u1ec3 l\u00fd gi\u1ea3i \u0111\u01b0\u1ee3c h\u1ebft. <br class=\"box_pc\">Tuy nhi\u00ean, \u0111\u00e2y l\u00e0 lo\u1ea1i thu\u1ebf r\u1ea5t quan tr\u1ecdng, \u0111\u1eb7c bi\u1ec7t c\u00f3 \u1ea3nh h\u01b0\u1edfng l\u1edbn \u0111\u1ed1i v\u1edbi nh\u1eefng doanh nghi\u1ec7p c\u00f3 giao d\u1ecbch v\u1edbi \u0111\u1ed1i t\u00e1c n\u01b0\u1edbc ngo\u00e0i.<\/p>\n<div class=\"under_framemain tax_ramemain\">\n<div class=\"list_dot\">\n<ul class=\"list01\">\n<li>Ph\u1ea1m vi \u0111\u1ed1i t\u01b0\u1ee3ng ch\u1ecbu thu\u1ebf r\u1ed9ng<\/li>\n<li>H\u1ee3p \u0111\u1ed3ng \u0111\u01b0\u1ee3c k\u00fd k\u1ebft v\u1edbi t\u1ed5 ch\u1ee9c, c\u00e1 nh\u00e2n n\u01b0\u1edbc ngo\u00e0i<\/li>\n<li>C\u00f3 nhi\u1ec1u \u0111i\u1ec3m c\u1ea7n l\u01b0u \u00fd v\u1ec1 c\u00e1ch th\u1ee9c quy \u0111\u1ecbnh trong h\u1ee3p \u0111\u1ed3ng<\/li>\n<\/ul>\n<ul class=\"list01\">\n<li>B\u00ean ch\u1ecbu thu\u1ebf \u0111\u01b0\u1ee3c quy \u0111\u1ecbnh trong h\u1ee3p \u0111\u1ed3ng<\/li>\n<li>K\u00ea khai v\u00e0 n\u1ed9p thu\u1ebf trong v\u00f2ng 10 ng\u00e0y k\u1ec3 t\u1eeb ng\u00e0y thanh to\u00e1n<\/li>\n<li>D\u1ec5 b\u1ecb ch\u1ec9 ra l\u00e0 vi ph\u1ea1m khi thanh tra thu\u1ebf t\u1ea1i Vi\u1ec7t Nam<\/li>\n<\/ul>\n<\/div>\n<\/div>\n<\/section>\n<h3 id=\"tax_ttl04\" class=\"ttl3_02 tax_ttl3\">Nh\u1eefng v\u00ed d\u1ee5 khi t\u01b0 v\u1ea5n <br class=\"box_sp\">v\u1ec1 Thu\u1ebf nh\u00e0 th\u1ea7u<\/h3>\n<section class=\"clearfix\">\n<p class=\"tax_txt01\">Ch\u00fang t\u00f4i ti\u1ebfp nh\u1eadn t\u01b0 v\u1ea5n cho m\u1ecdi c\u00e2u h\u1ecfi t\u1eeb c\u01a1 b\u1ea3n \u0111\u1ebfn chi ti\u1ebft<\/p>\n<div class=\"under_framemain tax_ramemain\">\n<ul class=\"list01\">\n<li>Thu\u1ebf nh\u00e0 th\u1ea7u l\u00e0 g\u00ec?<\/li>\n<li>C\u00f3 c\u1ea7n ph\u1ea3i r\u00e0 so\u00e1t l\u1ea1i c\u00e1c giao d\u1ecbch \u0111\u1ec3 xem giao d\u1ecbch n\u00e0o l\u00e0 giao d\u1ecbch ch\u1ecbu Thu\u1ebf nh\u00e0 th\u1ea7u hay kh\u00f4ng?<\/li>\n<li>Cho \u0111\u1ebfn nay ch\u00fang t\u00f4i v\u1eabn ch\u01b0a n\u1ed9p Thu\u1ebf nh\u00e0 th\u1ea7u, v\u1eady c\u00f3 b\u1ecb truy thu thu\u1ebf khi thanh tra thu\u1ebf kh\u00f4ng?<\/li>\n<li>C\u00f3 ph\u1ea3i ti\u1ec1n thu\u1ebf s\u1ebd thay \u0111\u1ed5i d\u1ef1a tr\u00ean c\u00e1ch th\u1ee9c so\u1ea1n th\u1ea3o h\u1ee3p \u0111\u1ed3ng hay kh\u00f4ng?<\/li>\n<li>Thu\u1ebf nh\u00e0 th\u1ea7u kh\u00e1c g\u00ec so v\u1edbi thu\u1ebf kh\u1ea5u tr\u1eeb t\u1ea1i ngu\u1ed3n c\u1ee7a Nh\u1eadt B\u1ea3n?<\/li>\n<li>N\u1ebfu \u0111\u00e3 ch\u1ecbu thu\u1ebf \u1edf Nh\u1eadt r\u1ed3i v\u1eady c\u00f3 th\u1ec3 tr\u00e1nh b\u1ecb \u0111\u00e1nh thu\u1ebf theo quy \u0111\u1ecbnh c\u1ee7a hi\u1ec7p \u0111\u1ecbnh tr\u00e1nh \u0111\u00e1nh thu\u1ebf hai l\u1ea7n hay kh\u00f4ng? C\u00f3 th\u1ec3 \u00e1p d\u1ee5ng gi\u1ea3m tr\u1eeb thu\u1ebf \u0111\u00e3 \u0111\u00f3ng \u1edf n\u01b0\u1edbc ngo\u00e0i kh\u00f4ng?<\/li>\n<li>C\u00f3 ph\u1ea3i khi c\u1eed ng\u01b0\u1eddi \u0111i c\u00f4ng t\u00e1c theo h\u1ee3p \u0111\u1ed3ng h\u1ed7 tr\u1ee3 k\u1ef9 thu\u1eadt th\u00ec ngo\u00e0i thu\u1ebf thu nh\u1eadp c\u00e1 nh\u00e2n s\u1ebd ph\u1ea3i ch\u1ecbu th\u00eam thu\u1ebf Thu\u1ebf nh\u00e0 th\u1ea7u kh\u00f4ng?<\/li>\n<li>Thu\u1ebf nh\u00e0 th\u1ea7u l\u00e0 thu\u1ebf \u0111\u01b0\u1ee3c \u00e1p d\u1ee5ng tr\u00ean c\u00e1c d\u1ecbch v\u1ee5, v\u1eady khi nh\u1eadp kh\u1ea9u c\u00e1c m\u1eb7t h\u00e0ng thi\u1ebft b\u1ecb th\u00ec c\u00f3 b\u1ecb t\u00ednh thu\u1ebf kh\u00f4ng?<\/li>\n<li>Thu\u1ebf nh\u00e0 th\u1ea7u c\u00f3 \u0111\u01b0\u1ee3c \u00e1p d\u1ee5ng trong c\u00e1c \u0111i\u1ec1u kho\u1ea3n th\u01b0\u01a1ng m\u1ea1i qu\u1ed1c t\u1ebf hay kh\u00f4ng?<\/li>\n<\/ul>\n<\/div>\n<\/section>\n<h3 id=\"tax_ttl05\" class=\"ttl3_02 tax_ttl3\">I-GLOCAL c\u0169ng h\u1ed7 tr\u1ee3 <br class=\"box_sp\">d\u1ecbch v\u1ee5 v\u1ec1 thu\u1ebf nh\u00e0 th\u1ea7u<\/h3>\n<section class=\"clearfix\">\n<p class=\"tax_txt01\">I-GLOCAL c\u0169ng c\u00f3 nhi\u1ec1u ki\u1ebfn th\u1ee9c, kinh nghi\u1ec7m th\u1ef1c t\u1ebf v\u1ec1 thu\u1ebf nh\u00e0 th\u1ea7u.<\/p>\n<dl class=\"tax_box\">\n<dt>I-GLOCAL hi\u1ec7n \u0111ang cung c\u1ea5p d\u1ecbch v\u1ee5 Thu\u1ebf &#8211; K\u1ebf to\u00e1n cho h\u01a1n 1,000 doanh nghi\u1ec7p Nh\u1eadt B\u1ea3n, <br class=\"box_pc\">gi\u1ea3i quy\u1ebft c\u00e1c v\u1ea5n \u0111\u1ec1 v\u1edbi tr\u00ecnh \u0111\u1ed9 chuy\u00ean m\u00f4n cao.<br \/>\nNh\u1edd v\u00e0o nh\u1eefng kinh nghi\u1ec7m th\u1ef1c t\u1ebf \u0111\u00f3, I-GLOCAL t\u1ef1 tin s\u1ebd h\u1ed7 tr\u1ee3 c\u00e1c doanh nghi\u1ec7p \u0111\u1ea7u t\u01b0 v\u00e0o Vi\u1ec7t Nam b\u1eb1ng <br class=\"box_pc\">h\u00ecnh th\u1ee9c ph\u00f9 h\u1ee3p nh\u1ea5t gi\u00fap c\u00e1c doanh nghi\u1ec7p tr\u00e1nh \u0111\u01b0\u1ee3c nh\u1eefng r\u1ee7i ro d\u1ec5 ph\u00e1t sinh hay c\u00e1c tr\u01b0\u1eddng h\u1ee3p b\u1ecb \u0111\u00e1nh thu\u1ebf kh\u00f4ng c\u1ea7n thi\u1ebft.<br \/>\nV\u1edbi nhi\u1ec1u h\u00ecnh th\u1ee9c h\u1ed7 tr\u1ee3 \u0111a d\u1ea1ng, ch\u00fang t\u00f4i s\u1ebd n\u1ed7 l\u1ef1c h\u1ed7 tr\u1ee3 c\u00e1c c\u00f4ng ty m\u1edf r\u1ed9ng \u0111\u1ea7u t\u01b0 sang Vi\u1ec7t Nam.<\/dt>\n<dd class=\"tax_btn01\"><a href=\"\">S\u1eb5n s\u00e0ng t\u01b0 v\u1ea5n v\u1ec1 Thu\u1ebf nh\u00e0 th\u1ea7u m\u1ecdi th\u1eddi \u0111i\u1ec3m <br class=\"box_pc\">th\u00f4ng qua H\u1ee3p \u0111\u1ed3ng t\u01b0 v\u1ea5n h\u00e0ng n\u0103m!<\/a><\/dd>\n<\/dl>\n<\/section>\n<section class=\"clearfix business_report\">\n<p class=\"business_report_ttl\">B\u00e1o c\u00e1o li\u00ean quan v\u1ec1 <br class=\"box_sp360\">thu\u1ebf nh\u00e0 th\u1ea7u<\/p>\n<dl>\n<dt>I-GLOCAL\u30fbB\u00e1o c\u00e1o t\u1ea1i Vi\u1ec7t Nam\u3000<br class=\"box_sp\">\uff5eThu\u1ebf v\u00e0 K\u1ebf to\u00e1n<\/dt>\n<dd><a href=\"https:\/\/www.i-glocal.com\/wp-content\/uploads\/2023\/06\/igl_fct_2020_12_22.pdf\" target=\"_blank\" rel=\"noopener\">T\u1ed5ng quan v\u1ec1 thu\u1ebf nh\u00e0 th\u1ea7u (FCT) t\u1ea1i Vi\u1ec7t Nam v\u00e0 nh\u1eefng l\u01b0u \u00fd th\u1ef1c ti\u1ec5n<\/a><\/dd>\n<\/dl>\n<dl>\n<dt>I-GLOCAL\u30fbB\u00e1o c\u00e1o t\u1ea1i Vi\u1ec7t Nam\u3000<br class=\"box_sp\">\uff5eThu\u1ebf v\u00e0 K\u1ebf to\u00e1n<\/dt>\n<dd><a href=\"https:\/\/www.i-glocal.com\/wp-content\/uploads\/2023\/06\/igl_tax_2020_10_5.pdf\" target=\"_blank\" rel=\"noopener\">Thu\u1ebf nh\u00e0 th\u1ea7u v\u00e0 Incoterms t\u1ea1i Vi\u1ec7t Nam<\/a><\/dd>\n<\/dl>\n<dl>\n<dt>I-GLOCAL\u30fbB\u00e1o c\u00e1o t\u1ea1i Vi\u1ec7t Nam\u3000<br class=\"box_sp\">\uff5eThu\u1ebf v\u00e0 K\u1ebf to\u00e1n<\/dt>\n<dd><a href=\"https:\/\/www.i-glocal.com\/wp-content\/uploads\/2023\/06\/igl_tax_2021_8_23.pdf\" target=\"_blank\" rel=\"noopener\">C\u00e1c giao d\u1ecbch ch\u00ednh ch\u1ecbu thu\u1ebf nh\u00e0 th\u1ea7u t\u1ea1i c\u00f4ng ty Nh\u1eadt B\u1ea3n t\u1ea1i Vi\u1ec7t Nam<\/a><\/dd>\n<\/dl>\n<\/section>\n<p class=\"button\"><a href=\"https:\/\/www.i-glocal.com\/contact\/\">Li\u00ean h\u1ec7 v\u1edbi ch\u00fang t\u00f4i t\u1ea1i \u0111\u00e2y<\/a><\/p>\n","protected":false},"excerpt":{"rendered":"<p>Thu\u1ebf nh\u00e0 th\u1ea7u &#8211; Lo\u1ea1i thu\u1ebf \u0111\u1eb7c tr\u01b0ng t\u1ea1i Vi\u1ec7t Nam Thu\u1ebf nh\u00e0 th\u1ea7u l\u00e0 g\u00ec? Thu\u1ebf su\u1ea5t L\u00fd do v\u00ec sao thu\u1ebf nh\u00e0 th\u1ea7u quan tr\u1ecdng Nh\u1eefng v\u00ed d\u1ee5 khi t\u01b0 v\u1ea5n v\u1ec1 Thu\u1ebf nh\u00e0 th\u1ea7u I-GLOCAL c\u0169ng h\u1ed7 tr\u1ee3 d\u1ecbch v\u1ee5 v\u1ec1 thu\u1ebf nh\u00e0 th\u1ea7u Thu\u1ebf nh\u00e0 th\u1ea7u l\u00e0 g\u00ec? Thu\u1ebf nh\u00e0 th\u1ea7u\/ [&hellip;]<\/p>\n","protected":false},"author":2,"featured_media":0,"parent":558,"menu_order":0,"comment_status":"closed","ping_status":"closed","template":"","meta":{"om_disable_all_campaigns":false,"_monsterinsights_skip_tracking":false,"_monsterinsights_sitenote_active":false,"_monsterinsights_sitenote_note":"","_monsterinsights_sitenote_category":0,"_locale":"vi","_original_post":"http:\/\/i-glocal-com.check-xserver.jp\/?page_id=832","footnotes":""},"class_list":["post-837","page","type-page","status-publish","hentry","vi"],"acf":[],"aioseo_notices":[],"_links":{"self":[{"href":"https:\/\/www.i-glocal.com\/wp-json\/wp\/v2\/pages\/837","targetHints":{"allow":["GET"]}}],"collection":[{"href":"https:\/\/www.i-glocal.com\/wp-json\/wp\/v2\/pages"}],"about":[{"href":"https:\/\/www.i-glocal.com\/wp-json\/wp\/v2\/types\/page"}],"author":[{"embeddable":true,"href":"https:\/\/www.i-glocal.com\/wp-json\/wp\/v2\/users\/2"}],"replies":[{"embeddable":true,"href":"https:\/\/www.i-glocal.com\/wp-json\/wp\/v2\/comments?post=837"}],"version-history":[{"count":4,"href":"https:\/\/www.i-glocal.com\/wp-json\/wp\/v2\/pages\/837\/revisions"}],"predecessor-version":[{"id":1305,"href":"https:\/\/www.i-glocal.com\/wp-json\/wp\/v2\/pages\/837\/revisions\/1305"}],"up":[{"embeddable":true,"href":"https:\/\/www.i-glocal.com\/wp-json\/wp\/v2\/pages\/558"}],"wp:attachment":[{"href":"https:\/\/www.i-glocal.com\/wp-json\/wp\/v2\/media?parent=837"}],"curies":[{"name":"wp","href":"https:\/\/api.w.org\/{rel}","templated":true}]}}