{"id":828,"date":"2023-05-19T19:10:06","date_gmt":"2023-05-19T10:10:06","guid":{"rendered":"http:\/\/i-glocal-com.check-xserver.jp\/?page_id=828"},"modified":"2023-06-29T10:39:38","modified_gmt":"2023-06-29T01:39:38","slug":"anti-fraud-services","status":"publish","type":"page","link":"https:\/\/www.i-glocal.com\/vi\/ourservices\/anti-fraud-services\/","title":{"rendered":"Anti-Fraud Services"},"content":{"rendered":"<dl class=\"business_box01\">\n<dt><img loading=\"lazy\" decoding=\"async\" src=\"https:\/\/www.i-glocal.com\/wp-content\/themes\/igl\/images\/anti-fraud-services_title_img.jpg\" width=\"1300\" height=\"500\" alt=\"I-GLOCAL cung c\u1ea5p nhi\u1ec1u d\u1ecbch v\u1ee5 \u0111a d\u1ea1ng nh\u1eb1m t\u1ed5 ch\u1ee9c ph\u00f2ng ch\u1ed1ng v\u00e0 ph\u00e1t hi\u1ec7n gian l\u1eadn - m\u1ed9t trong nh\u1eefng nghi\u1ec7p v\u1ee5 quan tr\u1ecdng trong ho\u1ea1t \u0111\u1ed9ng kinh doanh t\u1ea1i Vi\u1ec7t Nam\" class=\"box_pc\"><img loading=\"lazy\" decoding=\"async\" src=\"https:\/\/www.i-glocal.com\/wp-content\/themes\/igl\/images\/anti-fraud-services_title_img_sp.jpg\" width=\"750\" height=\"200\" alt=\"I-GLOCAL cung c\u1ea5p nhi\u1ec1u d\u1ecbch v\u1ee5 \u0111a d\u1ea1ng nh\u1eb1m t\u1ed5 ch\u1ee9c ph\u00f2ng ch\u1ed1ng v\u00e0 ph\u00e1t hi\u1ec7n gian l\u1eadn - m\u1ed9t trong nh\u1eefng nghi\u1ec7p v\u1ee5 quan tr\u1ecdng trong ho\u1ea1t \u0111\u1ed9ng kinh doanh t\u1ea1i Vi\u1ec7t Nam\" class=\"box_sp\"><\/dt>\n<dd>I-GLOCAL cung c\u1ea5p nhi\u1ec1u d\u1ecbch v\u1ee5 \u0111a d\u1ea1ng nh\u1eb1m t\u1ed5 ch\u1ee9c <br class=\"box_pc\">ph\u00f2ng ch\u1ed1ng v\u00e0 ph\u00e1t hi\u1ec7n gian l\u1eadn &#8211; m\u1ed9t trong nh\u1eefng nghi\u1ec7p v\u1ee5 <br class=\"box_pc\">quan tr\u1ecdng trong ho\u1ea1t \u0111\u1ed9ng kinh doanh t\u1ea1i Vi\u1ec7t Nam<\/dd>\n<\/dl>\n<ul class=\"anchor_link anti-fraud_link\">\n<li><a href=\"#anti-fraud01\">Gi\u1ea3i ph\u00e1p <br \/>ph\u00f2ng ch\u1ed1ng <br \/>gian l\u1eadn \u0111\u01b0\u1ee3c t\u01b0 v\u1ea5n <br \/>b\u1edfi Gi\u00e1m \u0111\u1ecbnh vi\u00ean <br \/>v\u1ec1 ph\u00f2ng ch\u1ed1ng<br \/> gian l\u1eadn<\/a><\/li>\n<li><a href=\"#anti-fraud02\">\u0110\u1eb7c \u0111i\u1ec3m v\u00e0 <br \/>b\u1ed1i c\u1ea3nh gian l\u1eadn <br \/>trong doanh nghi\u1ec7p <br \/>t\u1ea1i Vi\u1ec7t Nam<\/a><\/li>\n<li><a href=\"#anti-fraud03\">L\u0129nh v\u1ef1c h\u1ed7 tr\u1ee3 <br \/>c\u1ee7a I-GLOCAL<\/a><\/li>\n<li><a href=\"#anti-fraud04\">M\u1ed9t s\u1ed1 v\u00ed d\u1ee5 v\u1ec1 <br \/>d\u1ecbch v\u1ee5 ph\u00f9 h\u1ee3p v\u1edbi <br \/>t\u1eebng tr\u01b0\u1eddng h\u1ee3p<\/a><\/li>\n<li><a href=\"#anti-fraud05\">L\u00fd do \u0111\u1ec3 l\u1ef1a ch\u1ecdn <br \/>I-GLOCAL<\/a><\/li>\n<\/ul>\n<h3 id=\"anti-fraud01\" class=\"ttl3_02\">Gi\u1ea3i ph\u00e1p ph\u00f2ng ch\u1ed1ng gian l\u1eadn \u0111\u01b0\u1ee3c t\u01b0 v\u1ea5n b\u1edfi Gi\u00e1m \u0111\u1ecbnh vi\u00ean v\u1ec1 ph\u00f2ng ch\u1ed1ng gian l\u1eadn<\/h3>\n<section class=\"clearfix\">\n<p class=\"image_r\"><img loading=\"lazy\" decoding=\"async\" src=\"https:\/\/www.i-glocal.com\/wp-content\/themes\/igl\/images\/anti-fraud_img01.jpg\" width=\"427\" height=\"281\" alt=\"Gi\u1ea3i ph\u00e1p ph\u00f2ng ch\u1ed1ng gian l\u1eadn \u0111\u01b0\u1ee3c t\u01b0 v\u1ea5n b\u1edfi Gi\u00e1m \u0111\u1ecbnh vi\u00ean v\u1ec1 ph\u00f2ng ch\u1ed1ng gian l\u1eadn\"><\/p>\n<p class=\"anti-fraud_txt02\">I-GLOCAL lu\u00f4n khuy\u1ebfn kh\u00edch c\u00e1c nh\u00e2n vi\u00ean \u0111\u1ea1t \u0111\u01b0\u1ee3c ch\u1ee9ng ch\u1ec9 CFE (Ch\u1ee9ng ch\u1ec9 Gi\u00e1m \u0111\u1ecbnh vi\u00ean v\u1ec1 ph\u00f2ng ch\u1ed1ng gian l\u1eadn). T\u1ea5t c\u1ea3 nh\u00e2n vi\u00ean ng\u01b0\u1eddi Nh\u1eadt \u0111\u1ec1u \u0111\u00e3 \u0111\u00e1p \u1ee9ng ch\u1ee9ng ch\u1ec9 n\u00e0y.<br \/>\nV\u00e0o th\u00e1ng 4 n\u0103m 2021, I-GLOCAL \u0111\u00e3 tr\u1edf th\u00e0nh th\u00e0nh vi\u00ean s\u00e1ng l\u1eadp c\u1ee7a Chi nh\u00e1nh Hi\u1ec7p h\u1ed9i CFE t\u1ea1i Vi\u1ec7t Nam \u0111\u1ea7u ti\u00ean tr\u00ean c\u1ea3 n\u01b0\u1edbc, v\u00e0 \u00d4ng Fukumoto &#8211; Tr\u01b0\u1edfng V\u0103n ph\u00f2ng H\u1ed3 Ch\u00ed Minh (\u0111\u1ee9ng th\u1ee9 hai t\u1eeb b\u00ean ph\u1ea3i trong \u1ea3nh) &#8211; \u0111\u00e3 \u0111\u01b0\u1ee3c b\u1ed5 nhi\u1ec7m l\u00e0m Ph\u00f3 Ch\u1ee7 t\u1ecbch.<\/p>\n<p class=\"note\">\u203bCFE l\u00e0 ch\u1ee9ng ch\u1ec9 qu\u1ed1c t\u1ebf \u0111\u01b0\u1ee3c ch\u1ee9ng nh\u1eadn b\u1edfi ACFE (Hi\u1ec7p h\u1ed9i c\u00e1c gi\u00e1m \u0111\u1ecbnh vi\u00ean v\u1ec1 ph\u00f2ng ch\u1ed1ng gian l\u1eadn \u0111\u01b0\u1ee3c c\u00f4ng ch\u1ee9ng, tr\u1ee5 s\u1edf ch\u00ednh t\u1ea1i Texas, Hoa K\u1ef3), Ch\u1ee9ng nh\u1eadn l\u00e0 Gi\u00e1m \u0111\u1ecbnh vi\u00ean trong vi\u1ec7c ph\u00f2ng ch\u1ed1ng, ph\u00e1t hi\u1ec7n v\u00e0 ng\u0103n ch\u1eb7n gian l\u1eadn.<\/p>\n<\/section>\n<h3 id=\"anti-fraud02\" class=\"ttl3_02\">\u0110\u1eb7c \u0111i\u1ec3m v\u00e0 b\u1ed1i c\u1ea3nh gian l\u1eadn trong doanh nghi\u1ec7p t\u1ea1i Vi\u1ec7t Nam<\/h3>\n<section class=\"clearfix\">\n<p class=\"anti-fraud02\">M\u1eb7c d\u00f9 Vi\u1ec7t Nam c\u00f3 t\u1ed1c \u0111\u1ed9 t\u0103ng tr\u01b0\u1edfng kinh t\u1ebf cao, nh\u01b0ng v\u1eabn c\u1ea7n h\u1ebft s\u1ee9c l\u01b0u \u00fd \u0111\u1ebfn c\u00e1c nguy c\u01a1 gian l\u1eadn v\u00e0 tham nh\u0169ng.<sup>\u203b1<\/sup><br \/>Ngay c\u1ea3 \u1edf c\u00e1c doanh nghi\u1ec7p Nh\u1eadt B\u1ea3n t\u1ea1i Vi\u1ec7t Nam, s\u1ed1 v\u1ee5 gian l\u1eadn d\u01b0\u1eddng nh\u01b0 c\u0169ng cao h\u01a1n so v\u1edbi c\u00e1c n\u01b0\u1edbc kh\u00e1c (bao g\u1ed3m c\u00e1c tr\u01b0\u1eddng h\u1ee3p tham gia gi\u00e1n ti\u1ebfp ho\u1eb7c b\u1ecb li\u00ean \u0111\u1edbi).<br \/>\nNguy\u00ean nh\u00e2n d\u1ec5 x\u1ea3y ra gian l\u1eadn c\u00f3 th\u1ec3 b\u1eaft ngu\u1ed3n t\u1eeb c\u00e1c \u0111\u1eb7c \u0111i\u1ec3m v\u00e0 b\u1ed1i c\u1ea3nh sau \u0111\u00e2y:<\/p>\n<div class=\"anti-fraud_list01\">\n<dl>\n<dt><img loading=\"lazy\" decoding=\"async\" src=\"https:\/\/www.i-glocal.com\/wp-content\/themes\/igl\/images\/anti-fraud_icon01.png\" width=\"119\" height=\"93\" alt=\"Do kho\u1ea3ng c\u00e1ch gi\u00e0u ngh\u00e8o r\u00f5 r\u1ec7t\"><\/dt>\n<dd>Do kho\u1ea3ng c\u00e1ch <br \/>gi\u00e0u ngh\u00e8o r\u00f5 r\u1ec7t<\/dd>\n<\/dl>\n<dl>\n<dt><img loading=\"lazy\" decoding=\"async\" src=\"https:\/\/www.i-glocal.com\/wp-content\/themes\/igl\/images\/anti-fraud_icon02.png\" width=\"119\" height=\"93\" alt=\"Do th\u00f4ng \u0111\u1ed3ng v\u1edbi \u0111\u1ed1i t\u00e1c kinh doanh, nh\u00e2n vi\u00ean kh\u00e1c ho\u1eb7c ng\u01b0\u1eddi th\u00e2n\"><\/dt>\n<dd>Do th\u00f4ng \u0111\u1ed3ng v\u1edbi \u0111\u1ed1i t\u00e1c <br \/>kinh doanh, nh\u00e2n vi\u00ean kh\u00e1c <br \/>ho\u1eb7c ng\u01b0\u1eddi th\u00e2n<\/dd>\n<\/dl>\n<dl>\n<dt><img loading=\"lazy\" decoding=\"async\" src=\"https:\/\/www.i-glocal.com\/wp-content\/themes\/igl\/images\/anti-fraud_icon03.png\" width=\"119\" height=\"93\" alt=\"T\u00ednh c\u00e1 nh\u00e2n h\u00f3a trong c\u00f4ng vi\u1ec7c, ph\u1ee5 thu\u1ed9c v\u00e0o c\u00e1c nh\u00e2n vi\u00ean k\u1ef3 c\u1ef1u\"><\/dt>\n<dd>T\u00ednh c\u00e1 nh\u00e2n h\u00f3a trong <br \/>c\u00f4ng vi\u1ec7c, ph\u1ee5 thu\u1ed9c v\u00e0o <br \/>c\u00e1c nh\u00e2n vi\u00ean k\u1ef3 c\u1ef1u<\/dd>\n<\/dl>\n<dl>\n<dt><img loading=\"lazy\" decoding=\"async\" src=\"https:\/\/www.i-glocal.com\/wp-content\/themes\/igl\/images\/anti-fraud_icon04.png\" width=\"119\" height=\"93\" alt=\"Do thi\u1ebfu ki\u1ebfn th\u1ee9c\/ nh\u1eadn th\u1ee9c v\u1ec1 t\u00ednh tu\u00e2n th\u1ee7 c\u1ee7a nh\u00e2n vi\u00ean\"><\/dt>\n<dd>Do thi\u1ebfu ki\u1ebfn th\u1ee9c\/ <br \/>nh\u1eadn th\u1ee9c v\u1ec1 t\u00ednh <br \/>tu\u00e2n th\u1ee7 c\u1ee7a nh\u00e2n vi\u00ean<\/dd>\n<\/dl>\n<\/div>\n<p class=\"note\">\u203b1: Theo b\u1ea3ng x\u1ebfp h\u1ea1ng &#8220;Ch\u1ec9 s\u1ed1 Nh\u1eadn th\u1ee9c Tham nh\u0169ng (Corruption Perceptions Index \u2013 CPI) v\u00e0o n\u0103m 2020&#8221; do T\u1ed5 ch\u1ee9c Minh b\u1ea1ch Qu\u1ed1c t\u1ebf th\u1ef1c hi\u1ec7n, Vi\u1ec7t Nam x\u1ebfp th\u1ee9 104\/180 qu\u1ed1c gia (Nh\u1eadt B\u1ea3n x\u1ebfp h\u1ea1ng th\u1ee9 19).<\/p>\n<p class=\"note01\">Ngu\u1ed3n: Transparency International\u3000<a href=\"https:\/\/www.transparency.org\/en\/cpi\/2020\/index\/vnm\" target=\"_blank\" rel=\"noopener\">https:\/\/www.transparency.org\/en\/cpi\/2020\/index\/vnm<\/a><\/p>\n<\/section>\n<h3 id=\"anti-fraud03\" class=\"ttl3_02\">L\u0129nh v\u1ef1c h\u1ed7 tr\u1ee3 c\u1ee7a I-GLOCAL<\/h3>\n<section class=\"clearfix\">\n<p class=\"anti-fraud02\">I-GLOCAL s\u1ebd h\u1ed7 tr\u1ee3 m\u1ea1nh m\u1ebd vi\u1ec7c th\u00fac \u0111\u1ea9y c\u00e1c gi\u1ea3i ph\u00e1p ph\u00e1t hi\u1ec7n v\u00e0 ph\u00f2ng ch\u1ed1ng gian l\u1eadn trong c\u00e1c doanh nghi\u1ec7p Nh\u1eadt B\u1ea3n t\u1ea1i Vi\u1ec7t Nam v\u00e0 vi\u1ec7c tr\u1ef1c quan h\u00f3a c\u00f4ng t\u00e1c qu\u1ea3n l\u00fd c\u00f4ng vi\u1ec7c n\u1ed9i b\u1ed9.<\/p>\n<p class=\"center box_pc\"><img loading=\"lazy\" decoding=\"async\" src=\"https:\/\/www.i-glocal.com\/wp-content\/themes\/igl\/images\/anti-fraud_img02_vi.jpg\" width=\"908\" height=\"577\" alt=\"L\u0129nh v\u1ef1c h\u1ed7 tr\u1ee3 c\u1ee7a I-GLOCAL\"><\/p>\n<p class=\"center box_sp\"><img loading=\"lazy\" decoding=\"async\" src=\"https:\/\/www.i-glocal.com\/wp-content\/themes\/igl\/images\/anti-fraud_img02_vi_sp.jpg\" width=\"343\" height=\"512\" alt=\"L\u0129nh v\u1ef1c h\u1ed7 tr\u1ee3 c\u1ee7a I-GLOCAL\"><\/p>\n<\/section>\n<h3 id=\"anti-fraud04\" class=\"ttl3_02\">M\u1ed9t s\u1ed1 v\u00ed d\u1ee5 v\u1ec1 d\u1ecbch v\u1ee5 ph\u00f9 h\u1ee3p v\u1edbi t\u1eebng tr\u01b0\u1eddng h\u1ee3p<\/h3>\n<section class=\"clearfix\">\n<div class=\"anti-fraud_list_frame\">\n<div class=\"under_framemain last\">\n<p class=\"under_framemain_ttl\">Ki\u1ec3m tra kh\u1ea3 n\u0103ng gian l\u1eadn<\/p>\n<ul class=\"list01\">\n<li>Ki\u1ec3m tra t\u00ecnh h\u00ecnh th\u1ef1c hi\u1ec7n c\u00e1c bi\u1ec7n ph\u00e1p ph\u00f2ng ch\u1ed1ng gian l\u1eadn trong th\u1ef1c t\u1ebf\n<ul class=\"list01_in\">\n<li>&#8211; Ph\u00e2n chia c\u00f4ng vi\u1ec7c<\/li>\n<li>&#8211; Ti\u1ebfp nh\u1eadn b\u00e1o gi\u00e1 t\u1eeb nhi\u1ec1u nh\u00e0 cung c\u1ea5p v\u00e0 so s\u00e1nh \u0111\u1ed1i chi\u1ebfu<\/li>\n<li>&#8211; \u0110i\u1ec1u chuy\u1ec3n c\u00f4ng vi\u1ec7c<\/li>\n<li>&#8211; H\u1ec7 th\u1ed1ng t\u1ed1 gi\u00e1c vi ph\u1ea1m n\u1ed9i b\u1ed9<\/li>\n<li>&#8211; \u0110\u00e0o t\u1ea1o k\u1ef9 n\u0103ng tu\u00e2n th\u1ee7<\/li>\n<\/ul>\n<\/li>\n<li>Ti\u1ebfn h\u00e0nh kh\u1ea3o s\u00e1t \u1ea9n danh cho nh\u00e2n vi\u00ean<\/li>\n<li>Xem x\u00e9t h\u1ec7 th\u1ed1ng ki\u1ec3m so\u00e1t n\u1ed9i b\u1ed9 \u0111\u1ed1i v\u1edbi ho\u1ea1t \u0111\u1ed9ng mua h\u00e0ng, thanh to\u00e1n, v.v.<\/li>\n<\/ul>\n<p class=\"anti-fraud_img01\"><img loading=\"lazy\" decoding=\"async\" src=\"https:\/\/www.i-glocal.com\/wp-content\/themes\/igl\/images\/anti-fraud_img03.jpg\" width=\"381\" height=\"200\" alt=\"Ki\u1ec3m tra kh\u1ea3 n\u0103ng gian l\u1eadn\"><\/p>\n<\/div>\n<div class=\"anti-fraud_frame_right\">\n<div class=\"under_framemain\">\n<p class=\"under_framemain_ttl\">\u0110i\u1ec1u tra h\u00e0nh vi gian l\u1eadn<\/p>\n<ul class=\"list01\">\n<li>Ph\u00e2n t\u00edch c\u00e1c giao d\u1ecbch thanh to\u00e1n<\/li>\n<li>Ki\u1ec3m tra ch\u1ecdn m\u1eabu c\u00e1c lo\u1ea1i giao d\u1ecbch b\u1ecb nghi ng\u1edd l\u00e0 gian l\u1eadn<\/li>\n<li>\u0110i\u1ec1u tra e-mail c\u00f4ng ty, SNS n\u1ed9i b\u1ed9 (\u0111\u0103ng nh\u1eadp b\u1eb1ng t\u00e0i kho\u1ea3n c\u00f4ng ty)<\/li>\n<li>Ph\u1ecfng v\u1ea5n nghi ph\u1ea1m<\/li>\n<li>Ph\u1ecfng v\u1ea5n nh\u00e0 cung c\u1ea5p v\u00e0 c\u00e1c b\u00ean li\u00ean quan kh\u00e1c, v.v.<\/li>\n<\/ul>\n<p class=\"anti-fraud_note\">\u203bT\u00f9y tr\u01b0\u1eddng h\u1ee3p c\u00f3 th\u1ec3 s\u1ebd c\u1ed9ng t\u00e1c v\u1edbi lu\u1eadt s\u01b0 ho\u1eb7c c\u00e1c chuy\u00ean gia kh\u00e1c ngo\u00e0i I-GLOCAL.<\/p>\n<\/div>\n<div class=\"under_framemain\">\n<p class=\"under_framemain_ttl\">D\u1ecbch v\u1ee5 t\u00ednh v\u00e0 chi tr\u1ea3 l\u01b0\u01a1ng<\/p>\n<ul class=\"list01\">\n<li>\u0110\u1ea3m b\u1ea3o t\u00ednh minh b\u1ea1ch trong nghi\u1ec7p v\u1ee5 t\u00ednh v\u00e0 chi tr\u1ea3 l\u01b0\u01a1ng\n<ul class=\"list01_in list01_in01\">\n<li>-T\u1ef1 \u0111\u1ed9ng t\u00ednh l\u01b0\u01a1ng v\u00e0 b\u1ea3o hi\u1ec3m x\u00e3 h\u1ed9i do s\u1eed d\u1ee5ng h\u1ec7 th\u1ed1ng t\u00ednh l\u01b0\u01a1ng tr\u00ean n\u1ec1n t\u1ea3ng cloud<\/li>\n<li>-D\u1ecbch v\u1ee5 chi tr\u1ea3 l\u01b0\u01a1ng v\u00e0 b\u1ea3o hi\u1ec3m x\u00e3 h\u1ed9i<\/li>\n<\/ul>\n<\/li>\n<\/ul>\n<p class=\"anti-fraud_note\">\u203bNh\u1eefng d\u1ecbch v\u1ee5 n\u00e0y do VPO (Vina Payroll Outsourcing) &#8211; C\u00f4ng ty thu\u1ed9c t\u1eadp \u0111o\u00e0n I-GLOCAL h\u1ed7 tr\u1ee3 cung c\u1ea5p.<\/p>\n<\/div>\n<\/div>\n<\/div>\n<\/section>\n<h3 id=\"anti-fraud05\" class=\"ttl3_02\">L\u00fd do \u0111\u1ec3 l\u1ef1a ch\u1ecdn I-GLOCAL<\/h3>\n<section class=\"clearfix\">\n<div class=\"anti-fraud_list_frame\">\n<div class=\"under_framemain\">\n<p class=\"under_framemain_ttl\">C\u00e1c nh\u00e2n vi\u00ean n\u00f2ng c\u1ed1t c\u00f3 tr\u00ecnh \u0111\u1ed9 chuy\u00ean m\u00f4n cao<\/p>\n<ul class=\"list01\">\n<li>Ki\u1ec3m to\u00e1n vi\u00ean c\u00f4ng ch\u1ee9ng\/ Ch\u1ee9ng ch\u1ec9 h\u00e0nh ngh\u1ec1 thu\u1ebf Nh\u1eadt B\u1ea3n<\/li>\n<li>Ki\u1ec3m to\u00e1n vi\u00ean c\u00f4ng ch\u1ee9ng\/ Ch\u1ee9ng ch\u1ec9 h\u00e0nh ngh\u1ec1 thu\u1ebf Vi\u1ec7t Nam<\/li>\n<li>\u0110\u1ed9i ng\u0169 nh\u00e2n vi\u00ean th\u00e0nh th\u1ea1o hai ng\u00f4n ng\u1eef Nh\u1eadt &#8211; Vi\u1ec7t, c\u00f3 h\u01a1n 10 n\u0103m kinh nghi\u1ec7m th\u1ef1c t\u1ebf t\u1ea1i C\u00f4ng ty.<\/li>\n<li>Gi\u00e1m \u0111\u1ecbnh vi\u00ean v\u1ec1 ph\u00f2ng ch\u1ed1ng gian l\u1eadn<\/li>\n<\/ul>\n<\/div>\n<div class=\"under_framemain\">\n<p class=\"under_framemain_ttl\">C\u00e1c th\u00e0nh t\u1ef1u h\u1ed7 tr\u1ee3 n\u1ed5i b\u1eadt cho c\u00e1c doanh nghi\u1ec7p Nh\u1eadt B\u1ea3n<\/p>\n<p>S\u1edf h\u1eefu th\u00e0nh t\u1ef1u h\u00e0ng \u0111\u1ea7u v\u1ec1 s\u1ed1 l\u01b0\u1ee3ng kh\u00e1ch h\u00e0ng v\u00e0 d\u1ef1 \u00e1n \u0111\u1ebfn t\u1eeb c\u00e1c doanh nghi\u1ec7p Nh\u1eadt B\u1ea3n t\u1ea1i Vi\u1ec7t Nam, I-GLOCAL hi\u1ec3u r\u00f5 nhu c\u1ea7u, g\u00f3c nh\u00ecn c\u1ee7a c\u1ea3 c\u00f4ng ty m\u1eb9 v\u00e0 c\u00f4ng ty con t\u1ea1i Vi\u1ec7t Nam, t\u1eeb \u0111\u00f3 cung c\u1ea5p c\u00e1c d\u1ecbch v\u1ee5 h\u1ed7 tr\u1ee3 chuy\u00ean s\u00e2u v\u00e0 chi ti\u1ebft.<\/p>\n<\/div>\n<div class=\"under_framemain\">\n<p class=\"under_framemain_ttl\">H\u1ec7 th\u1ed1ng h\u1ed7 tr\u1ee3 nhanh ch\u00f3ng<\/p>\n<p>Nh\u00e2n vi\u00ean ph\u1ee5 tr\u00e1ch s\u1ebd ki\u1ec3m tra ti\u1ebfn \u0111\u1ed9 tr\u1ef1c ti\u1ebfp t\u1ea1i doanh nghi\u1ec7p, h\u1ed7 tr\u1ee3 chia s\u1ebb th\u00f4ng tin k\u1ecbp th\u1eddi gi\u1eefa c\u00e1c b\u00ean li\u00ean quan v\u00e0 lo\u1ea1i b\u1ecf c\u00e1c tr\u1edf ng\u1ea1i.<\/p>\n<\/div>\n<\/div>\n<\/section>\n<section class=\"clearfix business_report\">\n<p class=\"business_report_ttl\">B\u00e1o c\u00e1o li\u00ean quan <\/p>\n<dl>\n<dt>I-GLOCAL\u30fbB\u00e1o c\u00e1o t\u1ea1i Vi\u1ec7t Nam\u3000<br class=\"box_sp\">\uff5eThu\u1ebf v\u00e0 K\u1ebf to\u00e1n<\/dt>\n<dd><a href=\"https:\/\/www.i-glocal.com\/wp-content\/uploads\/2023\/06\/igl_tax_2021_6_14.pdf\" target=\"_blank\" rel=\"noopener\">K\u1ebft qu\u1ea3 v\u00e0 bi\u1ec7n ph\u00e1p th\u1ea9m \u0111\u1ecbnh chuy\u00ean s\u00e2u (Due Diligence &#8211; D.D) v\u1edbi c\u00e1c c\u00f4ng ty Vi\u1ec7t Nam<\/a><\/dd>\n<\/dl>\n<dl>\n<dt>I-GLOCAL\u30fbB\u00e1o c\u00e1o t\u1ea1i Vi\u1ec7t Nam\u3000<br class=\"box_sp\">\uff5eThu\u1ebf v\u00e0 K\u1ebf to\u00e1n<\/dt>\n<dd><a href=\"https:\/\/www.i-glocal.com\/wp-content\/uploads\/2023\/06\/igl_tax_2021_06_10.pdf\" target=\"_blank\" rel=\"noopener\">C\u00e1c quy \u0111\u1ecbnh n\u1ed9i b\u1ed9 do c\u00f4ng ty con Vi\u1ec7t Nam x\u00e2y d\u1ef1ng<\/a><\/dd>\n<\/dl>\n<dl>\n<dt>I-GLOCAL\u30fbB\u00e1o c\u00e1o t\u1ea1i Vi\u1ec7t Nam\u3000<br class=\"box_sp\">\uff5eThu\u1ebf v\u00e0 K\u1ebf to\u00e1n<\/dt>\n<dd><a href=\"https:\/\/www.i-glocal.com\/wp-content\/uploads\/2023\/06\/igl_inv_2020_12_29.pdf\" target=\"_blank\" rel=\"noopener\">Nh\u1eefng \u0111i\u1ec3m c\u1ea7n l\u01b0u \u00fd \u0111\u1ed1i v\u1edbi c\u00f4ng ty tr\u00e1ch nhi\u1ec7m h\u1eefu h\u1ea1n theo Lu\u1eadt Doanh Nghi\u1ec7p m\u1edbi<\/a><\/dd>\n<\/dl>\n<\/section>\n<p class=\"button\"><a href=\"https:\/\/www.i-glocal.com\/contact\/\">Li\u00ean h\u1ec7 v\u1edbi ch\u00fang t\u00f4i t\u1ea1i \u0111\u00e2y<\/a><\/p>\n","protected":false},"excerpt":{"rendered":"<p>I-GLOCAL cung c\u1ea5p nhi\u1ec1u d\u1ecbch v\u1ee5 \u0111a d\u1ea1ng nh\u1eb1m t\u1ed5 ch\u1ee9c ph\u00f2ng ch\u1ed1ng v\u00e0 ph\u00e1t hi\u1ec7n gian l\u1eadn &#8211; m\u1ed9t trong nh\u1eefng nghi\u1ec7p v\u1ee5 quan tr\u1ecdng trong ho\u1ea1t \u0111\u1ed9ng kinh doanh t\u1ea1i Vi\u1ec7t Nam Gi\u1ea3i ph\u00e1p ph\u00f2ng ch\u1ed1ng gian l\u1eadn \u0111\u01b0\u1ee3c t\u01b0 v\u1ea5n b\u1edfi Gi\u00e1m \u0111\u1ecbnh vi\u00ean v\u1ec1 ph\u00f2ng ch\u1ed1ng gian l\u1eadn \u0110\u1eb7c \u0111i\u1ec3m v\u00e0 [&hellip;]<\/p>\n","protected":false},"author":2,"featured_media":0,"parent":558,"menu_order":0,"comment_status":"closed","ping_status":"closed","template":"","meta":{"om_disable_all_campaigns":false,"_monsterinsights_skip_tracking":false,"_monsterinsights_sitenote_active":false,"_monsterinsights_sitenote_note":"","_monsterinsights_sitenote_category":0,"_locale":"vi","_original_post":"http:\/\/i-glocal-com.check-xserver.jp\/?page_id=825","footnotes":""},"class_list":["post-828","page","type-page","status-publish","hentry","vi"],"acf":[],"aioseo_notices":[],"_links":{"self":[{"href":"https:\/\/www.i-glocal.com\/wp-json\/wp\/v2\/pages\/828","targetHints":{"allow":["GET"]}}],"collection":[{"href":"https:\/\/www.i-glocal.com\/wp-json\/wp\/v2\/pages"}],"about":[{"href":"https:\/\/www.i-glocal.com\/wp-json\/wp\/v2\/types\/page"}],"author":[{"embeddable":true,"href":"https:\/\/www.i-glocal.com\/wp-json\/wp\/v2\/users\/2"}],"replies":[{"embeddable":true,"href":"https:\/\/www.i-glocal.com\/wp-json\/wp\/v2\/comments?post=828"}],"version-history":[{"count":14,"href":"https:\/\/www.i-glocal.com\/wp-json\/wp\/v2\/pages\/828\/revisions"}],"predecessor-version":[{"id":1301,"href":"https:\/\/www.i-glocal.com\/wp-json\/wp\/v2\/pages\/828\/revisions\/1301"}],"up":[{"embeddable":true,"href":"https:\/\/www.i-glocal.com\/wp-json\/wp\/v2\/pages\/558"}],"wp:attachment":[{"href":"https:\/\/www.i-glocal.com\/wp-json\/wp\/v2\/media?parent=828"}],"curies":[{"name":"wp","href":"https:\/\/api.w.org\/{rel}","templated":true}]}}