{"id":821,"date":"2023-05-19T19:06:21","date_gmt":"2023-05-19T10:06:21","guid":{"rendered":"http:\/\/i-glocal-com.check-xserver.jp\/?page_id=821"},"modified":"2023-06-29T10:42:40","modified_gmt":"2023-06-29T01:42:40","slug":"pmi-support","status":"publish","type":"page","link":"https:\/\/www.i-glocal.com\/vi\/ourservices\/pmi-support\/","title":{"rendered":"PMI Support"},"content":{"rendered":"<dl class=\"business_box01\">\n<dt>\n<ul class=\"business_box01_slider\">\n<li><img loading=\"lazy\" decoding=\"async\" src=\"https:\/\/www.i-glocal.com\/wp-content\/themes\/igl\/images\/pmi_img01.jpg\" alt=\"I-GLOCAL\u306f\u3001\u30d9\u30c8\u30ca\u30e0M&#038;A\u306e\u6210\u5426\u3092\u5de6\u53f3\u3059\u308bPMI\u3092\u5f37\u529b\u306b\u63a8\u9032\u3057\u307e\u3059\u3002\" width=\"1300\" height=\"500\"><\/li>\n<p><!--\n\n<li><img loading=\"lazy\" decoding=\"async\" src=\"[tmpurl]\/images\/pmi_img02.jpg\" alt=\"I-GLOCAL\u306f\u3001\u30d9\u30c8\u30ca\u30e0M&A\u306e\u6210\u5426\u3092\u5de6\u53f3\u3059\u308bPMI\u3092\u5f37\u529b\u306b\u63a8\u9032\u3057\u307e\u3059\u3002\" width=\"1300\" height=\"500\"><\/li>\n\n\n\n\n<li><img loading=\"lazy\" decoding=\"async\" src=\"[tmpurl]\/images\/pmi_img03.jpg\" alt=\"I-GLOCAL\u306f\u3001\u30d9\u30c8\u30ca\u30e0M&A\u306e\u6210\u5426\u3092\u5de6\u53f3\u3059\u308bPMI\u3092\u5f37\u529b\u306b\u63a8\u9032\u3057\u307e\u3059\u3002\" width=\"1300\" height=\"500\"><\/li>\n\n-->\n<\/ul>\n<\/dt>\n<dd>I-GLOCAL hi\u1ec7n \u0111ang th\u00fac \u0111\u1ea9y m\u1ea1nh m\u1ebd ho\u1ea1t \u0111\u1ed9ng PMI &#8211; <br class=\"box_pc\">y\u1ebfu t\u1ed1 quy\u1ebft \u0111\u1ecbnh s\u1ef1 th\u00e0nh b\u1ea1i c\u1ee7a d\u1ef1 \u00e1n M&amp;A t\u1ea1i Vi\u1ec7t Nam.<\/dd>\n<\/dl>\n<ul class=\"anchor_link pmi_anchor_link\">\n<li><a href=\"#pmi_ttl01\">PMI l\u00e0 g\u00ec?<\/a><\/li>\n<li><a href=\"#pmi_ttl02\">D\u1ecbch v\u1ee5 h\u1ed7 tr\u1ee3 <br \/>t\u1eeb I-GLOCAL<\/a><\/li>\n<li><a href=\"#pmi_ttl03\">V\u00ec sao n\u00ean <br \/>ch\u1ecdn I-GLOCAL?<\/a><\/li>\n<li><a href=\"#pmi_ttl04\">Quy tr\u00ecnh h\u1ed7 tr\u1ee3 PMI <br \/>t\u1eeb I-GLOCAL<\/a><\/li>\n<\/ul>\n<h3 id=\"pmi_ttl01\" class=\"ttl3_02\">PMI l\u00e0 g\u00ec?<\/h3>\n<section class=\"clearfix\">\n<p class=\"pmi_txtmain\">\u0110\u00e2y l\u00e0 qu\u00e1 tr\u00ecnh gi\u1ea3i quy\u1ebft t\u1eebng v\u1ea5n \u0111\u1ec1 \u30fbx\u00e1c nh\u1eadn nh\u1eefng th\u00e1ch th\u1ee9c v\u1ec1 m\u1eb7t qu\u1ea3n l\u00fd  \u0111ang l\u00e0 <br class=\"box_pc\">tr\u1edf ng\u1ea1i \u0111\u1ec3 c\u00f4ng ty b\u1ecb mua \u0111\u1ea1t \u0111\u01b0\u1ee3c s\u1ef1 t\u0103ng tr\u01b0\u1edfng d\u00e0i h\u1ea1n v\u1edbi t\u01b0 c\u00e1ch l\u00e0 m\u1ed9t th\u00e0nh vi\u00ean c\u1ee7a c\u00f4ng ty m\u1eb9. <br \/> <span class=\"pmi_txtmain_small\">\u203b PMI l\u00e0 t\u1eeb vi\u1ebft t\u1eaft c\u1ee7a Post Merger Integration, ngh\u0129a l\u00e0 c\u00f4ng vi\u1ec7c t\u00edch h\u1ee3p sau mua l\u1ea1i<\/span><\/p>\n<p class=\"pmi_title01\">C\u00e1c th\u1ee7 t\u1ee5c v\u00e0 quy tr\u00ecnh l\u00e0m vi\u1ec7c \u0111\u1ec3 mua l\u1ea1i th\u00f4ng qua vi\u1ec7c mua l\u1ea1i c\u1ed5 phi\u1ebfu t\u1ea1i Vi\u1ec7t Nam<\/p>\n<div class=\"pmi_list\">\n<div class=\"pmi_left\">\n<dl>\n<dt><span class=\"pmi_number\">1<\/span>\u0110i\u1ec1u kho\u1ea3n \u0111\u00e0m ph\u00e1n<\/dt>\n<dd><img loading=\"lazy\" decoding=\"async\" src=\"https:\/\/www.i-glocal.com\/wp-content\/themes\/igl\/images\/pmi_icon01.png\" width=\"141\" height=\"103\" alt=\"\u0110i\u1ec1u kho\u1ea3n \u0111\u00e0m ph\u00e1n\"><\/dd>\n<\/dl>\n<ul class=\"list01\">\n<li class=\"last\">Nh\u01b0 l\u00e0:<\/li>\n<li>Th\u1ea9m \u0111\u1ecbnh doanh nghi\u1ec7p (DD)\u30fb<br \/>\u0110\u00e0m ph\u00e1n c\u00e1c \u0111i\u1ec1u kho\u1ea3n kh\u00e1c nhau<\/li>\n<li>\u0110\u1ecbnh gi\u00e1<\/li>\n<li>K\u00fd k\u1ebft LOI<\/li>\n<li>Th\u1ecfa thu\u1eadn \u0111i\u1ec1u kho\u1ea3n mua l\u1ea1i<\/li>\n<\/ul>\n<\/div>\n<div class=\"pmi_right\">\n<div class=\"pmi_detail\">\n<dl>\n<dt><span class=\"pmi_number\">2<\/span>Ti\u1ebfn h\u00e0nh M&amp;A<\/dt>\n<dd><img loading=\"lazy\" decoding=\"async\" src=\"https:\/\/www.i-glocal.com\/wp-content\/themes\/igl\/images\/pmi_icon02.png\" width=\"141\" height=\"103\" alt=\"Ti\u1ebfn h\u00e0nh M&amp;A\"><\/dd>\n<\/dl>\n<ul class=\"list01\">\n<li class=\"last\">Nh\u01b0 l\u00e0:<\/li>\n<li>Th\u1ee7 t\u1ee5c xin \u0111i\u1ec1u ch\u1ec9nh Gi\u1ea5y ch\u1ee9ng nh\u1eadn \u0111\u0103ng k\u00fd doanh nghi\u1ec7p (ERC) \/ <br \/>Gi\u1ea5y ch\u1ee9ng nh\u1eadn \u0111\u0103ng k\u00fd \u0111\u1ea7u t\u01b0 (IRC)<\/li>\n<li>K\u00ea khai thu\u1ebf chuy\u1ec3n l\u1ee3i nhu\u1eadn<\/li>\n<\/ul>\n<\/div>\n<div class=\"pmi_detail\">\n<dl>\n<dt><span class=\"pmi_number\">3<\/span>PMI<\/dt>\n<dd><img loading=\"lazy\" decoding=\"async\" src=\"https:\/\/www.i-glocal.com\/wp-content\/themes\/igl\/images\/pmi_icon03.png\" width=\"141\" height=\"103\" alt=\"PMI\"><\/dd>\n<\/dl>\n<ul class=\"list01\">\n<li>R\u00e0 so\u00e1t v\u00e0 ph\u00e2n t\u00edch t\u1ea7m nh\u00ecn qu\u1ea3n l\u00fd<\/li>\n<li>Ki\u1ec3m tra ho\u1ea1t \u0111\u1ed9ng c\u1ee7a c\u00e1c ph\u00f2ng ban<br \/> -B\u00e1n h\u00e0ng \/ Mua h\u00e0ng \/ Qu\u1ea3n l\u00fd s\u1ea3n xu\u1ea5t<br \/> -K\u1ebf to\u00e1n \/ T\u00e0i ch\u00ednh \/ Qu\u1ea3n tr\u1ecb<br \/> -\u0110\u00e1nh gi\u00e1 nh\u00e2n s\u1ef1 \/ Lao \u0111\u1ed9ng<\/li>\n<\/ul>\n<\/div>\n<\/div>\n<\/div>\n<div class=\"under_framemain\">\n<p class=\"under_framemain_ttl\">R\u1ee7i ro khi k\u1ebft qu\u1ea3 PMI kh\u00f4ng \u0111\u1ea1t<\/p>\n<div class=\"under_framemain_list\">\n<dl class=\"pmi_half\">\n<dt>R\u1ee7i ro th\u00f4ng th\u01b0\u1eddng<\/dt>\n<dd>\n<ul class=\"list01\">\n<li>Hi\u1ec7u su\u1ea5t d\u01b0\u1edbi m\u1ee9c mong \u0111\u1ee3i t\u1ea1i th\u1eddi \u0111i\u1ec3m mua l\u1ea1i<\/li>\n<li>Ch\u1eadm tr\u1ec5 trong x\u1eed l\u00fd c\u00f4ng vi\u1ec7c<\/li>\n<li>C\u00f4ng t\u00e1c k\u1ebf to\u00e1n v\u00e0 nghi\u1ec7p v\u1ee5 thu\u1ebf kh\u00f4ng ch\u00ednh x\u00e1c<\/li>\n<li>T\u1ef7 l\u1ec7 th\u00f4i vi\u1ec7c c\u1ee7a nh\u00e2n vi\u00ean cao \/ \u0111\u1ed9ng l\u1ef1c l\u00e0m vi\u1ec7c th\u1ea5p<\/li>\n<\/ul>\n<\/dd>\n<\/dl>\n<dl class=\"pmi_half\">\n<dt>Nh\u1eefng r\u1ee7i ro \u0111\u1eb7c th\u00f9 c\u1ee7a Vi\u1ec7t Nam<\/dt>\n<dd>\n<ul class=\"list01\">\n<li>R\u1ee7i ro gian l\u1eadn \/ thi\u1ebfu tu\u00e2n th\u1ee7<\/li>\n<li>R\u1ee7i ro v\u1ec1 ph\u00e1t sinh m\u1ed9t kho\u1ea3n l\u1edbn v\u1ec1 n\u1ee3 thu\u1ebf, ch\u1eadm n\u1ed9p thu\u1ebf<\/li>\n<li>Quy \u0111\u1ecbnh n\u1ed9i b\u1ed9 ch\u01b0a ch\u1eb7t ch\u1ebd v\u00e0 r\u00e0o c\u1ea3n ng\u00f4n ng\u1eef<\/li>\n<\/ul>\n<\/dd>\n<\/dl>\n<\/div>\n<\/div>\n<\/section>\n<h3 id=\"pmi_ttl02\" class=\"ttl3_02\">D\u1ecbch v\u1ee5 h\u1ed7 tr\u1ee3 t\u1eeb I-GLOCAL<\/h3>\n<section class=\"clearfix\">\n<p class=\"pmi_txtmain\">\u0110\u1ed9i ng\u0169 chuy\u00ean gia h\u1ed7 tr\u1ee3 ho\u1ea1t \u0111\u1ed9ng PMI s\u1ebd tr\u1ef1c ti\u1ebfp x\u00e1c nh\u1eadn c\u00e1c v\u1ea5n \u0111\u1ec1 b\u1ea5t c\u1eadp ngay <br class=\"box_pc\">t\u1ea1i doanh nghi\u1ec7p v\u00e0 th\u00fac \u0111\u1ea9y h\u01b0\u1edbng x\u1eed l\u00fd m\u1ed9t c\u00e1ch nhanh ch\u00f3ng.<\/p>\n<div class=\"under_framemain\">\n<p class=\"under_framemain_ttl\">Tr\u01b0\u1eddng h\u1ee3p \u0111i\u1ec3n h\u00ecnh v\u1ec1 c\u00e1c d\u1ecbch v\u1ee5 kh\u1eafc ph\u1ee5c<\/p>\n<div class=\"under_framemain_list\">\n<dl class=\"pmi_full\">\n<dt class=\"under_framemain_img\"> <span class=\"img box_pc\"><img loading=\"lazy\" decoding=\"async\" src=\"https:\/\/www.i-glocal.com\/wp-content\/themes\/igl\/images\/pmi_img04.jpg\" width=\"210\" height=\"120\" alt=\" K\u1ebf to\u00e1n thu\u1ebf\"><\/span><br \/>\n<span class=\"img box_sp\"><img loading=\"lazy\" decoding=\"async\" src=\"https:\/\/www.i-glocal.com\/wp-content\/themes\/igl\/images\/pmi_img04_sp.jpg\" width=\"270\" height=\"100\" alt=\" K\u1ebf to\u00e1n thu\u1ebf\"><\/span> <span class=\"txt\"> K\u1ebf to\u00e1n thu\u1ebf<\/span><\/dt>\n<dd>\n<ul class=\"list01\">\n<li>\u0110\u1ed1i \u1ee9ng ph\u00f3 v\u1edbi c\u00e1c r\u1ee7i ro \u0111\u01b0\u1ee3c x\u00e1c \u0111\u1ecbnh th\u00f4ng qua th\u1ea9m \u0111\u1ecbnh (DD) (x\u00f3a s\u1ed5 k\u00e9p, v.v.)<\/li>\n<li>H\u1ed7 tr\u1ee3 \u0111\u1ea9y nhanh ti\u1ebfn \u0111\u1ed9 l\u00ean b\u00e1o c\u00e1o kinh doanh h\u00e0ng th\u00e1ng \u30fbh\u1ed7 tr\u1ee3 l\u00ean b\u00e1o c\u00e1o kinh doanh h\u00e0ng th\u00e1ng <\/li>\n<li>\u0110\u1ed1i \u1ee9ng thanh tra thu\u1ebf sau mua l\u1ea1i<\/li>\n<li>Ph\u00e2n t\u00edch s\u1ef1 kh\u00e1c bi\u1ec7t gi\u1eefa ch\u00ednh s\u00e1ch k\u1ebf to\u00e1n c\u00f4ng ty con v\u00e0 ch\u00ednh s\u00e1ch k\u1ebf to\u00e1n PKG h\u1ee3p nh\u1ea5t c\u1ee7a c\u00f4ng ty m\u1eb9<\/li>\n<\/ul>\n<\/dd>\n<\/dl>\n<dl class=\"pmi_full\">\n<dt class=\"under_framemain_img\"><span class=\"img box_pc\"><img loading=\"lazy\" decoding=\"async\" src=\"https:\/\/www.i-glocal.com\/wp-content\/themes\/igl\/images\/pmi_img05.jpg\" width=\"210\" height=\"120\" alt=\"Qu\u1ea3n tr\u1ecb ki\u1ec3m so\u00e1t n\u1ed9i b\u1ed9\"><\/span><span class=\"img box_sp\"><img loading=\"lazy\" decoding=\"async\" src=\"https:\/\/www.i-glocal.com\/wp-content\/themes\/igl\/images\/pmi_img05_sp.jpg\" width=\"270\" height=\"100\" alt=\"Qu\u1ea3n tr\u1ecb ki\u1ec3m so\u00e1t n\u1ed9i b\u1ed9\"><\/span> <span class=\"txt\">Qu\u1ea3n tr\u1ecb <br \/>ki\u1ec3m so\u00e1t n\u1ed9i b\u1ed9<\/span> <\/dt>\n<dd>\n<ul class=\"list01\">\n<li>Ki\u1ec3m tra t\u00ecnh h\u00ecnh th\u1ef1c t\u1ebf c\u00e1c ho\u1ea1t \u0111\u1ed9ng trong c\u00f4ng t\u00e1c k\u1ebf to\u00e1n<\/li>\n<li>Theo d\u00f5i t\u00ecnh tr\u1ea1ng ho\u1ea1t \u0111\u1ed9ng c\u1ee7a h\u1ec7 th\u1ed1ng ki\u1ec3m so\u00e1t n\u1ed9i b\u1ed9 c\u01a1 b\u1ea3n nh\u01b0 ph\u00e2n chia c\u00f4ng vi\u1ec7c<\/li>\n<li>H\u1ed7 tr\u1ee3 chu\u1ea9n h\u00f3a c\u00e1c quy \u0111\u1ecbnh n\u1ed9i b\u1ed9<\/li>\n<li>Ki\u1ec3m to\u00e1n n\u1ed9i b\u1ed9 nh\u1eb1m ki\u1ec3m tra m\u1ee9c \u0111\u1ed9 tu\u00e2n th\u1ee7 c\u00e1c quy \u0111\u1ecbnh<\/li>\n<\/ul>\n<\/dd>\n<\/dl>\n<dl class=\"pmi_full\">\n<dt class=\"under_framemain_img\"><span class=\"img box_pc\"><img loading=\"lazy\" decoding=\"async\" src=\"https:\/\/www.i-glocal.com\/wp-content\/themes\/igl\/images\/pmi_img06.jpg\" width=\"210\" height=\"120\" alt=\"C\u00e1c bi\u1ec7n ph\u00e1p tu\u00e2n th\u1ee7 gian l\u1eadn\"><\/span><br \/>\n<span class=\"img box_sp\"><img loading=\"lazy\" decoding=\"async\" src=\"https:\/\/www.i-glocal.com\/wp-content\/themes\/igl\/images\/pmi_img06_sp.jpg\" width=\"270\" height=\"100\" alt=\"C\u00e1c bi\u1ec7n ph\u00e1p tu\u00e2n th\u1ee7 gian l\u1eadn\"><\/span><span class=\"txt\">C\u00e1c bi\u1ec7n ph\u00e1p <br \/>tu\u00e2n th\u1ee7 gian l\u1eadn<\/span> <\/dt>\n<dd>\n<ul class=\"list01\">\n<li>Qu\u1ea3n l\u00fd ch\u1ea5m c\u00f4ng\u30fbQuy tr\u00ecnh t\u00ednh l\u01b0\u01a1ng\u30fbKi\u1ec3m tra t\u00ecnh tr\u1ea1ng tham gia b\u1ea3o hi\u1ec3m x\u00e3 h\u1ed9i <\/li>\n<li>So\u00e1t x\u00e9t N\u1ed9i quy lao \u0111\u1ed9ng<\/li>\n<li>\u0110\u00e0o t\u1ea1o tu\u00e2n th\u1ee7 cho nh\u00e2n vi\u00ean <\/li>\n<li>H\u1ed7 tr\u1ee3 chu\u1ea9n h\u00f3a t\u00e0i li\u1ec7u v\u1ec1 quy \u0111\u1ecbnh tu\u00e2n th\u1ee7<\/li>\n<\/ul>\n<\/dd>\n<\/dl>\n<\/div>\n<\/div>\n<\/section>\n<h3 id=\"pmi_ttl03\" class=\"ttl3_02\">V\u00ec sao n\u00ean ch\u1ecdn I-GLOCAL?<\/h3>\n<section class=\"clearfix\">\n<div class=\"under_framemain under_framemain02\">\n<p class=\"under_framemain_ttl\">C\u00e1c th\u00e0nh vi\u00ean tham gia h\u1ed7 tr\u1ee3 c\u00f3 tr\u00ecnh \u0111\u1ed9 chuy\u00ean m\u00f4n cao<\/p>\n<div class=\"under_framemain_info\">\n<p class=\"image_r\"><img loading=\"lazy\" decoding=\"async\" src=\"https:\/\/www.i-glocal.com\/wp-content\/themes\/igl\/images\/pmi_img07.jpg\" width=\"427\" height=\"200\" alt=\"C\u00e1c th\u00e0nh vi\u00ean tham gia h\u1ed7 tr\u1ee3 c\u00f3 tr\u00ecnh \u0111\u1ed9 chuy\u00ean m\u00f4n cao\"><\/p>\n<p class=\"pmi_txt03\">\u0110\u1ed9i ng\u0169 chuy\u00ean gia h\u1ed7 tr\u1ee3 PMI ch\u1ee7 y\u1ebfu bao g\u1ed3m c\u00e1c th\u00e0nh vi\u00ean c\u00f3 tr\u00ecnh \u0111\u1ed9 chuy\u00ean m\u00f4n cao nh\u01b0 sau:<\/p>\n<ul class=\"list01\">\n<li>Ch\u1ee9ng ch\u1ec9 h\u00e0nh ngh\u1ec1 K\u1ebf to\u00e1n &#8211; Thu\u1ebf Nh\u1eadt B\u1ea3n<\/li>\n<li>Ch\u1ee9ng ch\u1ec9 h\u00e0nh ngh\u1ec1 K\u1ebf to\u00e1n &#8211; Thu\u1ebf Vi\u1ec7t Nam<br \/>\nNh\u00e2n s\u1ef1 c\u00f3 kh\u1ea3 n\u0103ng \u0111\u00e1p \u1ee9ng song ng\u1eef Nh\u1eadt-Vi\u1ec7t <br class=\"box_pc\">hay c\u00f3 h\u01a1n 10 n\u0103m kinh nghi\u1ec7m l\u00e0m vi\u1ec7c t\u1ea1i I-GLOCAL<\/li>\n<li>Ch\u1ee9ng ch\u1ec9 ph\u00f2ng ch\u1ed1ng gian l\u1eadn<\/li>\n<\/ul>\n<\/div>\n<\/div>\n<div class=\"pmi_list_frame\">\n<div class=\"under_framemain\">\n<p class=\"under_framemain_ttl\">Th\u00e0nh t\u00edch v\u01b0\u1ee3t tr\u1ed9i trong ho\u1ea1t \u0111\u1ed9ng <br class=\"box_pc\">h\u1ed7 tr\u1ee3 c\u00e1c doanh nghi\u1ec7p Nh\u1eadt B\u1ea3n<\/p>\n<div class=\"under_framemain_info\">\n<p>Ch\u00fang t\u00f4i t\u1ef1 h\u00e0o \u0111\u1ea1t s\u1ed1 l\u01b0\u1ee3ng kh\u00e1ch h\u00e0ng v\u00e0 d\u1ef1 \u00e1n l\u1edbn nh\u1ea5t cho c\u00e1c c\u00f4ng ty Nh\u1eadt B\u1ea3n t\u1ea1i Vi\u1ec7t Nam, trong \u0111\u00f3 ch\u00fang t\u00f4i \u0111\u00e3 h\u1ed7 tr\u1ee3 chuy\u00ean s\u00e2u v\u00e0 chi ti\u1ebft d\u1ef1a tr\u00ean s\u1ef1 hi\u1ec3u bi\u1ebft th\u1ea5u \u0111\u00e1o v\u1ec1 nhu c\u1ea7u v\u00e0 v\u1ecb tr\u00ed c\u1ee7a c\u1ea3 c\u00f4ng ty m\u1eb9 l\u1eabn c\u00f4ng ty con Vi\u1ec7t Nam.<\/p>\n<\/div>\n<\/div>\n<div class=\"under_framemain\">\n<p class=\"under_framemain_ttl\">H\u1ec7 th\u1ed1ng h\u1ed7 tr\u1ee3 nhanh ch\u00f3ng<\/p>\n<div class=\"under_framemain_info\">\n<p>Nh\u00e2n vi\u00ean ph\u1ee5 tr\u00e1ch s\u1ebd ki\u1ec3m tra ti\u1ebfn \u0111\u1ed9 t\u1ea1i ch\u1ed7, chia s\u1ebb k\u1ecbp th\u1eddi v\u1edbi c\u00e1c b\u00ean li\u00ean quan v\u00e0 h\u1ed7 tr\u1ee3 lo\u1ea1i b\u1ecf b\u1ea5t c\u1eadp.<\/p>\n<\/div>\n<\/div>\n<\/div>\n<\/section>\n<h3 id=\"pmi_ttl04\" class=\"ttl3_02\">Quy tr\u00ecnh h\u1ed7 tr\u1ee3 PMI t\u1eeb I-GLOCAL<\/h3>\n<section class=\"clearfix\">\n<div class=\"pmi_steplist\">\n<div class=\"step_detail\">\n<p class=\"step_number\">1<\/p>\n<div class=\"step_info\">\n<dl>\n<dt><img loading=\"lazy\" decoding=\"async\" src=\"https:\/\/www.i-glocal.com\/wp-content\/themes\/igl\/images\/pmi_icon04.png\" width=\"28\" height=\"49\" alt=\"X\u00e1c nh\u1eadn chuy\u1ec3n nh\u01b0\u1ee3ng\"><\/dt>\n<dd>X\u00e1c nh\u1eadn chuy\u1ec3n nh\u01b0\u1ee3ng<\/dd>\n<\/dl>\n<p>Th\u00f4ng qua c\u00e1c bu\u1ed5i ph\u1ecfng v\u1ea5n v\u1edbi ng\u01b0\u1eddi ph\u1ee5 tr\u00e1ch c\u1ee7a c\u00f4ng ty m\u1eb9, ch\u00fang t\u00f4i s\u1ebd ph\u00e2n t\u00edch c\u00e1c v\u1ea5n \u0111\u1ec1, bao g\u1ed3m c\u1ea3 nh\u1eefng v\u1ea5n \u0111\u1ec1 ch\u01b0a xu\u1ea5t hi\u1ec7n trong DD, v.v.<\/p>\n<\/div>\n<\/div>\n<div class=\"step_detail\">\n<p class=\"step_number\">2<\/p>\n<div class=\"step_info\">\n<dl>\n<dt><img loading=\"lazy\" decoding=\"async\" src=\"https:\/\/www.i-glocal.com\/wp-content\/themes\/igl\/images\/pmi_icon05.png\" width=\"38\" height=\"36\" alt=\"\u0110\u1ec1 xu\u1ea5t thi\u1ebft l\u1eadp nghi\u1ec7p v\u1ee5\"><\/dt>\n<dd>\u0110\u1ec1 xu\u1ea5t thi\u1ebft l\u1eadp nghi\u1ec7p v\u1ee5<\/dd>\n<\/dl>\n<p>Ch\u00fang t\u00f4i s\u1ebd \u0111\u1ec1 xu\u1ea5t thi\u1ebft l\u1eadp, n\u1ed9i dung h\u1ed7 tr\u1ee3, ti\u1ebfn \u0111\u1ed9 v\u00e0 h\u1ec7 th\u1ed1ng qu\u1ea3n l\u00fd d\u1ef1 \u00e1n.<\/p>\n<\/div>\n<\/div>\n<div class=\"step_detail\">\n<p class=\"step_number\">3<\/p>\n<div class=\"step_info\">\n<dl>\n<dt><img loading=\"lazy\" decoding=\"async\" src=\"https:\/\/www.i-glocal.com\/wp-content\/themes\/igl\/images\/pmi_icon06.png\" width=\"42\" height=\"35\" alt=\"\u0110i\u1ec1u ch\u1ec9nh ph\u00f9 h\u1ee3p\"><\/dt>\n<dd>\u0110i\u1ec1u ch\u1ec9nh ph\u00f9 h\u1ee3p<\/dd>\n<\/dl>\n<p>Xem x\u00e9t nhu c\u1ea7u v\u00e0 kh\u1ed1i l\u01b0\u1ee3ng c\u00f4ng vi\u1ec7c c\u1ee7a c\u00f4ng ty con, ch\u00fang t\u00f4i \u0111i\u1ec1u ph\u1ed1i n\u1ed9i dung kinh doanh t\u1ed1i \u01b0u cho c\u1ea3 c\u00f4ng ty m\u1eb9 v\u00e0 c\u00f4ng ty con t\u1ea1i Vi\u1ec7t Nam.<\/p>\n<\/div>\n<\/div>\n<div class=\"step_detail\">\n<p class=\"step_number\">4<\/p>\n<div class=\"step_info\">\n<dl>\n<dt><img loading=\"lazy\" decoding=\"async\" src=\"https:\/\/www.i-glocal.com\/wp-content\/themes\/igl\/images\/pmi_icon07.png\" width=\"38\" height=\"39\" alt=\"Ti\u1ebfn h\u00e0nh PMI\"><\/dt>\n<dd>Ti\u1ebfn h\u00e0nh PMI<\/dd>\n<\/dl>\n<p>Th\u00fac \u0111\u1ea9y PMI v\u00e0 \u0111\u1ed3ng th\u1eddi \u0111\u01b0a ra nh\u1eefng \u0111i\u1ec1u ch\u1ec9nh k\u1ecbp th\u1eddi th\u00f4ng qua c\u00e1c b\u00e1o c\u00e1o ti\u1ebfn \u0111\u1ed9 th\u01b0\u1eddng xuy\u00ean.<\/p>\n<\/div>\n<\/div>\n<div class=\"step_detail\">\n<p class=\"step_number\">5<\/p>\n<div class=\"step_info\">\n<dl>\n<dt><img loading=\"lazy\" decoding=\"async\" src=\"https:\/\/www.i-glocal.com\/wp-content\/themes\/igl\/images\/pmi_icon08.png\" width=\"26\" height=\"26\" alt=\"Theo d\u00f5i sau khi ho\u00e0n th\u00e0nh PMI\"><\/dt>\n<dd>Theo d\u00f5i sau khi ho\u00e0n th\u00e0nh PMI<\/dd>\n<\/dl>\n<p>Ch\u00fang t\u00f4i th\u01b0\u1eddng xuy\u00ean r\u00e0 so\u00e1t c\u00e1c h\u1ec7 th\u1ed1ng qu\u1ea3n l\u00fd \u0111\u00e3 thi\u1ebft l\u1eadp c\u00f3 b\u1ecb xu\u1ed1ng c\u1ea5p hay kh\u00f4ng.<\/p>\n<\/div>\n<\/div>\n<\/div>\n<\/section>\n<section class=\"clearfix business_report\">\n<p class=\"business_report_ttl\">B\u00e1o c\u00e1o li\u00ean quan<\/p>\n<dl>\n<dt>I-GLOCAL\u30fbB\u00e1o c\u00e1o t\u1ea1i Vi\u1ec7t Nam\u3000<br class=\"box_sp\">\uff5ePhi\u00ean b\u1ea3n M&amp;A<\/dt>\n<dd><a href=\"https:\/\/www.i-glocal.com\/wp-content\/uploads\/2023\/06\/igl_ma_2020_11_27.pdf\" target=\"_blank\" rel=\"noopener\">H\u1ec7 th\u1ed1ng thu\u1ebf v\u00e0 c\u00e1c l\u01b0u \u00fd v\u1ec1 thu\u1ebf \u0111\u1ed1i v\u1edbi M&amp;A t\u1ea1i Vi\u1ec7t Nam<\/a><\/dd>\n<\/dl>\n<dl>\n<dt>I-GLOCAL\u30fbB\u00e1o c\u00e1o t\u1ea1i Vi\u1ec7t Nam\u3000<br class=\"box_sp\">\uff5ePhi\u00ean b\u1ea3n M&amp;A<\/dt>\n<dd><a href=\"https:\/\/www.i-glocal.com\/wp-content\/uploads\/2023\/06\/igl_ma_2020_12_22.pdf\" target=\"_blank\" rel=\"noopener\">M&amp;A v\u00e0 thu\u1ebf chuy\u1ec3n nh\u01b0\u1ee3ng v\u1ed1n \u1edf Vi\u1ec7t Nam<\/a><\/dd>\n<\/dl>\n<dl>\n<dt>I-GLOCAL\u30fbB\u00e1o c\u00e1o t\u1ea1i Vi\u1ec7t Nam\u3000<br class=\"box_sp\">\uff5e\u0110\u1ea7u t\u01b0<\/dt>\n<dd><a href=\"https:\/\/www.i-glocal.com\/wp-content\/uploads\/2023\/06\/igl_inv_2011_1.pdf\" target=\"_blank\" rel=\"noopener\">Quy \u0111\u1ecbnh v\u1ec1 giao d\u1ecbch mua b\u00e1n s\u00e1p nh\u1eadp theo Lu\u1eadt Doanh Nghi\u1ec7p 2020 v\u00e0 Lu\u1eadt \u0110\u1ea7u T\u01b0 2020<\/a><\/dd>\n<\/dl>\n<\/section>\n<p class=\"button\"><a href=\"https:\/\/www.i-glocal.com\/contact\/\">Li\u00ean h\u1ec7 ch\u00fang t\u00f4i<\/a><\/p>\n","protected":false},"excerpt":{"rendered":"<p>I-GLOCAL hi\u1ec7n \u0111ang th\u00fac \u0111\u1ea9y m\u1ea1nh m\u1ebd ho\u1ea1t \u0111\u1ed9ng PMI &#8211; y\u1ebfu t\u1ed1 quy\u1ebft \u0111\u1ecbnh s\u1ef1 th\u00e0nh b\u1ea1i c\u1ee7a d\u1ef1 \u00e1n M&amp;A t\u1ea1i Vi\u1ec7t Nam. PMI l\u00e0 g\u00ec? D\u1ecbch v\u1ee5 h\u1ed7 tr\u1ee3 t\u1eeb I-GLOCAL V\u00ec sao n\u00ean ch\u1ecdn I-GLOCAL? Quy tr\u00ecnh h\u1ed7 tr\u1ee3 PMI t\u1eeb I-GLOCAL PMI l\u00e0 g\u00ec? \u0110\u00e2y l\u00e0 qu\u00e1 tr\u00ecnh gi\u1ea3i quy\u1ebft [&hellip;]<\/p>\n","protected":false},"author":2,"featured_media":0,"parent":558,"menu_order":0,"comment_status":"closed","ping_status":"closed","template":"","meta":{"om_disable_all_campaigns":false,"_monsterinsights_skip_tracking":false,"_monsterinsights_sitenote_active":false,"_monsterinsights_sitenote_note":"","_monsterinsights_sitenote_category":0,"_locale":"vi","_original_post":"http:\/\/i-glocal-com.check-xserver.jp\/?page_id=818","footnotes":""},"class_list":["post-821","page","type-page","status-publish","hentry","vi"],"acf":[],"aioseo_notices":[],"_links":{"self":[{"href":"https:\/\/www.i-glocal.com\/wp-json\/wp\/v2\/pages\/821","targetHints":{"allow":["GET"]}}],"collection":[{"href":"https:\/\/www.i-glocal.com\/wp-json\/wp\/v2\/pages"}],"about":[{"href":"https:\/\/www.i-glocal.com\/wp-json\/wp\/v2\/types\/page"}],"author":[{"embeddable":true,"href":"https:\/\/www.i-glocal.com\/wp-json\/wp\/v2\/users\/2"}],"replies":[{"embeddable":true,"href":"https:\/\/www.i-glocal.com\/wp-json\/wp\/v2\/comments?post=821"}],"version-history":[{"count":5,"href":"https:\/\/www.i-glocal.com\/wp-json\/wp\/v2\/pages\/821\/revisions"}],"predecessor-version":[{"id":1308,"href":"https:\/\/www.i-glocal.com\/wp-json\/wp\/v2\/pages\/821\/revisions\/1308"}],"up":[{"embeddable":true,"href":"https:\/\/www.i-glocal.com\/wp-json\/wp\/v2\/pages\/558"}],"wp:attachment":[{"href":"https:\/\/www.i-glocal.com\/wp-json\/wp\/v2\/media?parent=821"}],"curies":[{"name":"wp","href":"https:\/\/api.w.org\/{rel}","templated":true}]}}