{"id":807,"date":"2023-05-19T18:29:27","date_gmt":"2023-05-19T09:29:27","guid":{"rendered":"http:\/\/i-glocal-com.check-xserver.jp\/?page_id=807"},"modified":"2024-02-01T15:22:22","modified_gmt":"2024-02-01T06:22:22","slug":"ma-support","status":"publish","type":"page","link":"https:\/\/www.i-glocal.com\/vi\/ourservices\/ma-support\/","title":{"rendered":"M&#038;A Support"},"content":{"rendered":"<dl class=\"business_box01\">\n<dt><img loading=\"lazy\" decoding=\"async\" src=\"https:\/\/www.i-glocal.com\/wp-content\/themes\/igl\/images\/ma-support_img01.jpg\" width=\"1300\" height=\"500\" alt=\"I-GLOCAL s\u1ebd h\u1ed7 tr\u1ee3 doanh nghi\u1ec7p ph\u00e1t tri\u1ec3n b\u1ec1n v\u1eefng v\u00e0 m\u1edf r\u1ed9ng quy m\u00f4 sau ho\u1ea1t \u0111\u1ed9ng th\u1ea9m \u0111\u1ecbnh doanh nghi\u1ec7p\"><\/dt>\n<dd>I-GLOCAL s\u1ebd h\u1ed7 tr\u1ee3 doanh nghi\u1ec7p <br class=\"box_sp\">ph\u00e1t tri\u1ec3n b\u1ec1n v\u1eefng v\u00e0 <br class=\"box_pc\">m\u1edf r\u1ed9ng quy m\u00f4 <br class=\"box_sp\">sau ho\u1ea1t \u0111\u1ed9ng th\u1ea9m \u0111\u1ecbnh doanh nghi\u1ec7p<\/dd>\n<\/dl>\n<div class=\"business_box02\">\n<div class=\"business_box02_top\">\n<p class=\"business_box02_img box_pc\"><img loading=\"lazy\" decoding=\"async\" src=\"https:\/\/www.i-glocal.com\/wp-content\/themes\/igl\/images\/ma-support_img02.jpg\" width=\"1920\" height=\"750\" alt=\"DUE DILIGENCE VALUATION Th\u1ea9m \u0111\u1ecbnh doanh nghi\u1ec7p\"><\/p>\n<p class=\"business_box02_img box_sp\"><img loading=\"lazy\" decoding=\"async\" src=\"https:\/\/www.i-glocal.com\/wp-content\/themes\/igl\/images\/ma-support_img02_sp.jpg\" width=\"750\" height=\"384\" alt=\"DUE DILIGENCE VALUATION Th\u1ea9m \u0111\u1ecbnh doanh nghi\u1ec7p\"><\/p>\n<div class=\"business_box02_ttl\">\n<h3 class=\"business_box02_ttlen\">DUE DILIGENCE VALUATION<\/h3>\n<p class=\"business_box02_ttljp\">Th\u1ea9m \u0111\u1ecbnh doanh nghi\u1ec7p<\/p>\n<\/div>\n<\/div>\n<div class=\"business_box02_bot\">\n<div class=\"business_box02_txt\">\n<p class=\"\">C\u00e1c c\u00f4ng ty Vi\u1ec7t Nam th\u01b0\u1eddng ph\u00e1t sinh nhi\u1ec1u v\u1ea5n \u0111\u1ec1 trong k\u00ea khai thu\u1ebf. Sau khi ti\u1ebfn h\u00e0nh ho\u1ea1t \u0111\u1ed9ng mua l\u1ea1i, r\u1ee7i ro b\u1ecb ki\u1ec3m tra thu\u1ebf c\u00e0ng tr\u1edf n\u00ean nghi\u00eam ng\u1eb7t h\u01a1n b\u1edfi y\u1ebfu t\u1ed1 c\u00f3 m\u1ed1i quan h\u1ec7 li\u00ean k\u1ebft v\u1edbi c\u00f4ng ty n\u01b0\u1edbc ngo\u00e0i. Kh\u00f4ng nh\u1eefng th\u1ebf, c\u00e1c c\u00f4ng ty n\u00e0y \u0111\u00f4i khi c\u00f2n ti\u1ec1m \u1ea9n nh\u1eefng v\u1ea5n \u0111\u1ec1 trong nghi\u1ec7p v\u1ee5 k\u1ebf to\u00e1n h\u00e0ng ng\u00e0y. \u0110\u00e2y l\u00e0 m\u1ed9t nguy c\u01a1 l\u1edbn \u0111\u1ed1i v\u1edbi nh\u1eefng c\u00f4ng ty Nh\u1eadt B\u1ea3n (\u0111\u1eb7c bi\u1ec7t l\u00e0 c\u00f4ng ty ni\u00eam y\u1ebft) n\u1ebfu th\u1ef1c hi\u1ec7n mua l\u1ea1i.<br \/>\nV\u1edbi th\u1ebf m\u1ea1nh kinh nghi\u1ec7m h\u1ed7 tr\u1ee3 h\u01a1n 1,000 doanh nghi\u1ec7p Nh\u1eadt B\u1ea3n \u0111\u1ea7u t\u01b0 t\u1ea1i Vi\u1ec7t Nam, I-GLOCAL h\u1ed7 tr\u1ee3 vi\u1ec7c mua b\u00e1n v\u00e0 s\u00e1p nh\u1eadp cho c\u00e1c doanh nghi\u1ec7p Nh\u1eadt B\u1ea3n v\u1edbi y\u00eau c\u1ea7u ki\u1ec3m so\u00e1t tu\u00e2n th\u1ee7 cao th\u00f4ng qua m\u1ed9t s\u1ed1 d\u1ecbch v\u1ee5 th\u1ea9m \u0111\u1ecbnh t\u00e0i ch\u00ednh, thu\u1ebf v\u00e0 \u0111\u1ecbnh gi\u00e1.<\/p>\n<\/div>\n<ul class=\"business_box02_list\">\n<li>\u25a0 R\u00e0 so\u00e1t t\u00ecnh h\u00ecnh t\u00e0i ch\u00ednh v\u00e0 k\u00ea khai thu\u1ebf<\/li>\n<li>\u25a0 R\u00e0 so\u00e1t c\u00e1c v\u1ea5n \u0111\u1ec1 nh\u00e2n s\u1ef1 v\u00e0 \u0111\u0103ng k\u00fd c\u00e1c lo\u1ea1i gi\u1ea5y ph\u00e9p<\/li>\n<li>\u25a0 \u0110\u1ecbnh gi\u00e1 doanh nghi\u1ec7p<\/li>\n<\/ul>\n<p class=\"business_box02_note\">\u203bCh\u00fang t\u00f4i c\u00f3 th\u1ec3 h\u1ed7 tr\u1ee3 gi\u1edbi thi\u1ec7u lu\u1eadt s\u01b0 \u0111\u1ed1i t\u00e1c trong tr\u01b0\u1eddng h\u1ee3p c\u00f3 y\u00eau c\u1ea7u v\u1ec1 r\u00e0 so\u00e1t ho\u1ea1t \u0111\u1ed9ng tu\u00e2n th\u1ee7 ph\u00e1p l\u00fd.<\/p>\n<\/div>\n<\/div>\n<div class=\"business_box02\">\n<div class=\"business_box02_top\">\n<p class=\"business_box02_img box_pc\"><img loading=\"lazy\" decoding=\"async\" src=\"https:\/\/www.i-glocal.com\/wp-content\/themes\/igl\/images\/ma-support_img03.jpg\" width=\"1920\" height=\"750\" alt=\"EXECUTION T\u01b0 v\u1ea5n tri\u1ec3n khai\"><\/p>\n<p class=\"business_box02_img box_sp\"><img loading=\"lazy\" decoding=\"async\" src=\"https:\/\/www.i-glocal.com\/wp-content\/themes\/igl\/images\/ma-support_img03_sp.jpg\" width=\"750\" height=\"384\" alt=\"EXECUTION T\u01b0 v\u1ea5n tri\u1ec3n khai\"><\/p>\n<div class=\"business_box02_ttl\">\n<h3 class=\"business_box02_ttlen\">EXECUTION<\/h3>\n<p class=\"business_box02_ttljp\">T\u01b0 v\u1ea5n tri\u1ec3n khai<\/p>\n<\/div>\n<\/div>\n<div class=\"business_box02_bot\">\n<div class=\"business_box02_txt\">\n<p class=\"\">Vi\u1ec7t Nam hi\u1ec7n qu\u1ea3n l\u00fd nghi\u00eam ng\u1eb7t c\u00e1c ho\u1ea1t \u0111\u1ed9ng c\u00f3 v\u1ed1n \u0111\u1ea7u t\u01b0 n\u01b0\u1edbc ngo\u00e0i. Khi m\u1ed9t c\u00f4ng ty n\u01b0\u1edbc ngo\u00e0i ti\u1ebfn h\u00e0nh mua l\u1ea1i c\u00f4ng ty Vi\u1ec7t Nam, vi\u1ec7c \u0111\u01b0\u1ee3c c\u1ea5p ph\u00e9p \u0111i\u1ec1u ch\u1ec9nh gi\u1ea5y ph\u00e9p doanh nghi\u1ec7p l\u00e0 y\u1ebfu t\u1ed1 ti\u00ean quy\u1ebft b\u1edfi n\u1ebfu gi\u1ea5y ph\u00e9p kh\u00f4ng \u0111\u01b0\u1ee3c c\u1ea5p l\u1ea1i sau khi mua l\u1ea1i th\u00ec M&amp;A s\u1ebd th\u1ea5t b\u1ea1i.<br \/>\nI-GLOCAL \u0111\u00e3 v\u00e0 \u0111ang c\u00f3 r\u1ea5t nhi\u1ec1u th\u00e0nh t\u1ef1u trong vi\u1ec7c th\u1ef1c hi\u1ec7n xin c\u1ea5p ph\u00e9p v\u1edbi nhi\u1ec1u lo\u1ea1i gi\u1ea5y ph\u00e9p kh\u00e1c nhau v\u00e0 c\u00e1c chuy\u00ean gia t\u01b0 v\u1ea5n v\u1edbi ki\u1ebfn th\u1ee9c ph\u00e1p lu\u1eadt \u0111\u01b0\u1ee3c c\u1eadp nh\u1eadt li\u00ean t\u1ee5c s\u1ebd h\u1ed7 tr\u1ee3 c\u00e1c th\u1ee7 t\u1ee5c n\u00e0y.<\/p>\n<\/div>\n<ul class=\"business_box02_list\">\n<li>\u25a0 H\u1ed7 tr\u1ee3 th\u1ee7 t\u1ee5c t\u1ed5ng th\u1ec3 nh\u01b0 \u0111i\u1ec1u ch\u1ec9nh th\u00f4ng tin gi\u1ea5y ph\u00e9p doanh nghi\u1ec7p do mua l\u1ea1i<\/li>\n<li>\u25a0 H\u1ed7 tr\u1ee3 n\u1ed9p thu\u1ebf chuy\u1ec3n nh\u01b0\u1ee3ng v\u1ed1n<\/li>\n<\/ul>\n<p class=\"business_box02_note\">\u203bCh\u00fang t\u00f4i c\u00f3 th\u1ec3 h\u1ed7 tr\u1ee3 gi\u1edbi thi\u1ec7u lu\u1eadt s\u01b0 \u0111\u1ed1i t\u00e1c trong qu\u00e1 tr\u00ecnh chu\u1ea9n b\u1ecb h\u1ee3p \u0111\u1ed3ng mua b\u00e1n v\u00e0 \u0111i\u1ec1u l\u1ec7 c\u00f4ng ty.<\/p>\n<\/div>\n<\/div>\n<div class=\"business_box02\">\n<div class=\"business_box02_top\">\n<p class=\"business_box02_img box_pc\"><img loading=\"lazy\" decoding=\"async\" src=\"https:\/\/www.i-glocal.com\/wp-content\/themes\/igl\/images\/ma-support_img04.jpg\" width=\"1920\" height=\"750\" alt=\"P M I Ho\u1ea1t \u0111\u1ed9ng s\u00e1p nh\u1eadp sau mua l\u1ea1i\"><\/p>\n<p class=\"business_box02_img box_sp\"><img loading=\"lazy\" decoding=\"async\" src=\"https:\/\/www.i-glocal.com\/wp-content\/themes\/igl\/images\/ma-support_img04_sp.jpg\" width=\"750\" height=\"384\" alt=\"P M I Ho\u1ea1t \u0111\u1ed9ng s\u00e1p nh\u1eadp sau mua l\u1ea1i\"><\/p>\n<div class=\"business_box02_ttl\">\n<h3 class=\"business_box02_ttlen\">P M I<\/h3>\n<p class=\"business_box02_ttljp\">Ho\u1ea1t \u0111\u1ed9ng s\u00e1p nh\u1eadp sau mua l\u1ea1i<\/p>\n<\/div>\n<\/div>\n<div class=\"business_box02_bot\">\n<div class=\"business_box02_txt\">\n<p class=\"\">\u0110i\u1ec1u I-GLOCAL lu\u00f4n mong mu\u1ed1n mang l\u1ea1i trong h\u1ed7 tr\u1ee3 M&amp;A l\u00e0 s\u1ef1 h\u1ed7 tr\u1ee3 d\u00e0i h\u1ea1n cho ho\u1ea1t \u0111\u1ed9ng t\u0103ng tr\u01b0\u1edfng c\u1ee7a c\u00e1c c\u00f4ng ty sau mua l\u1ea1i th\u00f4ng qua PMI (Post Merger Integration: h\u1ed7 tr\u1ee3 x\u00e2y d\u1ef1ng ki\u1ec3m so\u00e1t n\u1ed9i b\u1ed9, quy tr\u00ecnh b\u00e1o c\u00e1o t\u00e0i ch\u00ednh v\u00e0 qu\u1ea3n tr\u1ecb r\u1ee7i ro thu\u1ebf).<\/p>\n<\/div>\n<ul class=\"business_box02_list full\">\n<li>\u25a0 Gi\u1ea3m r\u1ee7i ro v\u1ec1 k\u1ebf to\u00e1n, thu\u1ebf v\u00e0 c\u00e1c r\u1ee7i ro tu\u00e2n th\u1ee7 kh\u00e1c \u0111\u01b0\u1ee3c \u0111\u00e1nh gi\u00e1 th\u00f4ng qua th\u1ea9m \u0111\u1ecbnh<\/li>\n<li>\u25a0 Thi\u1ebft l\u1eadp quy tr\u00ecnh l\u1eadp b\u00e1o c\u00e1o t\u00e0i ch\u00ednh, n\u00e2ng cao \u0111\u1ed9 ch\u00ednh x\u00e1c v\u00e0 t\u1ed1c \u0111\u1ed9 ch\u1ed1t s\u1ed5 h\u00e0ng th\u00e1ng<\/li>\n<li>\u25a0 R\u00e0 so\u00e1t ho\u1ea1t \u0111\u1ed9ng tu\u00e2n th\u1ee7 thu\u1ebf sau mua l\u1ea1i<\/li>\n<li>\u25a0 Ki\u1ec3m to\u00e1n n\u1ed9i b\u1ed9<\/li>\n<li>\u25a0 Ph\u00e1i c\u1eed th\u00e0nh vi\u00ean Ban Ki\u1ec3m to\u00e1n &amp; Gi\u00e1m s\u00e1t<\/li>\n<\/ul>\n<\/div>\n<\/div>\n<div class=\"business_box03\">\n<h4>H\u1ed3 s\u01a1 theo d\u00f5i ho\u1ea1t \u0111\u1ed9ng M&amp;A<\/h4>\n<div class=\"business_box03_top\">\n<p class=\"\">D\u01b0\u1edbi \u0111\u00e2y l\u00e0 m\u1ed9t s\u1ed1 d\u1ef1 \u00e1n M&amp;A m\u00e0 I-GLOCAL \u0111\u00e3 th\u1ef1c hi\u1ec7n h\u1ed7 tr\u1ee3 trong th\u1eddi gian qua. S\u1ed1 l\u01b0\u1ee3ng c\u00e1c d\u1ef1 \u00e1n M&amp;A v\u00e0o Vi\u1ec7t Nam \u0111ang t\u0103ng l\u00ean h\u00e0ng n\u0103m. V\u00e0 ch\u00fang t\u00f4i t\u1ef1 tin v\u1edbi b\u1ec1 d\u00e0y th\u00e0nh t\u00edch trong ho\u1ea1t \u0111\u1ed9ng n\u00e0y.<br \/>\nB\u1eaft \u0111\u1ea7u t\u1eeb ho\u1ea1t \u0111\u1ed9ng th\u1ea9m \u0111\u1ecbnh M&amp;A th\u00e0nh c\u00f4ng c\u00f4ng ty c\u1ea7n mua l\u1ea1i, ti\u1ebfn \u0111\u1ebfn x\u00e2y d\u1ef1ng PMI (ki\u1ec3m so\u00e1t n\u1ed9i b\u1ed9, quy tr\u00ecnh b\u00e1o c\u00e1o t\u00e0i ch\u00ednh, h\u1ed7 tr\u1ee3 x\u00e2y d\u1ef1ng qu\u1ea3n tr\u1ecb r\u1ee7i ro thu\u1ebf) v\u00e0 t\u01b0 v\u1ea5n li\u00ean t\u1ee5c \u0111\u1ec3 vi\u1ec7c s\u00e1p nh\u1eadp di\u1ec5n ra su\u00f4n s\u1ebb v\u00e0 t\u0103ng tr\u01b0\u1edfng h\u01a1n n\u1eefa.<\/p>\n<\/div>\n<div class=\"business_box03_bot\">\n<div class=\"business_box03_detail\">\n<p class=\"business_box03_ttl\">Ng\u00e0nh d\u1ecbch v\u1ee5 <br class=\"box_sp\">(c\u00f4ng ty ni\u00eam y\u1ebft)<\/p>\n<div class=\"business_box03_tb01\">\n<dl>\n<dt>[D\u1ef1 \u00e1n]<\/dt>\n<dd>\u0110\u1ea7u t\u01b0 v\u00e0o m\u1ed9t c\u00f4ng ty Vi\u1ec7t Nam v\u1edbi ho\u1ea1t \u0111\u1ed9ng cung c\u1ea5p d\u1ecbch v\u1ee5 kh\u00e1ch h\u00e0ng<\/dd>\n<\/dl>\n<dl>\n<dt>[Ho\u1ea1t \u0111\u1ed9ng ch\u00ednh]<\/dt>\n<dd>H\u1ed7 tr\u1ee3 x\u00e2y d\u1ef1ng quy tr\u00ecnh th\u1ea9m \u0111\u1ecbnh t\u00e0i ch\u00ednh v\u00e0 thu\u1ebf, \u0111\u1ecbnh gi\u00e1, b\u00e1o c\u00e1o t\u00e0i ch\u00ednh<\/dd>\n<\/dl>\n<\/div>\n<\/div>\n<div class=\"business_box03_detail\">\n<p class=\"business_box03_ttl\">Kh\u00e1ch s\u1ea1n Mikazuki Katsuura<\/p>\n<div class=\"business_box03_tb01\">\n<dl>\n<dt>[D\u1ef1 \u00e1n]<\/dt>\n<dd>Mua l\u1ea1i C\u00f4ng ty TNHH Ph\u00e1t tri\u1ec3n Du l\u1ecbch Vi\u1ec7t Nam \u0111\u1ec3 ph\u00e1t tri\u1ec3n th\u00e0nh Khu ngh\u1ec9 d\u01b0\u1ee1ng l\u1edbn nh\u1ea5t Vi\u1ec7t Nam t\u1ea1i Th\u00e0nh ph\u1ed1 \u0110\u00e0 N\u1eb5ng<\/dd>\n<\/dl>\n<dl>\n<dt>[Ho\u1ea1t \u0111\u1ed9ng ch\u00ednh]<\/dt>\n<dd>T\u01b0 v\u1ea5n qu\u1ea3n k\u00fd kinh doanh sau khi th\u1ea9m \u0111\u1ecbnh doanh nghi\u1ec7p v\u1ec1 thu\u1ebf v\u00e0 t\u00e0i ch\u00ednh\/ s\u00e1t nh\u1eadp <\/dd>\n<\/dl>\n<\/div>\n<\/div>\n<div class=\"business_box03_detail\">\n<p class=\"business_box03_ttl\">L\u0129nh v\u1ef1c t\u01b0 v\u1ea5n tuy\u1ec3n d\u1ee5ng<\/p>\n<div class=\"business_box03_tb01\">\n<dl>\n<dt>[D\u1ef1 \u00e1n]<\/dt>\n<dd>Mua l\u1ea1i c\u00f4ng ty tuy\u1ec3n d\u1ee5ng \u0111\u1ecba ph\u01b0\u01a1ng t\u1ea1i Vi\u1ec7t Nam<\/dd>\n<\/dl>\n<dl>\n<dt>[Ho\u1ea1t \u0111\u1ed9ng ch\u00ednh]<\/dt>\n<dd>H\u1ed7 tr\u1ee3 x\u00e2y d\u1ef1ng quy tr\u00ecnh th\u1ea9m \u0111\u1ecbnh t\u00e0i ch\u00ednh v\u00e0 thu\u1ebf, \u0111\u1ecbnh gi\u00e1, b\u00e1o c\u00e1o t\u00e0i ch\u00ednh<\/dd>\n<\/dl>\n<\/div>\n<\/div>\n<div class=\"business_box03_detail\">\n<p class=\"business_box03_ttl\">L\u0129nh v\u1ef1c b\u00e1n bu\u00f4n d\u1ea7u kh\u00ed <br class=\"box_sp\">(c\u00f4ng ty ni\u00eam y\u1ebft)<\/p>\n<div class=\"business_box03_tb01\">\n<dl>\n<dt>[D\u1ef1 \u00e1n]<\/dt>\n<dd>Mua l\u1ea1i c\u00f4ng ty th\u01b0\u01a1ng m\u1ea1i \u0111\u1ecba ph\u01b0\u01a1ng t\u1ea1i Vi\u1ec7t Nam<\/dd>\n<\/dl>\n<dl>\n<dt>[Ho\u1ea1t \u0111\u1ed9ng ch\u00ednh]<\/dt>\n<dd>R\u00e0 so\u00e1t t\u00e0i ch\u00ednh v\u00e0 thu\u1ebf \/ ph\u00e1i c\u1eed ki\u1ec3m so\u00e1t vi\u00ean \/ h\u1ed7 tr\u1ee3 t\u01b0 v\u1ea5n qu\u1ea3n l\u00fd doanh nghi\u1ec7p sau mua l\u1ea1i<\/dd>\n<\/dl>\n<\/div>\n<\/div>\n<div class=\"business_box03_detail\">\n<p class=\"business_box03_ttl\">Ng\u00e0nh ngh\u1ec1 Th\u00e9p<\/p>\n<div class=\"business_box03_tb01\">\n<dl>\n<dt>[D\u1ef1 \u00e1n]<\/dt>\n<dd>Chuy\u1ec3n nh\u01b0\u1ee3ng v\u1ed1n li\u00ean t\u1eadp \u0111o\u00e0n v\u00e0 \u0111i\u1ec1u ch\u1ec9nh gi\u1ea5y ph\u00e9p th\u00e0nh l\u1eadp c\u00f4ng ty con t\u1ea1i Vi\u1ec7t Nam<\/dd>\n<\/dl>\n<dl>\n<dt>[Ho\u1ea1t \u0111\u1ed9ng ch\u00ednh]<\/dt>\n<dd>R\u00e0 so\u00e1t t\u00e0i ch\u00ednh v\u00e0 thu\u1ebf \/ t\u01b0 v\u1ea5n tri\u1ec3n khai \/ chuy\u1ec3n nh\u01b0\u1ee3ng v\u1ed1n c\u00f9ng c\u00e1c lu\u1eadt s\u01b0 tr\u1ef1c thu\u1ed9c<\/dd>\n<\/dl>\n<\/div>\n<\/div>\n<div class=\"business_box03_detail\">\n<p class=\"business_box03_ttl\">S\u1ea3n xu\u1ea5t h\u00f3a ch\u1ea5t<\/p>\n<div class=\"business_box03_tb01\">\n<dl>\n<dt>[D\u1ef1 \u00e1n]<\/dt>\n<dd>\u0110\u1ea7u t\u01b0 v\u00e0o c\u00f4ng ty Vi\u1ec7t Nam kinh doanh s\u1ea3n ph\u1ea9m h\u00f3a ch\u1ea5t<\/dd>\n<\/dl>\n<dl>\n<dt>[Ho\u1ea1t \u0111\u1ed9ng ch\u00ednh]<\/dt>\n<dd>R\u00e0 so\u00e1t thu\u1ebf \/ \u0111\u1ecbnh gi\u00e1 \/ h\u1ed7 tr\u1ee3 t\u01b0 v\u1ea5n qu\u1ea3n l\u00fd doanh nghi\u1ec7p sau \u0111\u1ea7u t\u01b0<\/dd>\n<\/dl>\n<\/div>\n<\/div>\n<div class=\"business_box03_detail\">\n<p class=\"business_box03_ttl\">Ng\u00e0nh d\u1ecbch v\u1ee5 <br class=\"box_sp\">(c\u00f4ng ty ni\u00eam y\u1ebft)<\/p>\n<div class=\"business_box03_tb01\">\n<dl>\n<dt>[D\u1ef1 \u00e1n]<\/dt>\n<dd>\u0110\u1ea7u t\u01b0 v\u00e0o c\u00f4ng ty Vi\u1ec7t Nam cung c\u1ea5p d\u1ecbch v\u1ee5 b\u1ea3o v\u1ec7<\/dd>\n<\/dl>\n<dl>\n<dt>[Ho\u1ea1t \u0111\u1ed9ng ch\u00ednh]<\/dt>\n<dd>R\u00e0 so\u00e1t t\u00e0i ch\u00ednh v\u00e0 thu\u1ebf \/ nghi\u1ec7p v\u1ee5 lao \u0111\u1ed9ng nh\u00e2n s\u1ef1 \/ph\u00e1i c\u1eed ki\u1ec3m so\u00e1t vi\u00ean<\/dd>\n<\/dl>\n<\/div>\n<\/div>\n<div class=\"business_box03_detail\">\n<p class=\"business_box03_ttl\">S\u1ea3n xu\u1ea5t <br class=\"box_sp\">(c\u00f4ng ty ni\u00eam y\u1ebft)<\/p>\n<div class=\"business_box03_tb01\">\n<dl>\n<dt>[D\u1ef1 \u00e1n]<\/dt>\n<dd>\u0110\u1ea7u t\u01b0 v\u00e0o m\u1ed9t c\u00f4ng ty t\u1eadp \u0111o\u00e0n t\u1ea1i Vi\u1ec7t Nam<\/dd>\n<\/dl>\n<dl>\n<dt>[Ho\u1ea1t \u0111\u1ed9ng ch\u00ednh]<\/dt>\n<dd>R\u00e0 so\u00e1t t\u00e0i ch\u00ednh v\u00e0 thu\u1ebf \/ h\u1ed7 tr\u1ee3 x\u00e2y d\u1ef1ng h\u1ec7 th\u1ed1ng ki\u1ec3m so\u00e1t n\u1ed9i b\u1ed9 \/ h\u1ed7 tr\u1ee3 x\u00e2y d\u1ef1ng quy tr\u00ecnh l\u1eadp b\u00e1o c\u00e1o t\u00e0i ch\u00ednh<\/dd>\n<\/dl>\n<\/div>\n<\/div>\n<div class=\"business_box03_detail\">\n<p class=\"business_box03_ttl\">Th\u01b0\u01a1ng m\u1ea1i<\/p>\n<div class=\"business_box03_tb01\">\n<dl>\n<dt>[D\u1ef1 \u00e1n]<\/dt>\n<dd>Mua l\u1ea1i c\u00f4ng ty con Vi\u1ec7t Nam c\u1ee7a doanh nghi\u1ec7p s\u1ea3n xu\u1ea5t Nh\u1eadt<\/dd>\n<\/dl>\n<dl>\n<dt>[Ho\u1ea1t \u0111\u1ed9ng ch\u00ednh]<\/dt>\n<dd>R\u00e0 so\u00e1t t\u00e0i ch\u00ednh v\u00e0 thu\u1ebf \/ t\u01b0 v\u1ea5n tri\u1ec3n khai \/ chuy\u1ec3n nh\u01b0\u1ee3ng v\u1ed1n c\u00f9ng c\u00e1c lu\u1eadt s\u01b0 tr\u1ef1c thu\u1ed9c<\/dd>\n<\/dl>\n<\/div>\n<\/div>\n<div class=\"business_box03_detail\">\n<p class=\"business_box03_ttl\">Th\u01b0\u01a1ng m\u1ea1i <br class=\"box_sp\">(c\u00f4ng ty ni\u00eam y\u1ebft)<\/p>\n<div class=\"business_box03_tb01\">\n<dl>\n<dt>[D\u1ef1 \u00e1n]<\/dt>\n<dd>Mua l\u1ea1i c\u00f4ng ty th\u01b0\u01a1ng m\u1ea1i Vi\u1ec7t Nam<\/dd>\n<\/dl>\n<dl>\n<dt>[Ho\u1ea1t \u0111\u1ed9ng ch\u00ednh]<\/dt>\n<dd>\u0110\u1ecbnh gi\u00e1 \/ h\u1ed7 tr\u1ee3 x\u00e2y d\u1ef1ng ki\u1ec3m so\u00e1t n\u1ed9i b\u1ed9 \/ t\u01b0 v\u1ea5n qu\u1ea3n l\u00fd doanh nghi\u1ec7p sau mua l\u1ea1i<\/dd>\n<\/dl>\n<\/div>\n<\/div>\n<\/div>\n<\/div>\n<div class=\"business_box04\">\n<p class=\"business_box04_ttl\">Link<\/p>\n<dl>\n<dt><a href=\"https:\/\/manda.careers\/\" target=\"_blank\" rel=\"noopener\"><img loading=\"lazy\" decoding=\"async\" src=\"https:\/\/www.i-glocal.com\/wp-content\/themes\/igl\/images\/ma-support_logo.jpg\" width=\"300\" height=\"90\" alt=\"Link\"><\/a><\/dt>\n<dd>\u0110\u1ed9i ng\u0169 chuy\u00ean gia M&amp;A c\u1ee7a ch\u00fang t\u00f4i t\u1ef1 h\u00e0o \u0111\u01b0\u1ee3c n\u1eb1m trong danh s\u00e1ch &#8220;H\u1ed3 s\u01a1 nh\u00e0 t\u01b0 v\u1ea5n  M&amp;A&#8221; &#8211; trang th\u00f4ng tin gi\u1edbi thi\u1ec7u v\u1ec1 nh\u1eefng nh\u00e0 t\u01b0 v\u1ea5n M&amp;A t\u00e0i n\u0103ng \u0111ang ho\u1ea1t \u0111\u1ed9ng tr\u00ean to\u00e0n c\u1ea7u.<\/dd>\n<\/dl>\n<\/div>\n","protected":false},"excerpt":{"rendered":"<p>I-GLOCAL s\u1ebd h\u1ed7 tr\u1ee3 doanh nghi\u1ec7p ph\u00e1t tri\u1ec3n b\u1ec1n v\u1eefng v\u00e0 m\u1edf r\u1ed9ng quy m\u00f4 sau ho\u1ea1t \u0111\u1ed9ng th\u1ea9m \u0111\u1ecbnh doanh nghi\u1ec7p DUE DILIGENCE VALUATION Th\u1ea9m \u0111\u1ecbnh doanh nghi\u1ec7p C\u00e1c c\u00f4ng ty Vi\u1ec7t Nam th\u01b0\u1eddng ph\u00e1t sinh nhi\u1ec1u v\u1ea5n \u0111\u1ec1 trong k\u00ea khai thu\u1ebf. Sau khi ti\u1ebfn h\u00e0nh ho\u1ea1t \u0111\u1ed9ng mua l\u1ea1i, r\u1ee7i ro b\u1ecb [&hellip;]<\/p>\n","protected":false},"author":2,"featured_media":0,"parent":558,"menu_order":0,"comment_status":"closed","ping_status":"closed","template":"","meta":{"om_disable_all_campaigns":false,"_monsterinsights_skip_tracking":false,"_monsterinsights_sitenote_active":false,"_monsterinsights_sitenote_note":"","_monsterinsights_sitenote_category":0,"_locale":"vi","_original_post":"http:\/\/i-glocal-com.check-xserver.jp\/?page_id=804","footnotes":""},"class_list":["post-807","page","type-page","status-publish","hentry","vi"],"acf":[],"aioseo_notices":[],"_links":{"self":[{"href":"https:\/\/www.i-glocal.com\/wp-json\/wp\/v2\/pages\/807","targetHints":{"allow":["GET"]}}],"collection":[{"href":"https:\/\/www.i-glocal.com\/wp-json\/wp\/v2\/pages"}],"about":[{"href":"https:\/\/www.i-glocal.com\/wp-json\/wp\/v2\/types\/page"}],"author":[{"embeddable":true,"href":"https:\/\/www.i-glocal.com\/wp-json\/wp\/v2\/users\/2"}],"replies":[{"embeddable":true,"href":"https:\/\/www.i-glocal.com\/wp-json\/wp\/v2\/comments?post=807"}],"version-history":[{"count":8,"href":"https:\/\/www.i-glocal.com\/wp-json\/wp\/v2\/pages\/807\/revisions"}],"predecessor-version":[{"id":3082,"href":"https:\/\/www.i-glocal.com\/wp-json\/wp\/v2\/pages\/807\/revisions\/3082"}],"up":[{"embeddable":true,"href":"https:\/\/www.i-glocal.com\/wp-json\/wp\/v2\/pages\/558"}],"wp:attachment":[{"href":"https:\/\/www.i-glocal.com\/wp-json\/wp\/v2\/media?parent=807"}],"curies":[{"name":"wp","href":"https:\/\/api.w.org\/{rel}","templated":true}]}}