{"id":761,"date":"2023-04-03T17:13:12","date_gmt":"2023-04-03T08:13:12","guid":{"rendered":"http:\/\/i-glocal-com.check-xserver.jp\/?page_id=761"},"modified":"2025-09-18T18:37:26","modified_gmt":"2025-09-18T09:37:26","slug":"entry","status":"publish","type":"page","link":"https:\/\/www.i-glocal.com\/vi\/entry\/","title":{"rendered":"Entry"},"content":{"rendered":"<div class=\"\">\n[mwform_formkey key=&#8221;2747&#8243;]\n<\/div>\n<div class=\"mtn_error section_none\">\n<p>Hi\u1ec7n t\u1ea1i bi\u1ec3u m\u1eabu li\u00ean h\u1ec7 \u0111ang \u0111\u01b0\u1ee3c b\u1ea3o tr\u00ec, vui l\u00f2ng nh\u1ea5p v\u00e0o \u0111\u1ecba ch\u1ec9 email d\u01b0\u1edbi \u0111\u00e2y v\u00e0 g\u1eedi y\u00eau c\u1ea7u c\u1ee7a b\u1ea1n qua email.<br \/>Email: <a href=\"mailto:info@i-glocal.com\">info@i-glocal.com<\/a><\/p>\n<\/div>\n","protected":false},"excerpt":{"rendered":"<p>[mwform_formkey key=&#8221;2747&#8243;] Hi\u1ec7n t\u1ea1i bi\u1ec3u m\u1eabu li\u00ean h\u1ec7 \u0111ang \u0111\u01b0\u1ee3c b\u1ea3o tr\u00ec, vui l\u00f2ng nh\u1ea5p v\u00e0o \u0111\u1ecba ch\u1ec9 email d\u01b0\u1edbi \u0111\u00e2y v\u00e0 g\u1eedi y\u00eau c\u1ea7u c\u1ee7a b\u1ea1n qua email.Email: info@i-glocal.com<\/p>\n","protected":false},"author":1,"featured_media":0,"parent":0,"menu_order":0,"comment_status":"closed","ping_status":"closed","template":"","meta":{"om_disable_all_campaigns":false,"_monsterinsights_skip_tracking":false,"_monsterinsights_sitenote_active":false,"_monsterinsights_sitenote_note":"","_monsterinsights_sitenote_category":0,"_locale":"vi","_original_post":"http:\/\/i-glocal-com.check-xserver.jp\/?page_id=758","footnotes":""},"class_list":["post-761","page","type-page","status-publish","hentry","vi"],"acf":[],"aioseo_notices":[],"_links":{"self":[{"href":"https:\/\/www.i-glocal.com\/wp-json\/wp\/v2\/pages\/761","targetHints":{"allow":["GET"]}}],"collection":[{"href":"https:\/\/www.i-glocal.com\/wp-json\/wp\/v2\/pages"}],"about":[{"href":"https:\/\/www.i-glocal.com\/wp-json\/wp\/v2\/types\/page"}],"author":[{"embeddable":true,"href":"https:\/\/www.i-glocal.com\/wp-json\/wp\/v2\/users\/1"}],"replies":[{"embeddable":true,"href":"https:\/\/www.i-glocal.com\/wp-json\/wp\/v2\/comments?post=761"}],"version-history":[{"count":11,"href":"https:\/\/www.i-glocal.com\/wp-json\/wp\/v2\/pages\/761\/revisions"}],"predecessor-version":[{"id":5927,"href":"https:\/\/www.i-glocal.com\/wp-json\/wp\/v2\/pages\/761\/revisions\/5927"}],"wp:attachment":[{"href":"https:\/\/www.i-glocal.com\/wp-json\/wp\/v2\/media?parent=761"}],"curies":[{"name":"wp","href":"https:\/\/api.w.org\/{rel}","templated":true}]}}