{"id":6857,"date":"2026-04-22T15:16:39","date_gmt":"2026-04-22T06:16:39","guid":{"rendered":"https:\/\/www.i-glocal.com\/?page_id=6857"},"modified":"2026-04-22T16:18:50","modified_gmt":"2026-04-22T07:18:50","slug":"compliance-training","status":"publish","type":"page","link":"https:\/\/www.i-glocal.com\/vi\/ourservices\/compliance-training\/","title":{"rendered":"Compliance Training"},"content":{"rendered":"<p class=\"banner\"><img loading=\"lazy\" decoding=\"async\" src=\"https:\/\/www.i-glocal.com\/wp-content\/themes\/igl\/images\/compliance_traning_01.jpg\" alt=\"\" width=\"1300\" height=\"600\" \/><\/p>\n<div class=\"intro\">\n<h3 class=\"ttl3_05\">\u0110\u00c0O T\u1ea0O TU\u00c2N TH\u1ee6 TO\u00c0N DI\u1ec6N \u2013 H\u1ed6 TR\u1ee2 B\u1ea2O V\u1ec6 DOANH NGHI\u1ec6P TR\u1eccN G\u00d3I<\/h3>\n<p>T\u1eeb tu\u00e2n th\u1ee7 ph\u00e1p lu\u1eadt, ph\u00f2ng ch\u1ed1ng qu\u1ea5y r\u1ed1i, b\u1ea3o m\u1eadt th\u00f4ng tin \u0111\u1ebfn ph\u00f2ng ng\u1eeba gian l\u1eadn.<br \/>\nCh\u01b0\u01a1ng tr\u00ecnh \u0111\u00e0o t\u1ea1o \u0111\u01b0\u1ee3c thi\u1ebft k\u1ebf ri\u00eang ph\u00f9 h\u1ee3p v\u1edbi ng\u00e0nh ngh\u1ec1, quy m\u00f4 v\u00e0 y\u00eau c\u1ea7u c\u1ee7a doanh nghi\u1ec7p, gi\u00fap gi\u1ea3m thi\u1ec3u r\u1ee7i ro c\u1ee7a t\u1ed5 ch\u1ee9c t\u1eeb g\u1ed1c r\u1ec5.<\/p>\n<div class=\"stats\">\n<div class=\"card_l\">\n<div class=\"icon_right\"><img loading=\"lazy\" decoding=\"async\" class=\"alignnone size-full wp-image-2839\" src=\"https:\/\/www.i-glocal.com\/wp-content\/themes\/igl\/images\/icon1.png\" alt=\"\" width=\"50\" height=\"65\" \/><\/div>\n<div class=\"content_card\">\n<p class=\"title_gre\"><span class=\"cl_green\">20+<\/span><\/p>\n<p class=\"note1 vie\">n\u0103m kinh nghi\u1ec7m<\/p>\n<\/div>\n<\/div>\n<div class=\"card_l\">\n<div class=\"icon_right\"><img loading=\"lazy\" decoding=\"async\" class=\"alignnone size-full wp-image-2839\" src=\"https:\/\/www.i-glocal.com\/wp-content\/themes\/igl\/images\/icon2.png\" alt=\"\" width=\"50\" height=\"65\" \/><\/div>\n<div class=\"content_card\">\n<p class=\"title_gre\"><span class=\"cl_green\">5+<\/span><\/p>\n<p class=\"note1 vie\">Gi\u1ea3ng vi\u00ean chuy\u00ean gia<\/p>\n<\/div>\n<\/div>\n<div class=\"card_l\">\n<div class=\"icon_right\"><img loading=\"lazy\" decoding=\"async\" class=\"alignnone size-full wp-image-2839\" src=\"https:\/\/www.i-glocal.com\/wp-content\/themes\/igl\/images\/icon3.png\" alt=\"\" width=\"50\" height=\"65\" \/><\/div>\n<div class=\"content_card\">\n<p class=\"title_gre\"><span class=\"cl_green\">100+<\/span><\/p>\n<p class=\"note1 vie\">Kh\u00f3a \u0111\u00e0o t\u1ea1o \u0111\u00e3 tri\u1ec3n khai<\/p>\n<\/div>\n<\/div>\n<\/div>\n<\/div>\n<div class=\"topics\">\n<div class=\"title_wrap\">\n<p class=\"title_line\">C\u00e1c ch\u1ee7 \u0111\u1ec1 ch\u00ednh trong \u0111\u00e0o t\u1ea1o tu\u00e2n th\u1ee7<\/p>\n<\/div>\n<p class=\"center\">N\u1ed9i dung \u0111\u00e0o t\u1ea1o c\u00f3 th\u1ec3 \u0111\u01b0\u1ee3c t\u00f9y ch\u1ec9nh theo nhu c\u1ea7u c\u1ee7a kh\u00e1ch h\u00e0ng.<\/p>\n<div class=\"topic-list\">\n<div class=\"topic\">\n<div class=\"num\">01<\/div>\n<div class=\"content_topic\">\n<p class=\"title_toppic\">\u0110\u00e0o t\u1ea1o Tu\u00e2n th\u1ee7 C\u01a1 b\u1ea3n<\/p>\n<p>\u0110\u1ecbnh ngh\u0129a tu\u00e2n th\u1ee7 (tu\u00e2n th\u1ee7 ph\u00e1p lu\u1eadt, quy \u0111\u1ecbnh n\u1ed9i b\u1ed9, \u0111\u1ea1o \u0111\u1ee9c x\u00e3 h\u1ed9i) v\u00e0 s\u1ef1 c\u1ea7n thi\u1ebft c\u1ee7a ch\u01b0\u01a1ng tr\u00ecnh c\u01a1 b\u1ea3n. Bao g\u1ed3m c\u1ea3 vi\u1ec7c tu\u00e2n th\u1ee7 c\u00e1c quy t\u1eafc \u1ee9ng x\u1eed, s\u1ef1 \u0111a d\u1ea1ng v\u0103n h\u00f3a (Vi\u1ec7t Nam \u2013 Nh\u1eadt B\u1ea3n) \u0111\u1ec3 b\u1ea3o v\u1ec7 c\u00f4ng ty v\u00e0 ng\u01b0\u1eddi lao \u0111\u1ed9ng.<\/p>\n<p class=\"subtitle\">N\u1ed9i dung \u0111\u00e0o t\u1ea1o ch\u00ednh:<\/p>\n<ul class=\"list01\">\n<li>Tu\u00e2n th\u1ee7 l\u00e0 g\u00ec (m\u1ed1i quan h\u1ec7 gi\u1eefa quy \u0111\u1ecbnh ph\u00e1p lu\u1eadt, quy \u0111\u1ecbnh n\u1ed9i b\u1ed9 v\u00e0 \u0111\u1ea1o \u0111\u1ee9c x\u00e3 h\u1ed9i)<\/li>\n<li>T\u1ea1i sao c\u1ea7n tu\u00e2n th\u1ee7 (r\u1ee7i ro \u0111\u1ed1i v\u1edbi c\u00f4ng ty v\u00e0 c\u00e1 nh\u00e2n)<\/li>\n<li>C\u00e1ch suy ngh\u0129 v\u1ec1 quy t\u1eafc \u1ee9ng x\u1eed trong m\u00f4i tr\u01b0\u1eddng \u0111a v\u0103n h\u00f3a<\/li>\n<\/ul>\n<\/div>\n<\/div>\n<div class=\"topic\">\n<div class=\"num cl2\">02<\/div>\n<div class=\"content_topic\">\n<p class=\"title_toppic\">\u0110\u00e0o t\u1ea1o Qu\u1ea3n l\u00fd Th\u00f4ng tin &amp; Ph\u00f2ng ng\u1eeba R\u00f2 r\u1ec9 Th\u00f4ng tin<\/p>\n<p>Trang b\u1ecb ki\u1ebfn th\u1ee9c th\u1ef1c ti\u1ec5n v\u1ec1 b\u1ea3o m\u1eadt th\u00f4ng tin trong nghi\u1ec7p v\u1ee5 h\u00e0ng ng\u00e0y, t\u1eeb \u0111\u1ecbnh ngh\u0129a th\u00f4ng tin m\u1eadt \u0111\u1ebfn nh\u1eefng \u0111i\u1ec3m c\u1ea7n l\u01b0u \u00fd khi qu\u1ea3n l\u00fd thi\u1ebft b\u1ecb c\u00f4ng ngh\u1ec7, s\u1eed d\u1ee5ng m\u1ea1ng x\u00e3 h\u1ed9i v\u00e0 d\u1ecbch v\u1ee5 \u0111\u00e1m m\u00e2y. C\u0169ng n\u1eafm v\u1eefng quy tr\u00ecnh \u1ee9ng ph\u00f3 khi x\u1ea3y ra r\u00f2 r\u1ec9 th\u00f4ng tin.<\/p>\n<p class=\"subtitle\">N\u1ed9i dung \u0111\u00e0o t\u1ea1o ch\u00ednh:<\/p>\n<ul class=\"list01\">\n<li>\u0110\u1ecbnh ngh\u0129a v\u1ec1 b\u1ea3o m\u1eadt th\u00f4ng tin (th\u00f4ng tin kh\u00e1ch h\u00e0ng, th\u00f4ng tin t\u00e0i ch\u00ednh, th\u00f4ng tin c\u00e1 nh\u00e2n, v.v.)<\/li>\n<li>R\u1ee7i ro v\u00e0 bi\u1ec7n ph\u00e1p khi s\u1eed d\u1ee5ng thi\u1ebft b\u1ecb c\u00f4ng ngh\u1ec7, \u0111\u00e1m m\u00e2y v\u00e0 m\u1ea1ng x\u00e3 h\u1ed9i<\/li>\n<li>Ph\u00f2ng ng\u1eeba r\u00f2 r\u1ec9 th\u00f4ng tin t\u1ea1i thang m\u00e1y v\u00e0 n\u01a1i c\u00f4ng c\u1ed9ng<\/li>\n<li>Quy tr\u00ecnh b\u00e1o c\u00e1o v\u00e0 x\u1eed l\u00fd khi x\u1ea3y ra r\u00f2 r\u1ec9<\/li>\n<\/ul>\n<\/div>\n<\/div>\n<div class=\"topic\">\n<div class=\"num\">03<\/div>\n<div class=\"content_topic\">\n<p class=\"title_toppic\">\u0110\u00e0o t\u1ea1o Ph\u00f2ng ng\u1eeba Gian l\u1eadn<\/p>\n<p>Hi\u1ec3u c\u00e1c lo\u1ea1i gian l\u1eadn th\u01b0\u1eddng x\u1ea3y ra t\u1ea1i n\u01a1i l\u00e0m vi\u1ec7c nh\u01b0 tham \u00f4, gian l\u1eadn chi ph\u00ed, ghi ch\u00e9p s\u1ed5 s\u00e1ch gian d\u1ed1i, quy\u1ebft \u0111\u1ecbnh v\u01b0\u1ee3t th\u1ea9m quy\u1ec1n v\u00e0 c\u01a1 ch\u1ebf ph\u00e1t sinh c\u1ee7a ch\u00fang, \u0111\u1ed3ng th\u1eddi h\u1ecdc c\u00e1c bi\u1ec7n ph\u00e1p ph\u00f2ng ng\u1eeba v\u00e0 \u1ee9ng ph\u00f3 khi ph\u00e1t hi\u1ec7n.<\/p>\n<p class=\"subtitle\">N\u1ed9i dung \u0111\u00e0o t\u1ea1o ch\u00ednh:<\/p>\n<ul class=\"list01\">\n<li>C\u00e1c lo\u1ea1i gian l\u1eadn ph\u1ed5 bi\u1ebfn (tham \u00f4, gian l\u1eadn s\u1ed5 s\u00e1ch, l\u1ea1m d\u1ee5ng chi ph\u00ed, v\u01b0\u1ee3t th\u1ea9m quy\u1ec1n)<\/li>\n<li>Nguy\u00ean nh\u00e2n gian l\u1eadn v\u00e0 r\u1ee7i ro t\u1ed5 ch\u1ee9c<\/li>\n<li>C\u01a1 b\u1ea3n v\u1ec1 ki\u1ec3m so\u00e1t n\u1ed9i b\u1ed9 \u0111\u1ec3 ph\u00f2ng ng\u1eeba gian l\u1eadn<\/li>\n<\/ul>\n<\/div>\n<\/div>\n<div class=\"topic\">\n<div class=\"num cl2\">04<\/div>\n<div class=\"content_topic\">\n<p class=\"title_toppic\">\u0110\u00e0o t\u1ea1o Ch\u1ed1ng H\u1ed1i l\u1ed9 &amp; Ph\u00f2ng ch\u1ed1ng Tham nh\u0169ng<\/p>\n<p>Hi\u1ec3u \u0111\u1ecbnh ngh\u0129a h\u1ed1i l\u1ed9 v\u00e0 c\u00e1c h\u00e0nh vi b\u1ecb c\u1ea5m theo quy \u0111\u1ecbnh c\u1ee7a B\u1ed9 lu\u1eadt H\u00ecnh s\u1ef1 Vi\u1ec7t Nam, h\u1ecdc c\u00e1c bi\u1ec7n ph\u00e1p \u1ee9ng ph\u00f3 th\u00f4ng qua c\u00e1c v\u00ed d\u1ee5 c\u1ee5 th\u1ec3 nh\u01b0 t\u1eb7ng qu\u00e0 cho c\u00f4ng ch\u1ee9c, nh\u1eadn hoa h\u1ed3ng t\u1eeb \u0111\u1ed1i t\u00e1c kinh doanh.<\/p>\n<p class=\"subtitle\">N\u1ed9i dung \u0111\u00e0o t\u1ea1o ch\u00ednh:<\/p>\n<ul class=\"list01\">\n<li>\u0110\u1ecbnh ngh\u0129a v\u1ec1 H\u1ed1i l\u1ed9 (B\u1ed9 lu\u1eadt H\u00ecnh s\u1ef1 Vi\u1ec7t Nam)<\/li>\n<li>R\u1ee7i ro khi t\u1eb7ng qu\u00e0 ho\u1eb7c ti\u1ec1n cho c\u00f4ng ch\u1ee9c<\/li>\n<li>V\u1ea5n \u0111\u1ec1 nh\u1eadn hoa h\u1ed3ng t\u1eeb \u0111\u1ed1i t\u00e1c kinh doanh<\/li>\n<li>Quy tr\u00ecnh b\u00e1o c\u00e1o v\u00e0 \u1ee9ng ph\u00f3 khi b\u1ecb y\u00eau c\u1ea7u \u0111\u01b0a h\u1ed1i l\u1ed9<\/li>\n<\/ul>\n<\/div>\n<\/div>\n<div class=\"topic\">\n<div class=\"num\">05<\/div>\n<div class=\"content_topic\">\n<p class=\"title_toppic\">\u0110\u00e0o t\u1ea1o Ph\u00f2ng ng\u1eeba Xung \u0111\u1ed9t L\u1ee3i \u00edch<\/p>\n<p>Hi\u1ec3u c\u00e1c t\u00ecnh hu\u1ed1ng khi l\u1ee3i \u00edch c\u1ee7a c\u00f4ng ty v\u00e0 c\u00e1 nh\u00e2n m\u00e2u thu\u1eabn nhau, n\u1eafm v\u1eefng c\u00e1c ti\u00eau ch\u00ed \u0111\u00e1nh gi\u00e1 ph\u00f9 h\u1ee3p v\u00e0 quy t\u1eafc khai b\u00e1o th\u00f4ng qua c\u00e1c v\u00ed d\u1ee5 c\u1ee5 th\u1ec3 nh\u01b0 s\u1eed d\u1ee5ng tr\u00e1i ph\u00e9p d\u1ecbch v\u1ee5 t\u1eeb doanh nghi\u1ec7p c\u1ee7a ng\u01b0\u1eddi th\u00e2n, ho\u1eb7c s\u1eed d\u1ee5ng t\u00e0i s\u1ea3n c\u00f4ng ty cho m\u1ee5c \u0111\u00edch c\u00e1 nh\u00e2n.<\/p>\n<p class=\"subtitle\">N\u1ed9i dung \u0111\u00e0o t\u1ea1o ch\u00ednh:<\/p>\n<ul class=\"list01\">\n<li>Kh\u00e1i ni\u1ec7m xung \u0111\u1ed9t l\u1ee3i \u00edch v\u00e0 c\u00e1c v\u00ed d\u1ee5 \u0111i\u1ec3n h\u00ecnh<\/li>\n<li>L\u01b0u \u00fd khi s\u1eed d\u1ee5ng nh\u00e0 cung c\u1ea5p l\u00e0 ng\u01b0\u1eddi th\u00e2n ho\u1eb7c quen bi\u1ebft<\/li>\n<li>C\u1ea5m s\u1eed d\u1ee5ng t\u00e0i s\u1ea3n c\u00f4ng ty cho m\u1ee5c \u0111\u00edch c\u00e1 nh\u00e2n<\/li>\n<li>Quy tr\u00ecnh khai b\u00e1o v\u00e0 b\u00e1o c\u00e1o khi nghi ng\u1edd c\u00f3 xung \u0111\u1ed9t l\u1ee3i \u00edch<\/li>\n<\/ul>\n<\/div>\n<\/div>\n<div class=\"topic\">\n<div class=\"num cl2\">06<\/div>\n<div class=\"content_topic\">\n<p class=\"title_toppic\">\u0110\u00e0o t\u1ea1o Ph\u00f2ng ch\u1ed1ng Qu\u1ea5y r\u1ed1i &amp; Tu\u00e2n th\u1ee7 ph\u00e1p lu\u1eadt v\u1ec1 Lao \u0111\u1ed9ng<\/p>\n<p>N\u1eafm \u0111\u01b0\u1ee3c \u0111\u1ecbnh ngh\u0129a v\u00e0 v\u00ed d\u1ee5 v\u1ec1 qu\u1ea5y r\u1ed1i quy\u1ec1n l\u1ef1c, quy \u0111\u1ecbnh x\u1eed ph\u1ea1t, \u0111\u1ed3ng th\u1eddi n\u1eafm v\u1eefng c\u00e1c \u0111i\u1ec3m ch\u00ednh v\u1ec1 tu\u00e2n th\u1ee7 ph\u00e1p lu\u1eadt li\u00ean quan \u0111\u1ebfn c\u00f4ng vi\u1ec7c h\u00e0ng ng\u00e0y nh\u01b0 Lu\u1eadt Lao \u0111\u1ed9ng Vi\u1ec7t Nam, Lu\u1eadt Giao th\u00f4ng, Lu\u1eadt S\u1edf h\u1eefu tr\u00ed tu\u1ec7.<\/p>\n<p class=\"subtitle\">N\u1ed9i dung \u0111\u00e0o t\u1ea1o ch\u00ednh:<\/p>\n<ul class=\"list01\">\n<li>\u0110\u1ecbnh ngh\u0129a qu\u1ea5y r\u1ed1i t\u00ecnh d\u1ee5c, qu\u1ea5y r\u1ed1i quy\u1ec1n l\u1ef1c v\u00e0 c\u00e1c v\u00ed d\u1ee5 t\u1ea1i n\u01a1i l\u00e0m vi\u1ec7c<\/li>\n<li>Ti\u00eau chu\u1ea9n x\u1eed ph\u1ea1t theo Lu\u1eadt Lao \u0111\u1ed9ng v\u00e0 N\u1ed9i quy lao \u0111\u1ed9ng<\/li>\n<li>Tu\u00e2n th\u1ee7 Lu\u1eadt S\u1edf h\u1eefu tr\u00ed tu\u1ec7 (Nghi\u00eam c\u1ea5m s\u1eed d\u1ee5ng ph\u1ea7n m\u1ec1m kh\u00f4ng \u0111\u01b0\u1ee3c ph\u00e9p)<\/li>\n<li>Tu\u00e2n th\u1ee7 lu\u1eadt giao th\u00f4ng v\u00e0 tr\u00e1ch nhi\u1ec7m khi x\u1ea3y ra tai n\u1ea1n<\/li>\n<\/ul>\n<\/div>\n<\/div>\n<\/div>\n<\/div>\n<\/div>\n<div class=\"bottom-compliance\">\n<section class=\"reason-section\">\n<div class=\"overlay\"><\/div>\n<div class=\"container\">\n<p class=\"right_c\"><img decoding=\"async\" src=\"https:\/\/www.i-glocal.com\/wp-content\/themes\/igl\/images\/rereson_ft1.png\" alt=\"training\" \/><\/p>\n<div class=\"left\">\n<div class=\"section-title\">\n<h2>L\u00fd do ch\u00fang t\u00f4i \u0111\u01b0\u1ee3c l\u1ef1a ch\u1ecdn<\/h2>\n<\/div>\n<div class=\"item\">\n<p class=\"title_white\">Kinh nghi\u1ec7m phong ph\u00fa b\u1ea5t k\u1ec3 ng\u00e0nh ngh\u1ec1 hay quy m\u00f4<\/p>\n<p>S\u1ea3n xu\u1ea5t, CNTT, T\u00e0i ch\u00ednh, B\u00e1n l\u1ebb, Y t\u1ebf v\u00e0 nhi\u1ec1u ng\u00e0nh kh\u00e1c, linh ho\u1ea1t h\u1ed7 tr\u1ee3 t\u1eeb quy m\u00f4 10 nh\u00e2n vi\u00ean \u0111\u1ebfn h\u01a1n 100 ng\u01b0\u1eddi.<\/p>\n<\/div>\n<div class=\"item\">\n<p class=\"title_white\">T\u00f9y ch\u1ec9nh ho\u00e0n to\u00e0n n\u1ed9i dung \u0111\u00e0o t\u1ea1o<\/p>\n<p>Ngo\u00e0i ch\u01b0\u01a1ng tr\u00ecnh c\u01a1 b\u1ea3n d\u1ef1a tr\u00ean kinh nghi\u1ec7m th\u1ef1c t\u1ebf c\u1ee7a ch\u00fang t\u00f4i, ch\u00fang t\u00f4i cung c\u1ea5p c\u00e1c ch\u1ee7 \u0111\u1ec1 m\u00e0 kh\u00e1ch h\u00e0ng \u0111\u1eb7c bi\u1ec7t mu\u1ed1n nh\u1ea5n m\u1ea1nh c\u00f9ng v\u1edbi c\u00e1c v\u00ed d\u1ee5 th\u1ef1c ti\u1ec5n.<\/p>\n<\/div>\n<div class=\"item\">\n<p class=\"title_white\">T\u1ed1i \u0111a h\u00f3a s\u1ef1 quan t\u00e2m c\u1ee7a nh\u00e2n vi\u00ean qua \u0111\u00e0o t\u1ea1o t\u01b0\u01a1ng t\u00e1c<\/p>\n<p>D\u1ef1a tr\u00ean \u0111\u1eb7c \u0111i\u1ec3m c\u1ee7a ng\u01b0\u1eddi Vi\u1ec7t Nam, ch\u01b0\u01a1ng tr\u00ecnh \u0111\u01b0\u1ee3c thi\u1ebft k\u1ebf l\u1ea5y ho\u1ea1t \u0111\u1ed9ng l\u00e0m vi\u1ec7c nh\u00f3m v\u00e0 th\u1ea3o lu\u1eadn l\u00e0m tr\u1ecdng t\u00e2m, nh\u1eb1m t\u1ea1o ra m\u00f4i tr\u01b0\u1eddng gi\u00fap ng\u01b0\u1eddi h\u1ecdc ch\u1ee7 \u0111\u1ed9ng ti\u1ebfp thu v\u00e0 hi\u1ec3u v\u1ea5n \u0111\u1ec1 nh\u01b0 l\u00e0 c\u1ee7a ch\u00ednh m\u00ecnh.<\/p>\n<\/div>\n<div class=\"item mb0\">\n<p class=\"title_white\">\u0110\u1ed9 tin c\u1eady ph\u00e1p l\u00fd cao t\u1eeb c\u00e1c chuy\u00ean gia<\/p>\n<p>Gi\u1ea3ng vi\u00ean l\u00e0 ng\u01b0\u1eddi c\u00f3 ch\u1ee9ng ch\u1ec9 Lu\u1eadt s\u01b0 c\u1ee7a Vi\u1ec7t Nam ho\u1eb7c Ch\u1ee9ng ch\u1ec9 Ki\u1ec3m to\u00e1n vi\u00ean Gian l\u1eadn Qu\u1ed1c t\u1ebf (CFE), do \u0111\u00f3 c\u00f3 th\u1ec3 h\u1ed7 tr\u1ee3 c\u1eadp nh\u1eadt c\u00e1c thay \u0111\u1ed5i ph\u00e1p lu\u1eadt v\u00e0 t\u01b0 v\u1ea5n ri\u00eang theo t\u1eebng tr\u01b0\u1eddng h\u1ee3p. Qua \u0111\u00f3 \u0111\u1ea3m b\u1ea3o t\u00ednh ch\u00ednh x\u00e1c v\u00e0 \u0111\u1ed9 tin c\u1eady c\u1ee7a n\u1ed9i dung \u0111\u00e0o t\u1ea1o.<\/p>\n<\/div>\n<\/div>\n<div class=\"right\">\n<div class=\"item\">\n<p class=\"title_white\">H\u00ecnh th\u1ee9c tri\u1ec3n khai linh ho\u1ea1t (tr\u1ef1c ti\u1ebfp \u2013 online \u2013 hybrid)<\/p>\n<p>C\u00f3 th\u1ec3 th\u1ef1c hi\u1ec7n theo h\u00ecnh th\u1ee9c t\u1ed1i \u01b0u ph\u00f9 h\u1ee3p v\u1edbi nhu c\u1ea7u c\u1ee7a kh\u00e1ch h\u00e0ng.<\/p>\n<\/div>\n<div class=\"item\">\n<p class=\"title_white\">Th\u1eddi gian \u0111\u00e0o t\u1ea1o tham kh\u1ea3o: n\u1eeda ng\u00e0y \u0111\u1ebfn 1 ng\u00e0y<\/p>\n<p>Kh\u00f3a \u0111\u00e0o t\u1ea1o tu\u00e2n th\u1ee7 c\u00f3 th\u1ec3 tri\u1ec3n khai trong n\u1eeda ng\u00e0y (bu\u1ed5i s\u00e1ng ho\u1eb7c bu\u1ed5i chi\u1ec1u).<br \/>\nTr\u01b0\u1eddng h\u1ee3p k\u1ebft h\u1ee3p v\u1edbi n\u1ed9i dung truy\u1ec1n t\u1ea3i v\u00e0 c\u1ee7ng c\u1ed1 v\u0103n h\u00f3a ri\u00eang c\u1ee7a t\u1eebng doanh nghi\u1ec7p, ch\u01b0\u01a1ng tr\u00ecnh 1 ng\u00e0y s\u1ebd mang l\u1ea1i hi\u1ec7u qu\u1ea3 cao h\u01a1n.<\/p>\n<\/div>\n<div class=\"item mb0\">\n<p class=\"title_white\">X\u00e2y d\u1ef1ng v\u0103n h\u00f3a doanh nghi\u1ec7p qua t\u1ed5 ch\u1ee9c \u0111\u1ecbnh k\u1ef3<\/p>\n<p>Khuy\u1ebfn ngh\u1ecb t\u1ed5 ch\u1ee9c \u0111\u1ecbnh k\u1ef3 1\u20132 l\u1ea7n\/n\u0103m.<br \/>\nVi\u1ec7c tri\u1ec3n khai \u0111\u1ecbnh k\u1ef3 s\u1ebd gi\u00fap tu\u00e2n th\u1ee7 kh\u00f4ng ch\u1ec9 l\u00e0 \u201cngh\u0129a v\u1ee5 h\u00ecnh th\u1ee9c\u201d m\u00e0 tr\u1edf th\u00e0nh m\u1ed9t ph\u1ea7n c\u1ee7a v\u0103n h\u00f3a doanh nghi\u1ec7p, t\u1eeb \u0111\u00f3 th\u00fac \u0111\u1ea9y s\u1ef1 chuy\u1ec3n bi\u1ebfn h\u00e0nh vi c\u1ee7a nh\u00e2n vi\u00ean.<\/p>\n<\/div>\n<\/div>\n<\/div>\n<\/section>\n<section class=\"industry\">\n<div class=\"container\">\n<h3 class=\"title_reson\">Ng\u00e0nh ngh\u1ec1 h\u1ed7 tr\u1ee3<\/h3>\n<div class=\"grid\">\n<div class=\"card\">\n<p class=\"title_sm_reson\">S\u1ea3n xu\u1ea5t &amp; X\u00e2y d\u1ef1ng<\/p>\n<p>Ch\u01b0\u01a1ng tr\u00ecnh chuy\u00ean bi\u1ec7t cho ng\u00e0nh s\u1ea3n xu\u1ea5t bao g\u1ed3m tu\u00e2n th\u1ee7 an to\u00e0n lao \u0111\u1ed9ng, quy \u0111\u1ecbnh v\u1ec1 th\u1ea7u ph\u1ee5\/gia c\u00f4ng v\u00e0 tu\u00e2n th\u1ee7 quy \u0111\u1ecbnh v\u1ec1 m\u00f4i tr\u01b0\u1eddng<\/p>\n<\/div>\n<div class=\"card\">\n<p class=\"title_sm_reson\">CNTT &amp; Truy\u1ec1n th\u00f4ng<\/p>\n<p>\u0110\u00e0o t\u1ea1o chuy\u00ean bi\u1ec7t v\u1ec1 b\u1ea3o v\u1ec7 th\u00f4ng tin c\u00e1 nh\u00e2n, b\u1ea3o m\u1eadt v\u00e0 qu\u1ea3n l\u00fd nh\u00e0 th\u1ea7u\/\u0111\u1ed1i t\u00e1c<\/p>\n<\/div>\n<div class=\"card\">\n<p class=\"title_sm_reson\">Th\u01b0\u01a1ng m\u1ea1i &amp; Xu\u1ea5t nh\u1eadp kh\u1ea9u<\/p>\n<p>Ph\u00f9 h\u1ee3p v\u1edbi c\u00e1c quy \u0111\u1ecbnh v\u1ec1 xu\u1ea5t nh\u1eadp kh\u1ea9u, lu\u1eadt ch\u1ed1ng \u0111\u1ed9c quy\u1ec1n, qu\u1ea3n l\u00fd \u0111\u1ed1i t\u00e1c v\u00e0 ph\u00f2ng ch\u1ed1ng c\u1ea1nh tranh kh\u00f4ng l\u00e0nh m\u1ea1nh<\/p>\n<\/div>\n<div class=\"card\">\n<p class=\"title_sm_reson\">Y t\u1ebf &amp; Ph\u00fac l\u1ee3i x\u00e3 h\u1ed9i<\/p>\n<p>Ch\u01b0\u01a1ng tr\u00ecnh t\u00edch h\u1ee3p c\u00e1c n\u1ed9i dung v\u1ec1 b\u1ea3o m\u1eadt th\u00f4ng tin c\u00e1 nh\u00e2n, \u0111\u1ea1o \u0111\u1ee9c y t\u1ebf v\u00e0 ph\u00f2ng ch\u1ed1ng qu\u1ea5y r\u1ed1i<\/p>\n<\/div>\n<div class=\"card\">\n<p class=\"title_sm_reson\">X\u00e2y d\u1ef1ng &amp; B\u1ea5t \u0111\u1ed9ng s\u1ea3n<\/p>\n<p>Ch\u01b0\u01a1ng tr\u00ecnh \u0111\u00e0o t\u1ea1o chuy\u00ean bi\u1ec7t v\u1ec1 Lu\u1eadt X\u00e2y d\u1ef1ng, Lu\u1eadt Kinh doanh B\u1ea5t \u0111\u1ed9ng s\u1ea3n v\u00e0 quy \u0111\u1ecbnh v\u1ec1 an to\u00e0n v\u1ec7 sinh lao \u0111\u1ed9ng<\/p>\n<\/div>\n<\/div>\n<\/div>\n<\/section>\n<\/div>\n","protected":false},"excerpt":{"rendered":"<p>\u0110\u00c0O T\u1ea0O TU\u00c2N TH\u1ee6 TO\u00c0N DI\u1ec6N \u2013 H\u1ed6 TR\u1ee2 B\u1ea2O V\u1ec6 DOANH NGHI\u1ec6P TR\u1eccN G\u00d3I T\u1eeb tu\u00e2n th\u1ee7 ph\u00e1p lu\u1eadt, ph\u00f2ng ch\u1ed1ng qu\u1ea5y r\u1ed1i, b\u1ea3o m\u1eadt th\u00f4ng tin \u0111\u1ebfn ph\u00f2ng ng\u1eeba gian l\u1eadn. Ch\u01b0\u01a1ng tr\u00ecnh \u0111\u00e0o t\u1ea1o \u0111\u01b0\u1ee3c thi\u1ebft k\u1ebf ri\u00eang ph\u00f9 h\u1ee3p v\u1edbi ng\u00e0nh ngh\u1ec1, quy m\u00f4 v\u00e0 y\u00eau c\u1ea7u c\u1ee7a doanh nghi\u1ec7p, gi\u00fap [&hellip;]<\/p>\n","protected":false},"author":2,"featured_media":0,"parent":558,"menu_order":0,"comment_status":"closed","ping_status":"closed","template":"","meta":{"om_disable_all_campaigns":false,"_monsterinsights_skip_tracking":false,"_monsterinsights_sitenote_active":false,"_monsterinsights_sitenote_note":"","_monsterinsights_sitenote_category":0,"_locale":"vi","_original_post":"https:\/\/www.i-glocal.com\/?page_id=6853","footnotes":""},"class_list":["post-6857","page","type-page","status-publish","hentry","vi"],"acf":[],"aioseo_notices":[],"_links":{"self":[{"href":"https:\/\/www.i-glocal.com\/wp-json\/wp\/v2\/pages\/6857","targetHints":{"allow":["GET"]}}],"collection":[{"href":"https:\/\/www.i-glocal.com\/wp-json\/wp\/v2\/pages"}],"about":[{"href":"https:\/\/www.i-glocal.com\/wp-json\/wp\/v2\/types\/page"}],"author":[{"embeddable":true,"href":"https:\/\/www.i-glocal.com\/wp-json\/wp\/v2\/users\/2"}],"replies":[{"embeddable":true,"href":"https:\/\/www.i-glocal.com\/wp-json\/wp\/v2\/comments?post=6857"}],"version-history":[{"count":5,"href":"https:\/\/www.i-glocal.com\/wp-json\/wp\/v2\/pages\/6857\/revisions"}],"predecessor-version":[{"id":6891,"href":"https:\/\/www.i-glocal.com\/wp-json\/wp\/v2\/pages\/6857\/revisions\/6891"}],"up":[{"embeddable":true,"href":"https:\/\/www.i-glocal.com\/wp-json\/wp\/v2\/pages\/558"}],"wp:attachment":[{"href":"https:\/\/www.i-glocal.com\/wp-json\/wp\/v2\/media?parent=6857"}],"curies":[{"name":"wp","href":"https:\/\/api.w.org\/{rel}","templated":true}]}}