{"id":6764,"date":"2026-04-06T14:49:14","date_gmt":"2026-04-06T05:49:14","guid":{"rendered":"https:\/\/www.i-glocal.com\/?page_id=6764"},"modified":"2026-04-06T19:19:44","modified_gmt":"2026-04-06T10:19:44","slug":"message","status":"publish","type":"page","link":"https:\/\/www.i-glocal.com\/vi\/aboutus\/message\/","title":{"rendered":"Message"},"content":{"rendered":"<div class=\"message_box01\">\n<div class=\"cont\">\n<div class=\"boxh3\">\n<p class=\"sub_h3\">Th\u00f4ng \u0111i\u1ec7p<\/p>\n<h3>MESSAGE<\/h3>\n<\/div>\n<p class=\"title\">C\u00f9ng R\u1ed3ng Bay Ch\u00e2u \u00c1 (Th\u0103ng Long)<\/p>\n<p>Tr\u00e2n tr\u1ecdng c\u1ea3m \u01a1n qu\u00fd kh\u00e1ch \u0111\u00e3 lu\u00f4n tin t\u01b0\u1edfng v\u00e0 \u1ee7ng h\u1ed9 ch\u00fang t\u00f4i.<\/p>\n<p>Vi\u1ec7t Nam lu\u00f4n \u0111\u01b0\u1ee3c d\u1eabn d\u1eaft b\u1edfi s\u1ee9c m\u1ea1nh c\u1ee7a nh\u1eefng con ng\u01b0\u1eddi kh\u00f4ng ng\u1eebng ti\u1ebfn v\u1ec1 ph\u00eda tr\u01b0\u1edbc d\u00f9 \u0111\u1ed1i m\u1eb7t v\u1edbi v\u00f4 v\u00e0n th\u1eed th\u00e1ch, c\u00f9ng s\u1ef1 \u1ea5m \u00e1p trong t\u00ecnh c\u1ea3m gia \u0111\u00ecnh v\u00e0 c\u1ed9ng \u0111\u1ed3ng \u2014 \u0111\u00f3 ch\u00ednh l\u00e0 ngu\u1ed3n \u0111\u1ed9ng l\u1ef1c phong ph\u00fa v\u1ec1 tinh th\u1ea7n v\u00e0 nh\u00e2n v\u0103n.<\/p>\n<p>Hi\u1ec7n t\u1ea1i, h\u01b0\u1edbng t\u1edbi m\u1ee5c ti\u00eau tr\u1edf th\u00e0nh qu\u1ed1c gia ph\u00e1t tri\u1ec3n v\u00e0o n\u0103m 2045, Vi\u1ec7t Nam \u0111ang thay \u0111\u1ed5i v\u1edbi t\u1ed1c \u0111\u1ed9 \u0111\u00e1ng kinh ng\u1ea1c nh\u01b0 m\u1ed9t con R\u1ed3ng Bay (Th\u0103ng Long) c\u1ee7a ch\u00e2u \u00c1. \u0110\u1ed3ng th\u1eddi, h\u1ec7 th\u1ed1ng ph\u00e1p lu\u1eadt, thu\u1ebf v\u00e0 m\u00f4i tr\u01b0\u1eddng lao \u0111\u1ed9ng c\u0169ng li\u00ean t\u1ee5c \u0111\u01b0\u1ee3c \u0111\u1ed5i m\u1edbi, khi\u1ebfn nh\u1eefng y\u00eau c\u1ea7u \u0111\u1eb7t ra t\u1ea1i \u0111\u1ecba ph\u01b0\u01a1ng ng\u00e0y c\u00e0ng cao h\u01a1n v\u00e0 ph\u1ee9c t\u1ea1p h\u01a1n.<\/p>\n<p>Ch\u00fang t\u00f4i xem nh\u1eefng thay \u0111\u1ed5i n\u00e0y l\u00e0 &#8216;c\u01a1 h\u1ed9i \u0111\u1ec3 ph\u00e1t tri\u1ec3n&#8217;. V\u1eeba c\u1ed9ng sinh c\u00f9ng AI, v\u1eeba t\u1eadp trung v\u00e0o nh\u1eefng \u0111i\u1ec1u ch\u1ec9 con ng\u01b0\u1eddi m\u1edbi c\u00f3 th\u1ec3 l\u00e0m \u2014 s\u1ef1 nh\u1ea1y b\u00e9n, ph\u00e1n \u0111o\u00e1n v\u00e0 x\u00e2y d\u1ef1ng ni\u1ec1m tin \u2014 ch\u00fang t\u00f4i kh\u00f4ng ng\u1eebng ti\u1ebfn h\u00f3a \u0111\u1ec3 tr\u1edf th\u00e0nh ng\u01b0\u1eddi \u0111\u1ed1i t\u00e1c th\u1ef1c s\u1ef1 \u0111\u00f3ng g\u00f3p v\u00e0o qu\u00e1 tr\u00ecnh ra quy\u1ebft \u0111\u1ecbnh c\u1ee7a kh\u00e1ch h\u00e0ng. Khi Vi\u1ec7t Nam gia nh\u1eadp nh\u00f3m n\u01b0\u1edbc ph\u00e1t tri\u1ec3n v\u00e0 \u0111\u1ed1i m\u1eb7t v\u1edbi s\u1ef1 k\u1ebft th\u00fac c\u1ee7a th\u1eddi k\u1ef3 d\u00e2n s\u1ed1 v\u00e0ng, \u0111\u1ea5t n\u01b0\u1edbc c\u00f3 th\u1ec3 s\u1ebd \u0111\u1ed1i m\u1eb7t v\u1edbi nh\u1eefng th\u00e1ch th\u1ee9c x\u00e3 h\u1ed9i m\u00e0 ch\u00fang t\u00f4i \u0111\u00e3 tr\u1ea3i qua trong h\u01a1n 20 n\u0103m qua. Ch\u00fang t\u00f4i cam k\u1ebft nh\u00ecn th\u1ea5y nh\u1eefng thay \u0111\u1ed5i \u0111\u00f3 s\u1edbm h\u01a1n b\u1ea5t k\u1ef3 ai v\u00e0 th\u1ec3 hi\u1ec7n s\u1ef1 hi\u1ec7n di\u1ec7n c\u1ee7a m\u00ecnh c\u00f9ng v\u1edbi th\u1eddi \u0111\u1ea1i.<\/p>\n<p>M\u1ed9t l\u1ea7n n\u1eefa, ch\u00fang t\u00f4i k\u00ednh mong ti\u1ebfp t\u1ee5c nh\u1eadn \u0111\u01b0\u1ee3c s\u1ef1 tin t\u01b0\u1edfng v\u00e0 \u1ee7ng h\u1ed9 c\u1ee7a qu\u00fd kh\u00e1ch.<\/p>\n<p class=\"underwrite\"><span>T\u1eadp \u0111o\u00e0n I-GLOCAL<\/span><\/p>\n<p class=\"center\"><img decoding=\"async\" src=\"https:\/\/www.i-glocal.com\/wp-content\/themes\/igl\/images\/messenge_img01.jpg\" alt=\"MESSAGE\" \/><\/p>\n<\/div>\n<\/div>\n<h4>L\u1ecbch s\u1eed c\u1ee7a I-GLOCAL Group<\/h4>\n<div class=\"message_box02\">\n<p class=\"col_l\"><img decoding=\"async\" src=\"https:\/\/www.i-glocal.com\/wp-content\/themes\/igl\/images\/messenge_img02.png\" alt=\"L\u1ecbch s\u1eed c\u1ee7a I-GLOCAL Group\" \/><\/p>\n<div class=\"col_c\">\n<p class=\"title\">Gi\u1edbi thi\u1ec7u v\u1ec1 l\u1ecbch s\u1eed c\u1ee7a T\u1eadp \u0111o\u00e0n I-GLOCAL<br \/>\nth\u00f4ng qua b\u00e0i ph\u1ecfng v\u1ea5n nh\u00e0 s\u00e1ng l\u1eadp Yusuke Kabuki.<\/p>\n<p>\u0110\u01b0\u1ee3c tr\u00edch \u0111\u0103ng l\u1ea1i t\u1eeb Accountant\u2019s Magazine s\u1ed1 78<\/p>\n<\/div>\n<div class=\"col_r\">\n<p><a href=\"https:\/\/www.i-glocal.com\/wp-content\/themes\/igl\/pdf\/aboutus\/IGL.pdf\">Xem b\u00e0i vi\u1ebft<\/a><\/p>\n<\/div>\n<\/div>\n","protected":false},"excerpt":{"rendered":"<p>Th\u00f4ng \u0111i\u1ec7p MESSAGE C\u00f9ng R\u1ed3ng Bay Ch\u00e2u \u00c1 (Th\u0103ng Long) Tr\u00e2n tr\u1ecdng c\u1ea3m \u01a1n qu\u00fd kh\u00e1ch \u0111\u00e3 lu\u00f4n tin t\u01b0\u1edfng v\u00e0 \u1ee7ng h\u1ed9 ch\u00fang t\u00f4i. Vi\u1ec7t Nam lu\u00f4n \u0111\u01b0\u1ee3c d\u1eabn d\u1eaft b\u1edfi s\u1ee9c m\u1ea1nh c\u1ee7a nh\u1eefng con ng\u01b0\u1eddi kh\u00f4ng ng\u1eebng ti\u1ebfn v\u1ec1 ph\u00eda tr\u01b0\u1edbc d\u00f9 \u0111\u1ed1i m\u1eb7t v\u1edbi v\u00f4 v\u00e0n th\u1eed th\u00e1ch, c\u00f9ng s\u1ef1 \u1ea5m [&hellip;]<\/p>\n","protected":false},"author":2,"featured_media":0,"parent":472,"menu_order":0,"comment_status":"closed","ping_status":"closed","template":"","meta":{"om_disable_all_campaigns":false,"_monsterinsights_skip_tracking":false,"_monsterinsights_sitenote_active":false,"_monsterinsights_sitenote_note":"","_monsterinsights_sitenote_category":0,"_locale":"vi","_original_post":"https:\/\/www.i-glocal.com\/?page_id=6756","footnotes":""},"class_list":["post-6764","page","type-page","status-publish","hentry","vi"],"acf":[],"aioseo_notices":[],"_links":{"self":[{"href":"https:\/\/www.i-glocal.com\/wp-json\/wp\/v2\/pages\/6764","targetHints":{"allow":["GET"]}}],"collection":[{"href":"https:\/\/www.i-glocal.com\/wp-json\/wp\/v2\/pages"}],"about":[{"href":"https:\/\/www.i-glocal.com\/wp-json\/wp\/v2\/types\/page"}],"author":[{"embeddable":true,"href":"https:\/\/www.i-glocal.com\/wp-json\/wp\/v2\/users\/2"}],"replies":[{"embeddable":true,"href":"https:\/\/www.i-glocal.com\/wp-json\/wp\/v2\/comments?post=6764"}],"version-history":[{"count":3,"href":"https:\/\/www.i-glocal.com\/wp-json\/wp\/v2\/pages\/6764\/revisions"}],"predecessor-version":[{"id":6779,"href":"https:\/\/www.i-glocal.com\/wp-json\/wp\/v2\/pages\/6764\/revisions\/6779"}],"up":[{"embeddable":true,"href":"https:\/\/www.i-glocal.com\/wp-json\/wp\/v2\/pages\/472"}],"wp:attachment":[{"href":"https:\/\/www.i-glocal.com\/wp-json\/wp\/v2\/media?parent=6764"}],"curies":[{"name":"wp","href":"https:\/\/api.w.org\/{rel}","templated":true}]}}