{"id":609,"date":"2023-01-06T19:01:54","date_gmt":"2023-01-06T10:01:54","guid":{"rendered":"http:\/\/i-glocal-com.check-xserver.jp\/?page_id=609"},"modified":"2023-01-06T19:29:56","modified_gmt":"2023-01-06T10:29:56","slug":"privacy-policy","status":"publish","type":"page","link":"https:\/\/www.i-glocal.com\/vi\/privacy-policy\/","title":{"rendered":"Privacy Policy"},"content":{"rendered":"<div class=\"under_tb\">\n<dl class=\"under_tblist\">\n<dt><span class=\"\">1. Th\u00f4ng tin c\u00e1 nh\u00e2n<\/span><\/dt>\n<dd>Theo quy \u0111\u1ecbnh ph\u00e1p lu\u1eadt v\u1ec1 vi\u1ec7c b\u1ea3o v\u1ec7 th\u00f4ng tin c\u00e1 nh\u00e2n, th\u00f4ng tin c\u00e1 nh\u00e2n l\u00e0 th\u00f4ng tin \u0111\u1ee7 \u0111\u1ec3 x\u00e1c \u0111\u1ecbnh ch\u00ednh x\u00e1c danh t\u00ednh m\u1ed9t c\u00e1 nh\u00e2n, bao g\u1ed3m \u00edt nh\u1ea5t n\u1ed9i dung trong nh\u1eefng th\u00f4ng tin: h\u1ecd t\u00ean, ng\u00e0y sinh, \u0111\u1ecba ch\u1ec9 email, t\u00e0i kho\u1ea3n ng\u01b0\u1eddi d\u00f9ng, m\u1eadt kh\u1ea9u \u0111\u0103ng nh\u1eadp, th\u1ebb t\u00edn d\u1ee5ng v\u00e0 m\u1ed9t s\u1ed1 th\u00f4ng tin ri\u00eang t\u01b0 v\u1ec1 \u0111\u1eddi s\u1ed1ng, s\u1edf th\u00edch v\u00e0 th\u00e0nh vi\u00ean gia \u0111\u00ecnh, &#8230;<\/dd>\n<\/dl>\n<dl class=\"under_tblist\">\n<dt><span class=\"\">2. Cookie &#038; \u0111\u1ecba ch\u1ec9 IP<\/span><\/dt>\n<dd>Cookie v\u00e0 \u0111\u1ecba ch\u1ec9 IP kh\u00f4ng \u0111\u01b0\u1ee3c xem l\u00e0 th\u00f4ng tin c\u00e1 nh\u00e2n v\u00ec ch\u00fang kh\u00f4ng th\u1ec3 \u0111\u1ecbnh danh m\u1ed9t c\u00e1 nh\u00e2n c\u1ee5 th\u1ec3 khi s\u1eed d\u1ee5ng \u0111\u1ed9c l\u1eadp. Tuy nhi\u00ean, khi cookie, \u0111\u1ecba ch\u1ec9 IP v\u00e0 th\u00f4ng tin c\u00e1 nh\u00e2n \u0111\u01b0\u1ee3c c\u00f9ng s\u1eed d\u1ee5ng b\u1edfi m\u1ed9t c\u00e1 nh\u00e2n, nh\u1eefng th\u00f4ng tin n\u00e0y s\u1ebd \u0111\u01b0\u1ee3c xem l\u00e0 m\u1ed9t trong nh\u1eefng th\u00f4ng tin c\u00e1 nh\u00e2n. T\u1ea1i c\u00e1c ph\u01b0\u01a1ng ti\u1ec7n truy\u1ec1n th\u00f4ng do I-GLOCAL ph\u00e1t tri\u1ec3n, ch\u00fang t\u00f4i s\u1ebd x\u00e1c nh\u1eadn m\u1ee5c \u0111\u00edch v\u00e0 ph\u01b0\u01a1ng th\u1ee9c khi c\u1ea7n thu th\u1eadp cookie v\u00e0 \u0111\u1ecba ch\u1ec9 IP c\u1ee7a ng\u01b0\u1eddi d\u00f9ng, ngay c\u1ea3 khi kh\u00f4ng th\u1ec3 x\u00e1c \u0111\u1ecbnh danh t\u00ednh c\u1ee7a m\u1ed9t c\u00e1 nh\u00e2n c\u1ee5 th\u1ec3. Tuy nhi\u00ean, ng\u01b0\u1eddi d\u00f9ng c\u00f3 th\u1ec3 t\u1eeb ch\u1ed1i quy\u1ec1n truy c\u1eadp cookie th\u00f4ng qua c\u00e0i \u0111\u1eb7t tr\u00ecnh duy\u1ec7t v\u00e0 d\u1eebng c\u00e1c ho\u1ea1t \u0111\u1ed9ng t\u1ea1i trang web.<\/dd>\n<\/dl>\n<dl class=\"under_tblist\">\n<dt><span class=\"\">3. D\u1eef li\u1ec7u thu th\u1eadp b\u1edfi Google Analytics<\/span><\/dt>\n<dd>\n<p>T\u1ea1i trang web n\u00e0y, I-GLOCAL \u0111ang s\u1eed d\u1ee5ng gi\u1ea3i ph\u00e1p Google Analytics \u0111\u1ec3 ph\u00e2n t\u00edch v\u00e0 qu\u1ea3n l\u00fd l\u01b0u l\u01b0\u1ee3ng truy c\u1eadp. Google Analytics s\u1ebd ch\u1ec9 s\u1eed d\u1ee5ng cookie \u0111\u1ec3 thu th\u1eadp d\u1eef li\u1ec7u truy c\u1eadp c\u1ee7a ng\u01b0\u1eddi d\u00f9ng m\u00e0 kh\u00f4ng thu th\u1eadp b\u1ea5t k\u1ef3 th\u00f4ng tin \u0111\u1ecbnh danh c\u00e1 nh\u00e2n n\u00e0o kh\u00e1c. T\u00ednh n\u0103ng n\u00e0y c\u00f3 th\u1ec3 b\u1ecb t\u1eeb ch\u1ed1i truy c\u1eadp b\u1eb1ng c\u00e1ch t\u1eaft cookie t\u1eeb tr\u00ecnh duy\u1ec7t ng\u01b0\u1eddi d\u00f9ng.<br \/>\nD\u1eef li\u1ec7u \u0111\u01b0\u1ee3c thu th\u1eadp th\u00f4ng qua vi\u1ec7c s\u1eed d\u1ee5ng Google Analytics s\u1ebd \u0111\u01b0\u1ee3c qu\u1ea3n l\u00fd d\u1ef1a tr\u00ean ch\u00ednh s\u00e1ch b\u1ea3o m\u1eadt c\u1ee7a Google. Vui l\u00f2ng truy c\u1eadp v\u00e0o trang web Google Analytics \u0111\u1ec3 t\u00ecm hi\u1ec3u c\u00e1c \u0111i\u1ec1u kho\u1ea3n s\u1eed d\u1ee5ng v\u00e0 ch\u00ednh s\u00e1ch b\u1ea3o m\u1eadt: <a href=\"https:\/\/marketingplatform.google.com\/about\/analytics\/terms\/jp\/\" target=\"_blank\" rel=\"noopener\">https:\/\/marketingplatform.google.com\/about\/analytics\/terms\/jp\/<\/a><br \/> <a href=\"https:\/\/policies.google.com\/privacy?hl=ja\" target=\"_blank\" rel=\"noopener\">https:\/\/policies.google.com\/privacy?hl=ja<\/a><\/p>\n<p>I-GLOCAL s\u1ebd kh\u00f4ng ch\u1ecbu tr\u00e1ch nhi\u1ec7m cho b\u1ea5t k\u1ef3 thi\u1ec7t h\u1ea1i ph\u00e1t sinh n\u00e0o c\u00f3 th\u1ec3 b\u1ecb \u1ea3nh h\u01b0\u1edfng b\u1edfi Google Analytics<br \/>\n(Google Analytics\u2122 \u0111\u01b0\u1ee3c ph\u00e1t tri\u1ec3n v\u00e0 v\u1eadn h\u00e0nh b\u1edfi Google Inc.)<\/p>\n<\/dd>\n<\/dl>\n<dl class=\"under_tblist\">\n<dt><span class=\"\">4. M\u1ee5c \u0111\u00edch s\u1eed d\u1ee5ng th\u00f4ng tin c\u00e1 nh\u00e2n<\/span><\/dt>\n<dd>V\u1edbi t\u1eebng \u0111\u1ed1i t\u01b0\u1ee3ng c\u1ee5 th\u1ec3, I-GLOCAL s\u1ebd ch\u1ec9 thu th\u1eadp v\u00e0 s\u1eed d\u1ee5ng th\u00f4ng tin c\u00e1 nh\u00e2n v\u00e0o c\u00e1c m\u1ee5c \u0111\u00edch sau \u0111\u00e2y: <br \/>\n(1) Th\u00f4ng tin \u0111\u1ed1i t\u00e1c<br \/>\n&#8211; Li\u00ean h\u1ec7 trong su\u1ed1t qu\u00e1 tr\u00ecnh giao d\u1ecbch<br \/>\n&#8211; Th\u1ef1c hi\u1ec7n h\u1ee3p \u0111\u1ed3ng<br \/>\n&#8211; X\u1eed l\u00fd nghi\u1ec7p v\u1ee5 theo d\u1ecbch v\u1ee5, y\u00eau c\u1ea7u thanh to\u00e1n v\u00e0 ph\u00e1t h\u00e0nh h\u00f3a \u0111\u01a1n<br \/>\n&#8211; Kh\u1ea3o s\u00e1t v\u00e0 c\u1ea3i thi\u1ec7n ch\u1ea5t l\u01b0\u1ee3ng d\u1ecbch v\u1ee5<br \/>\n(2) Th\u00f4ng tin nh\u00e2n vi\u00ean<br \/>\n&#8211; Qu\u1ea3n l\u00fd nh\u00e2n s\u1ef1<br \/>\n&#8211; Qu\u1ea3n l\u00fd c\u00f4ng vi\u1ec7c<br \/>\n(3) Th\u00f4ng tin \u1ee9ng vi\u00ean<br \/>\n&#8211; Li\u00ean h\u1ec7 tuy\u1ec3n d\u1ee5ng<br \/>\n&#8211; Qu\u1ea3n l\u00fd tuy\u1ec3n d\u1ee5ng<br \/>\n&#8211; M\u1ed9t s\u1ed1 ho\u1ea1t \u0111\u1ed9ng kh\u00e1c h\u1ed7 tr\u1ee3 qu\u00e1 tr\u00ecnh tuy\u1ec3n d\u1ee5ng<br \/>\nTrong m\u1ecdi tr\u01b0\u1eddng h\u1ee3p \u0111\u1eb7c th\u00f9 kh\u00e1c m\u00e0 c\u00e1c th\u00f4ng tin thu th\u1eadp kh\u00f4ng n\u1eb1m trong danh s\u00e1ch v\u1eeba li\u1ec7t k\u00ea, ch\u00fang t\u00f4i s\u1ebd l\u00e0m r\u00f5 m\u1ee5c \u0111\u00edch thu th\u1eadp v\u00e0 \u0111\u1ea3m b\u1ea3o s\u1eed d\u1ee5ng th\u00f4ng tin c\u00e1 nh\u00e2n \u0111\u00fang theo m\u1ee5c \u0111\u00edch \u0111\u00e3 \u0111\u1ec1 xu\u1ea5t ban \u0111\u1ea7u.<\/dd>\n<\/dl>\n<dl class=\"under_tblist\">\n<dt><span class=\"\">5. Gi\u1edbi h\u1ea1n s\u1eed d\u1ee5ng th\u00f4ng tin c\u00e1 nh\u00e2n<\/span><\/dt>\n<dd>I-GLOCAL s\u1ebd kh\u00f4ng thu th\u1eadp v\u00e0 s\u1eed d\u1ee5ng th\u00f4ng tin c\u00e1 nh\u00e2n ngo\u00e0i ph\u1ea1m vi c\u1ea7n thi\u1ebft \u0111\u1ec3 th\u1ef1c hi\u1ec7n giao d\u1ecbch m\u00e0 kh\u00f4ng \u0111\u01b0\u1ee3c s\u1ef1 \u0111\u1ed3ng \u00fd tr\u01b0\u1edbc t\u1eeb m\u1ed9t c\u00e1 nh\u00e2n. Ngay c\u1ea3 khi th\u00f4ng tin c\u00e1 nh\u00e2n \u0111\u01b0\u1ee3c cung c\u1ea5p b\u1edfi b\u00ean th\u1ee9 3 theo c\u00e1ch kh\u00e1ch quan, ch\u00fang t\u00f4i s\u1ebd kh\u00f4ng s\u1eed d\u1ee5ng ngo\u00e0i ph\u1ea1m vi m\u1ee5c \u0111\u00edch k\u1ebf th\u1eeba m\u00e0 kh\u00f4ng \u0111\u01b0\u1ee3c s\u1ef1 \u0111\u1ed3ng \u00fd tr\u01b0\u1edbc c\u1ee7a c\u00e1 nh\u00e2n \u0111\u00f3, tr\u1eeb c\u00e1c tr\u01b0\u1eddng h\u1ee3p sau \u0111\u00e2y:<br \/>\n(1) Khi ph\u00e1p lu\u1eadt y\u00eau c\u1ea7u<br \/>\n(2) Khi kh\u1ea9n c\u1ea5p \u0111\u1ec3 b\u1ea3o v\u1ec7 t\u00ednh m\u1ea1ng, c\u01a1 th\u1ec3 ho\u1eb7c t\u00e0i s\u1ea3n c\u1ee7a m\u1ed9t ng\u01b0\u1eddi n\u00e0o \u0111\u00f3 v\u00e0 r\u1ea5t kh\u00f3 \u0111\u1ec3 c\u00f3 \u0111\u01b0\u1ee3c s\u1ef1 \u0111\u1ed3ng \u00fd c\u1ee7a c\u00e1 nh\u00e2n \u0111\u00f3.<br \/>\n(3) Khi c\u1ea7n thi\u1ebft \u0111\u1ec3 c\u1ea3i thi\u1ec7n s\u1ee9c kh\u1ecfe c\u1ed9ng \u0111\u1ed3ng ho\u1eb7c th\u00fac \u0111\u1ea9y s\u1ef1 ph\u00e1t tri\u1ec3n l\u00e0nh m\u1ea1nh c\u1ee7a tr\u1ebb em v\u00e0 r\u1ea5t kh\u00f3 \u0111\u1ec3 c\u00f3 \u0111\u01b0\u1ee3c s\u1ef1 \u0111\u1ed3ng \u00fd c\u1ee7a c\u00e1 nh\u00e2n \u0111\u00f3.<br \/>\n(4) Khi c\u1ea7n h\u1ee3p t\u00e1c v\u1edbi c\u01a1 quan ch\u1ee9c n\u0103ng ho\u1eb7c ng\u01b0\u1eddi \u0111\u01b0\u1ee3c \u1ee7y th\u00e1c \u0111\u1ec3 th\u1ef1c hi\u1ec7n c\u00e1c c\u00f4ng vi\u1ec7c theo quy \u0111\u1ecbnh c\u1ee7a ph\u00e1p lu\u1eadt v\u00e0 v\u1edbi s\u1ef1 \u0111\u1ed3ng \u00fd c\u1ee7a ng\u01b0\u1eddi c\u00f3 li\u00ean quan. <\/dd>\n<\/dl>\n<dl class=\"under_tblist\">\n<dt><span class=\"\">6. H\u00ecnh th\u1ee9c thu th\u1eadp th\u00f4ng tin c\u00e1 nh\u00e2n<\/span><\/dt>\n<dd>I-GLOCAL \u0111\u1ea3m b\u1ea3o thu th\u1eadp th\u00f4ng tin c\u00e1 nh\u00e2n m\u1ed9t c\u00e1ch minh b\u1ea1ch m\u00e0 kh\u00f4ng b\u1eb1ng b\u1ea5t k\u1ef3 h\u00ecnh th\u1ee9c gian l\u1eadn hay vi ph\u1ea1m ph\u00e1p lu\u1eadt. Ngo\u00e0i ra, ch\u00fang t\u00f4i s\u1ebd c\u1ea9n tr\u1ecdng v\u1edbi th\u00f4ng tin c\u00e1 nh\u00e2n c\u1ee7a tr\u1ebb em d\u01b0\u1edbi 15 tu\u1ed5i v\u1edbi s\u1ef1 \u0111\u1ed3ng \u00fd c\u1ee7a cha m\u1eb9 ho\u1eb7c ng\u01b0\u1eddi b\u1ea3o h\u1ed9.<\/dd>\n<\/dl>\n<dl class=\"under_tblist\">\n<dt><span class=\"\">7. Th\u00f4ng b\u00e1o m\u1ee5c \u0111\u00edch s\u1eed d\u1ee5ng khi thu th\u1eadp th\u00f4ng tin c\u00e1 nh\u00e2n<\/span><\/dt>\n<dd>Khi thu th\u1eadp th\u00f4ng tin c\u00e1 nh\u00e2n c\u1ee7a m\u1ed9t c\u00e1 nh\u00e2n, I-GLOCAL s\u1ebd th\u00f4ng b\u00e1o tr\u01b0\u1edbc c\u00e1c m\u1ee5c \u0111\u00edch s\u1eed d\u1ee5ng, tr\u1eeb c\u00e1c tr\u01b0\u1eddng h\u1ee3p:<br \/>\n(1) Khi c\u00f3 r\u1ee7i ro g\u00e2y t\u1ed5n h\u1ea1i \u0111\u1ebfn t\u00ednh m\u1ea1ng, th\u00e2n th\u1ec3, t\u00e0i s\u1ea3n ho\u1eb7c c\u00e1c quy\u1ec1n v\u00e0 l\u1ee3i \u00edch c\u1ee7a ng\u01b0\u1eddi kh\u00e1c ho\u1eb7c b\u00ean th\u1ee9 ba<br \/>\n(2) Khi c\u00f3 r\u1ee7i ro g\u00e2y t\u1ed5n h\u1ea1i \u0111\u1ebfn quy\u1ec1n ho\u1eb7c l\u1ee3i \u00edch h\u1ee3p ph\u00e1p c\u1ee7a I-GLOCAL<br \/>\n(3) Khi c\u1ea7n h\u1ee3p t\u00e1c v\u1edbi c\u01a1 quan ch\u1ee9c n\u0103ng \u0111\u1ec3 th\u1ef1c hi\u1ec7n c\u00e1c ngh\u0129a v\u1ee5 theo quy \u0111\u1ecbnh c\u1ee7a ph\u00e1p lu\u1eadt<br \/>\n(4) Khi \u0111\u00e3 \u0111\u01b0\u1ee3c x\u00e1c nh\u1eadn c\u00e1c h\u00ecnh th\u1ee9c k\u1ebf th\u1eeba t\u1eeb b\u00ean th\u1ee9 ba<\/dd>\n<\/dl>\n<dl class=\"under_tblist\">\n<dt><span class=\"\">8. Thay \u0111\u1ed5i m\u1ee5c \u0111\u00edch s\u1eed d\u1ee5ng th\u00f4ng tin c\u00e1 nh\u00e2n<\/span><\/dt>\n<dd>Khi m\u1ee5c \u0111\u00edch s\u1eed d\u1ee5ng th\u00f4ng tin c\u00e1 nh\u00e2n c\u00f3 s\u1ef1 thay \u0111\u1ed5i so v\u1edbi th\u1ecfa thu\u1eadn ban \u0111\u1ea7u, I-GLOCAL s\u1ebd th\u00f4ng b\u00e1o \u0111\u1ebfn c\u00e1 nh\u00e2n li\u00ean quan \u0111\u1ec3 l\u00e0m r\u00f5 c\u00e1c \u0111i\u1ec1u ch\u1ec9nh \u0111\u00f3.<\/dd>\n<\/dl>\n<dl class=\"under_tblist\">\n<dt><span class=\"\">9. \u0110\u1ed1i s\u00e1ch b\u1ea3o m\u1eadt th\u00f4ng tin c\u00e1 nh\u00e2n<\/span><\/dt>\n<dd>I-GLOCAL thi\u1ebft l\u1eadp c\u00e1c quy \u0111\u1ecbnh n\u1ed9i b\u1ed9 nh\u1eb1m ph\u00f2ng tr\u00e1nh vi\u1ec7c r\u00f2 r\u1ec9, th\u1ea5t l\u1ea1c v\u00e0 h\u1ee7y ho\u1ea1i th\u00f4ng tin c\u00e1 nh\u00e2n, \u0111\u1ea3m b\u1ea3o qu\u1ea3n l\u00fd an to\u00e0n ch\u1eb7t ch\u1ebd m\u1ecdi th\u00f4ng tin c\u00e1 nh\u00e2n.<\/dd>\n<\/dl>\n<dl class=\"under_tblist\">\n<dt><span class=\"\">10. Ki\u1ec3m so\u00e1t nh\u00e0 th\u1ea7u ph\u1ee5<\/span><\/dt>\n<dd>Trong m\u1ecdi tr\u01b0\u1eddng h\u1ee3p thu\u00ea ngo\u00e0i nh\u00e0 th\u1ea7u ph\u1ee5 cho to\u00e0n b\u1ed9 ho\u1eb7c m\u1ed9t ph\u1ea7n d\u1ecbch v\u1ee5 m\u00e0 trong \u0111\u00f3 c\u00f3 th\u1ec3 ti\u1ebft l\u1ed9 th\u00f4ng tin c\u00e1 nh\u00e2n c\u1ee7a m\u1ed9t c\u00e1 th\u1ec3, I-GLOCAL \u0111\u1ea3m b\u1ea3o y\u00eau c\u1ea7u c\u00e1c \u0111\u01a1n v\u1ecb n\u00e0y th\u1ef1c hi\u1ec7n cam k\u1ebft b\u1ea3o m\u1eadt th\u00f4ng tin ho\u1eb7c \u0111\u1ed3ng \u00fd v\u1edbi c\u00e1c \u0111i\u1ec1u kho\u1ea3n v\u00e0 \u0111i\u1ec1u ki\u1ec7n do I-GLOCAL quy \u0111\u1ecbnh.<\/dd>\n<\/dl>\n<dl class=\"under_tblist\">\n<dt><span class=\"\">11. H\u1ea1n ch\u1ebf cung c\u1ea5p th\u00f4ng tin cho b\u00ean th\u1ee9 ba<\/span><\/dt>\n<dd>\n<p>I-GLOCAL \u0111\u1ea3m b\u1ea3o s\u1ebd kh\u00f4ng cung c\u1ea5p th\u00f4ng tin c\u00e1 nh\u00e2n cho b\u00ean th\u1ee9 ba n\u1ebfu kh\u00f4ng c\u00f3 s\u1ef1 \u0111\u1ed3ng \u00fd tr\u01b0\u1edbc c\u1ee7a c\u00e1 nh\u00e2n \u0111\u00f3, tr\u1eeb m\u1ed9t s\u1ed1 tr\u01b0\u1eddng h\u1ee3p d\u01b0\u1edbi \u0111\u00e2y:<br \/>\n(1) Khi ph\u00e1p lu\u1eadt y\u00eau c\u1ea7u<br \/>\n(2) Khi kh\u1ea9n c\u1ea5p \u0111\u1ec3 b\u1ea3o v\u1ec7 t\u00ednh m\u1ea1ng, c\u01a1 th\u1ec3 ho\u1eb7c t\u00e0i s\u1ea3n c\u1ee7a m\u1ed9t ng\u01b0\u1eddi v\u00e0 r\u1ea5t kh\u00f3 \u0111\u1ec3 c\u00f3 \u0111\u01b0\u1ee3c s\u1ef1 \u0111\u1ed3ng \u00fd c\u1ee7a c\u00e1 nh\u00e2n \u0111\u00f3.<br \/>\n(3) Khi c\u1ea7n thi\u1ebft \u0111\u1ec3 c\u1ea3i thi\u1ec7n s\u1ee9c kh\u1ecfe c\u1ed9ng \u0111\u1ed3ng ho\u1eb7c th\u00fac \u0111\u1ea9y s\u1ef1 ph\u00e1t tri\u1ec3n l\u00e0nh m\u1ea1nh c\u1ee7a tr\u1ebb em v\u00e0 r\u1ea5t kh\u00f3 \u0111\u1ec3 c\u00f3 \u0111\u01b0\u1ee3c s\u1ef1 \u0111\u1ed3ng \u00fd c\u1ee7a c\u00e1 nh\u00e2n.<br \/>\n(4) Khi c\u1ea7n h\u1ee3p t\u00e1c v\u1edbi c\u01a1 quan ch\u1ee9c n\u0103ng ho\u1eb7c ng\u01b0\u1eddi \u0111\u01b0\u1ee3c \u1ee7y th\u00e1c \u0111\u1ec3 th\u1ef1c hi\u1ec7n c\u00e1c c\u00f4ng vi\u1ec7c theo quy \u0111\u1ecbnh c\u1ee7a ph\u00e1p lu\u1eadt v\u00e0 v\u1edbi s\u1ef1 \u0111\u1ed3ng \u00fd c\u1ee7a ng\u01b0\u1eddi c\u00f3 li\u00ean quan<br \/>\n(5) Khi \u0111\u00e3 \u0111\u01b0\u1ee3c th\u00f4ng b\u00e1o tr\u01b0\u1edbc:<br \/>\n&#8211; X\u00e1c nh\u1eadn cung c\u1ea5p cho b\u00ean th\u1ee9 ba \u0111\u1ec3 h\u1ed7 tr\u1ee3 ho\u00e0n th\u00e0nh d\u1ecbch v\u1ee5<br \/>\n&#8211; C\u00e1c h\u1ea1ng m\u1ee5c d\u1eef li\u1ec7u \u0111\u01b0\u1ee3c cung c\u1ea5p cho b\u00ean th\u1ee9 ba<br \/>\n&#8211; Ph\u01b0\u01a1ng ti\u1ec7n ho\u1eb7c ph\u01b0\u01a1ng th\u1ee9c khi cung c\u1ea5p cho b\u00ean th\u1ee9 ba<br \/>\n    &#8211; Ng\u1eebng cung c\u1ea5p th\u00f4ng tin c\u00e1 nh\u00e2n cho b\u00ean th\u1ee9 ba theo y\u00eau c\u1ea7u c\u1ee7a ng\u01b0\u1eddi \u0111\u00f3.<\/p>\n<p>Tuy nhi\u00ean, s\u1ebd kh\u00f4ng bao g\u1ed3m c\u00e1c tr\u01b0\u1eddng h\u1ee3p sau \u0111\u00e2y:<br \/>\n(1) Khi I-GLOCAL thu\u00ea ngo\u00e0i b\u00ean th\u1ee9 ba h\u1ed7 tr\u1ee3 to\u00e0n b\u1ed9 ho\u1eb7c m\u1ed9t ph\u1ea7n d\u1ecbch v\u1ee5<br \/>\n(2) Khi th\u00f4ng tin c\u00e1 nh\u00e2n \u0111\u01b0\u1ee3c cung c\u1ea5p c\u00f9ng v\u1edbi vi\u1ec7c k\u1ebf th\u1eeba kinh doanh do s\u00e1p nh\u1eadp ho\u1eb7c c\u00e1c nguy\u00ean nh\u00e2n kh\u00e1c<br \/>\n(3) Khi th\u00f4ng tin c\u00e1 nh\u00e2n \u0111\u01b0\u1ee3c s\u1eed d\u1ee5ng chung v\u1edbi m\u1ed9t ng\u01b0\u1eddi c\u1ee5 th\u1ec3, theo \u0111\u00f3, c\u00e1c m\u1ee5c th\u00f4ng tin c\u00e1 nh\u00e2n s\u1ebd \u0111\u01b0\u1ee3c s\u1eed d\u1ee5ng chung<br \/>\nKhi s\u1eed d\u1ee5ng th\u00f4ng tin c\u00e1 nh\u00e2n chung v\u1edbi m\u1ed9t ng\u01b0\u1eddi c\u1ee5 th\u1ec3 v\u00e0 c\u1ea7n c\u00f3 c\u00e1c \u0111i\u1ec1u ch\u1ec9nh li\u00ean quan trong qu\u00e1 tr\u00ecnh x\u1eed l\u00fd, I-GLOCAL s\u1ebd th\u00f4ng b\u00e1o tr\u01b0\u1edbc cho ng\u01b0\u1eddi \u0111\u00f3 v\u1ec1 m\u1ecdi n\u1ed9i dung thay \u0111\u1ed5i \u0111\u00f3.<\/p>\n<\/dd>\n<\/dl>\n<dl class=\"under_tblist\">\n<dt><span class=\"\">12. C\u00f4ng khai th\u00f4ng tin c\u00e1 nh\u00e2n<\/span><\/dt>\n<dd>I-GLOCAL s\u1ebd thi\u1ebft l\u1eadp m\u1ed9t s\u1ed1 c\u00e0i \u0111\u1eb7t li\u00ean quan \u0111\u1ebfn th\u00f4ng tin c\u00e1 nh\u00e2n \u1edf tr\u1ea1ng th\u00e1i m\u00e0 c\u00e1 nh\u00e2n \u0111\u00f3 c\u00f3 th\u1ec3 bi\u1ebft v\u00e0 s\u1ebd ph\u1ea3n h\u1ed3i k\u1ecbp th\u1eddi trong c\u00e1c tr\u01b0\u1eddng h\u1ee3p:<br \/>\n(1) X\u00e1c nh\u1eadn m\u1ee5c \u0111\u00edch s\u1eed d\u1ee5ng th\u00f4ng tin c\u00e1 nh\u00e2n (tr\u1eeb tr\u01b0\u1eddng h\u1ee3p kh\u00f4ng quy \u0111\u1ecbnh t\u1ea1i \u0110\u1ea1o lu\u1eadt b\u1ea3o v\u1ec7 th\u00f4ng tin c\u00e1 nh\u00e2n)<br \/>\n(2) Gi\u1ea3i \u0111\u00e1p th\u1eafc m\u1eafc v\u1ec1 th\u00f4ng tin c\u00e1 nh\u00e2n kh\u00e1c li\u00ean quan<\/dd>\n<\/dl>\n<dl class=\"under_tblist\">\n<dt><span class=\"\">13. Cung c\u1ea5p th\u00f4ng tin c\u00e1 nh\u00e2n<\/span><\/dt>\n<dd>\n<p>I-GLOCAL s\u1ebd ch\u1ec9 \u0111\u1ed3ng \u00fd cung c\u1ea5p th\u00f4ng tin c\u00e1 nh\u00e2n cho m\u1ed9t b\u00ean kh\u00e1c khi c\u00f3 y\u00eau c\u1ea7u cung c\u1ea5p t\u1eeb ch\u00ednh c\u00e1 nh\u00e2n d\u00f3. Tuy nhi\u00ean, n\u1ebfu vi\u1ec7c cung c\u1ea5p thu\u1ed9c b\u1ea5t k\u1ef3 tr\u01b0\u1eddng h\u1ee3p n\u00e0o sau \u0111\u00e2y, ch\u00fang t\u00f4i c\u00f3 th\u1ec3 kh\u00f4ng cung c\u1ea5p t\u1ea5t c\u1ea3 ho\u1eb7c m\u1ed9t ph\u1ea7n v\u1edbi s\u1ef1 x\u00e1c nh\u1eadn tr\u01b0\u1edbc:<br \/>\n(1) Khi c\u00f3 r\u1ee7i ro g\u00e2y t\u1ed5n h\u1ea1i \u0111\u1ebfn t\u00ednh m\u1ea1ng, th\u00e2n th\u1ec3, t\u00e0i s\u1ea3n ho\u1eb7c c\u00e1c quy\u1ec1n v\u00e0 l\u1ee3i \u00edch kh\u00e1c c\u1ee7a ng\u01b0\u1eddi \u0111\u00f3 ho\u1eb7c b\u00ean th\u1ee9 ba<br \/>\n(2) Khi c\u00f3 r\u1ee7i ro c\u1ea3n tr\u1edf \u0111\u00e1ng k\u1ec3 vi\u1ec7c th\u1ef1c hi\u1ec7n \u0111\u00fang ho\u1ea1t \u0111\u1ed9ng kinh doanh c\u1ee7a I-GLOCAL<br \/>\n(3) Khi c\u00f3 r\u1ee7i ro vi ph\u1ea1m ph\u00e1p lu\u1eadt v\u00e0 quy \u0111\u1ecbnh kh\u00e1c<\/p>\n<p>Tr\u00ean nguy\u00ean t\u1eafc n\u00e0y, ch\u00fang t\u00f4i s\u1ebd kh\u00f4ng cung c\u1ea5p b\u1ea5t k\u1ef3 th\u00f4ng tin kh\u00e1c ngo\u00e0i th\u00f4ng tin c\u00e1 nh\u00e2n nh\u01b0 l\u1ecbch s\u1eed giao d\u1ecbch.<\/p>\n<\/dd>\n<\/dl>\n<dl class=\"under_tblist\">\n<dt><span class=\"\">14. Thay \u0111\u1ed5i th\u00f4ng tin c\u00e1 nh\u00e2n<\/span><\/dt>\n<dd>N\u1ebfu c\u00f3 y\u00eau c\u1ea7u s\u1eeda, th\u00eam, x\u00f3a n\u1ed9i dung (sau \u0111\u00e2y g\u1ecdi l\u00e0 &#8220;\u0111i\u1ec1u ch\u1ec9nh&#8221;) v\u1edbi l\u00fd do th\u00f4ng tin c\u00e1 nh\u00e2n ch\u01b0a \u0111\u00fang v\u1edbi th\u1ef1c t\u1ebf \u1edf th\u1eddi \u0111i\u1ec3m \u0111\u00f3, I-GLOCAL s\u1ebd ti\u1ebfn h\u00e0nh c\u00e1c x\u00e1c nh\u1eadn c\u1ea7n thi\u1ebft ngay l\u1eadp t\u1ee9c trong ph\u1ea1m vi c\u00f3 th\u1ec3 \u0111\u1ec3 \u0111\u1ea3m b\u1ea3o m\u1ee5c \u0111\u00edch s\u1eed d\u1ee5ng v\u00e0 c\u0103n c\u1ee9 v\u00e0o k\u1ebft qu\u1ea3 sau x\u00e1c nh\u1eadn \u0111\u1ec3 ho\u00e0n ch\u1ec9nh n\u1ed9i dung th\u00f4ng tin c\u00e1 nh\u00e2n, \u0111\u1ed3ng th\u1eddi th\u00f4ng b\u00e1o cho c\u00e1 nh\u00e2n \u0111\u00f3.<\/dd>\n<\/dl>\n<dl class=\"under_tblist\">\n<dt><span class=\"\">15. T\u1ea1m d\u1eebng khai th\u00e1c th\u00f4ng tin c\u00e1 nh\u00e2n<\/span><\/dt>\n<dd>I-GLOCAL s\u1ebd kh\u00f4ng khai th\u00e1c th\u00f4ng tin c\u00e1 nh\u00e2n v\u1edbi l\u00fd do th\u00f4ng tin \u0111\u00f3 \u0111\u01b0\u1ee3c x\u1eed l\u00fd ngo\u00e0i ph\u1ea1m vi m\u1ee5c \u0111\u00edch s\u1eed d\u1ee5ng \u0111\u00e3 \u0111\u01b0\u1ee3c th\u00f4ng b\u00e1o tr\u01b0\u1edbc ho\u1eb7c th\u00f4ng tin \u0111\u00f3 c\u00f3 \u0111\u01b0\u1ee3c do gian l\u1eadn hay h\u00ecnh th\u1ee9c vi ph\u1ea1m ph\u00e1p lu\u1eadt. N\u1ebfu nh\u1eadn \u0111\u01b0\u1ee3c y\u00eau c\u1ea7u t\u1ea1m d\u1eebng khai th\u00e1c th\u00f4ng tin (sau \u0111\u00e2y g\u1ecdi l\u00e0 &#8220;t\u1ea1m d\u1eebng khai th\u00e1c&#8221;), ch\u00fang t\u00f4i s\u1ebd ngay l\u1eadp t\u1ee9c x\u00e1c nh\u1eadn v\u00e0 th\u00f4ng b\u00e1o cho c\u00e1 nh\u00e2n \u0111\u00f3. Tuy nhi\u00ean, trong tr\u01b0\u1eddng h\u1ee3p n\u00e0y s\u1ebd c\u00f3 r\u1ee7i ro ph\u00e1t sinh t\u1ed5n th\u1ea5t \u0111\u1ec3 xem x\u00e9t \u00e1p d\u1ee5ng c\u00e1c bi\u1ec7n ph\u00e1p thay th\u1ebf kh\u00e1c.<\/dd>\n<\/dl>\n<dl class=\"under_tblist\">\n<dt><span class=\"\">16. Ph\u01b0\u01a1ng \u00e1n gi\u1ea3i tr\u00ecnh<\/span><\/dt>\n<dd>Trong tr\u01b0\u1eddng h\u1ee3p quy\u1ebft \u0111\u1ecbnh th\u1ef1c hi\u1ec7n m\u1ed9t trong nh\u1eefng \u0111i\u1ec1u d\u01b0\u1edbi \u0111\u00e2y, ch\u00fang t\u00f4i s\u1ebd ngay l\u1eadp t\u1ee9c gi\u1ea3i th\u00edch nguy\u00ean nh\u00e2n v\u00e0 th\u00f4ng b\u00e1o \u0111\u1ebfn c\u00e1 nh\u00e2n li\u00ean quan:<br \/>\n(1) Khi khai th\u00e1c th\u00f4ng tin c\u00e1 nh\u00e2n m\u00e0 kh\u00f4ng th\u00f4ng b\u00e1o tr\u01b0\u1edbc m\u1ee5c \u0111\u00edch s\u1eed d\u1ee5ng<br \/>\n(2) Khi kh\u00f4ng cung c\u1ea5p to\u00e0n b\u1ed9 ho\u1eb7c m\u1ed9t ph\u1ea7n th\u00f4ng tin c\u00e1 nh\u00e2n cho m\u1ed9t b\u00ean kh\u00e1c<br \/>\n(3) Khi t\u1ea1m d\u1eebng khai th\u00e1c th\u00f4ng tin c\u00e1 nh\u00e2n<br \/>\n(4) Khi t\u1ea1m d\u1eebng cung c\u1ea5p th\u00f4ng tin c\u00e1 nh\u00e2n cho b\u00ean th\u1ee9 ba\n<\/dd>\n<\/dl>\n<dl class=\"under_tblist\">\n<dt><span class=\"\">17. Li\u00ean h\u1ec7<\/span><\/dt>\n<dd>\n<p>C\u00d4NG TY TNHH I-GLOCAL-GLOCAL<\/p>\n<p>\u0110\u1ecba ch\u1ec9: T\u1ea7ng 4, T\u00f2a nh\u00e0 Nihombashi, 2-16-4 Nihombashi, Chuo-ku, Tokyo, Nh\u1eadt B\u1ea3n<br \/>\n\u0110i\u1ec7n tho\u1ea1i: +81-3-6262-6464<br \/>\nFax: +81-3-6262-6465<br \/>\nEmail: info@i-glocal.com<\/p>\n<\/dd>\n<\/dl>\n<\/div>\n","protected":false},"excerpt":{"rendered":"<p>1. Th\u00f4ng tin c\u00e1 nh\u00e2n Theo quy \u0111\u1ecbnh ph\u00e1p lu\u1eadt v\u1ec1 vi\u1ec7c b\u1ea3o v\u1ec7 th\u00f4ng tin c\u00e1 nh\u00e2n, th\u00f4ng tin c\u00e1 nh\u00e2n l\u00e0 th\u00f4ng tin \u0111\u1ee7 \u0111\u1ec3 x\u00e1c \u0111\u1ecbnh ch\u00ednh x\u00e1c danh t\u00ednh m\u1ed9t c\u00e1 nh\u00e2n, bao g\u1ed3m \u00edt nh\u1ea5t n\u1ed9i dung trong nh\u1eefng th\u00f4ng tin: h\u1ecd t\u00ean, ng\u00e0y sinh, \u0111\u1ecba ch\u1ec9 email, t\u00e0i kho\u1ea3n [&hellip;]<\/p>\n","protected":false},"author":2,"featured_media":0,"parent":0,"menu_order":0,"comment_status":"closed","ping_status":"closed","template":"","meta":{"om_disable_all_campaigns":false,"_monsterinsights_skip_tracking":false,"_monsterinsights_sitenote_active":false,"_monsterinsights_sitenote_note":"","_monsterinsights_sitenote_category":0,"_locale":"vi","_original_post":"http:\/\/i-glocal-com.check-xserver.jp\/?page_id=273","footnotes":""},"class_list":["post-609","page","type-page","status-publish","hentry","vi"],"acf":[],"aioseo_notices":[],"_links":{"self":[{"href":"https:\/\/www.i-glocal.com\/wp-json\/wp\/v2\/pages\/609","targetHints":{"allow":["GET"]}}],"collection":[{"href":"https:\/\/www.i-glocal.com\/wp-json\/wp\/v2\/pages"}],"about":[{"href":"https:\/\/www.i-glocal.com\/wp-json\/wp\/v2\/types\/page"}],"author":[{"embeddable":true,"href":"https:\/\/www.i-glocal.com\/wp-json\/wp\/v2\/users\/2"}],"replies":[{"embeddable":true,"href":"https:\/\/www.i-glocal.com\/wp-json\/wp\/v2\/comments?post=609"}],"version-history":[{"count":2,"href":"https:\/\/www.i-glocal.com\/wp-json\/wp\/v2\/pages\/609\/revisions"}],"predecessor-version":[{"id":615,"href":"https:\/\/www.i-glocal.com\/wp-json\/wp\/v2\/pages\/609\/revisions\/615"}],"wp:attachment":[{"href":"https:\/\/www.i-glocal.com\/wp-json\/wp\/v2\/media?parent=609"}],"curies":[{"name":"wp","href":"https:\/\/api.w.org\/{rel}","templated":true}]}}