{"id":603,"date":"2023-01-06T18:54:11","date_gmt":"2023-01-06T09:54:11","guid":{"rendered":"http:\/\/i-glocal-com.check-xserver.jp\/?page_id=603"},"modified":"2024-08-29T12:20:39","modified_gmt":"2024-08-29T03:20:39","slug":"qa","status":"publish","type":"page","link":"https:\/\/www.i-glocal.com\/vi\/recruit\/qa\/","title":{"rendered":"Q&#038;A"},"content":{"rendered":"<div class=\"box_qa\">\n<div class=\"box_qa_detail\">\n<p class=\"box_qa_ttl\">V\u1ec1 \u1ee9ng tuy\u1ec3n<span class=\"click\"><\/span><\/p>\n<div class=\"box_qa_info\">\n<dl>\n<dt><span class=\"\">Q1<\/span><\/dt>\n<dd>\n<p class=\"box_qa_infottl\">T\u00f4i hi\u1ec7n l\u00e0 du h\u1ecdc sinh Vi\u1ec7t Nam t\u1ea1i Nh\u1eadt B\u1ea3n. T\u00f4i c\u00f3 th\u1ec3 tham gia \u1ee9ng tuy\u1ec3n d\u00e0nh cho sinh vi\u00ean m\u1edbi t\u1ed1t nghi\u1ec7p khi n\u00e0o?<\/p>\n<p>Ch\u00fang t\u00f4i \u0111ang tuy\u1ec3n d\u1ee5ng sinh vi\u00ean m\u1edbi t\u1ed1t nghi\u1ec7p quanh n\u0103m, v\u00ec v\u1eady ch\u00fang t\u00f4i lu\u00f4n s\u1eb5n s\u00e0ng nh\u1eadn \u0111\u01a1n \u0111\u0103ng k\u00fd c\u1ee7a b\u1ea1n.<\/dd>\n<\/dl>\n<dl>\n<dt><span class=\"\">Q2<\/span><\/dt>\n<dd>\n<p class=\"box_qa_infottl\">T\u00f4i l\u00e0 ng\u01b0\u1eddi Vi\u1ec7t, sinh s\u1ed1ng t\u1ea1i Nh\u1eadt. T\u00f4i \u0111\u00e3 h\u1ecdc ti\u1ebfng Nh\u1eadt, nh\u01b0ng kh\u00f4ng c\u00f3 b\u1eb1ng c\u1ea5p hay kinh nghi\u1ec7m v\u1ec1 k\u1ebf to\u00e1n, thu\u1ebf. T\u00f4i c\u00f3 th\u1ec3 tham gia \u1ee9ng tuy\u1ec3n kh\u00f4ng?<\/p>\n<p>Nghi\u1ec7p v\u1ee5 k\u1ebf to\u00e1n v\u00e0 thu\u1ebf s\u1ebd \u0111\u01b0\u1ee3c h\u01b0\u1edbng d\u1eabn sau khi b\u1ea1n gia nh\u1eadp c\u00f4ng ty. T\u1ea1i I-GLOCAL, c\u00f3 nhi\u1ec1u ng\u01b0\u1eddi Vi\u1ec7t Nam th\u00f4ng th\u1ea1o ti\u1ebfng Nh\u1eadt \u0111ang h\u1ed7 tr\u1ee3 c\u00e1c c\u00f4ng vi\u1ec7c kh\u00e1c nhau kh\u00f4ng ch\u1ec9 li\u00ean quan \u0111\u1ebfn k\u1ebf to\u00e1n, thu\u1ebf, m\u00e0 c\u00f2n v\u1ec1 t\u01b0 v\u1ea5n \u0111\u1ea7u t\u01b0, kinh doanh.<\/dd>\n<\/dl>\n<dl>\n<dt><span class=\"\">Q3<\/span><\/dt>\n<dd>\n<p class=\"box_qa_infottl\">C\u00f4ng ty c\u00f3 \u0111ang tuy\u1ec3n d\u1ee5ng ng\u01b0\u1eddi Nh\u1eadt m\u1edbi t\u1ed1t nghi\u1ec7p kh\u00f4ng?<\/p>\n<p>Hi\u1ec7n t\u1ea1i ch\u00fang t\u00f4i ch\u1ec9 tuy\u1ec3n d\u1ee5ng ng\u01b0\u1eddi Nh\u1eadt \u0111\u00e3 c\u00f3 kinh nghi\u1ec7m.<\/dd>\n<\/dl>\n<\/div>\n<\/div>\n<div class=\"box_qa_detail\">\n<p class=\"box_qa_ttl\">V\u1ec1 tuy\u1ec3n ch\u1ecdn<span class=\"click\"><\/span><\/p>\n<div class=\"box_qa_info\">\n<dl>\n<dt><span class=\"\">Q1<\/span><\/dt>\n<dd>\n<p class=\"box_qa_infottl\">Xin vui l\u00f2ng cho t\u00f4i bi\u1ebft v\u1ec1 qu\u00e1 tr\u00ecnh tuy\u1ec3n ch\u1ecdn.<\/p>\n<p>N\u1ebfu \u1ee9ng vi\u00ean \u0111ang \u1edf t\u1ea1i Nh\u1eadt B\u1ea3n, \u1ee9ng vi\u00ean s\u1ebd \u0111\u01b0\u1ee3c y\u00eau c\u1ea7u l\u00e0m b\u00e0i ki\u1ec3m tra n\u0103ng l\u1ef1c v\u00e0 ph\u1ecfng v\u1ea5n (tr\u1ef1c ti\u1ebfp ho\u1eb7c online) t\u1ea1i v\u0103n ph\u00f2ng Tokyo c\u00f9ng v\u1edbi v\u0103n ph\u00f2ng Vi\u1ec7t Nam ho\u1eb7c Cambodia. N\u1ebfu \u1ee9ng vi\u00ean \u1edf Vi\u1ec7t Nam, \u1ee9ng vi\u00ean s\u1ebd c\u00f3 b\u00e0i ki\u1ec3m tra n\u0103ng l\u1ef1c, v\u00f2ng ph\u1ecfng v\u1ea5n \u0111\u1ea7u ti\u00ean v\u00e0 cu\u1ed1i c\u00f9ng t\u1ea1i \u0111\u1ecba \u0111i\u1ec3m v\u0103n ph\u00f2ng tu\u1ef3 theo nguy\u1ec7n v\u1ecdng c\u1ee7a \u1ee9ng vi\u00ean. C\u00f3 th\u1ec3 s\u1ebd t\u1ed5 ch\u1ee9c v\u00f2ng ph\u1ecfng v\u1ea5n th\u1ee9 hai tr\u01b0\u1edbc v\u00f2ng ph\u1ecfng v\u1ea5n cu\u1ed1i c\u00f9ng.<\/dd>\n<\/dl>\n<\/div>\n<\/div>\n<div class=\"box_qa_detail\">\n<p class=\"box_qa_ttl\">V\u1ec1 \u0111\u1ecba \u0111i\u1ec3m l\u00e0m vi\u1ec7c<span class=\"click\"><\/span><\/p>\n<div class=\"box_qa_info\">\n<dl>\n<dt><span class=\"\">Q1<\/span><\/dt>\n<dd>\n<p class=\"box_qa_infottl\">T\u00f4i c\u00f3 th\u1ec3 l\u1ef1a ch\u1ecdn \u0111\u1ecba \u0111i\u1ec3m l\u00e0m vi\u1ec7c kh\u00f4ng?<\/p>\n<p>C\u00f3. Trong qu\u00e1 tr\u00ecnh tuy\u1ec3n ch\u1ecdn, ch\u00fang t\u00f4i s\u1ebd h\u1ecfi \u1ee9ng vi\u00ean v\u1ec1 nguy\u1ec7n v\u1ecdng v\u1ec1 \u0111\u1ecba \u0111i\u1ec3m l\u00e0m vi\u1ec7c v\u00e0 s\u1ebd \u0111\u01b0a ra quy\u1ebft \u0111\u1ecbnh l\u1ef1a ch\u1ecdn \u1ee9ng vi\u00ean d\u1ef1a tr\u00ean gi\u1ea3 \u0111\u1ecbnh r\u1eb1ng \u1ee9ng vi\u00ean \u1ee9ng tuy\u1ec3n v\u00e0o \u0111\u1ecba \u0111i\u1ec3m l\u00e0m vi\u1ec7c \u0111\u00f3.<\/dd>\n<\/dl>\n<dl>\n<dt><span class=\"\">Q2<\/span><\/dt>\n<dd>\n<p class=\"box_qa_infottl\">C\u00f3 s\u1ef1 thay \u0111\u1ed5i v\u1ec1 \u0111\u1ecba \u0111i\u1ec3m l\u00e0m vi\u1ec7c t\u1ea1i I-GLOCAL kh\u00f4ng?<\/p>\n<p>N\u1ebfu mu\u1ed1n, \u1ee9ng vi\u00ean c\u00f3 th\u1ec3 thay \u0111\u1ed5i \u0111\u1ecba \u0111i\u1ec3m l\u00e0m vi\u1ec7c.<br \/>\nC\u00f3 m\u1ed9t nh\u00e2n vi\u00ean ng\u01b0\u1eddi Vi\u1ec7t Nam l\u00e0m vi\u1ec7c t\u1ea1i v\u0103n ph\u00f2ng H\u1ed3 Ch\u00ed Minh v\u00e0 v\u00e0i n\u0103m sau \u0111\u00e3 chuy\u1ec3n \u0111\u1ebfn l\u00e0m vi\u1ec7c t\u1ea1i v\u0103n ph\u00f2ng H\u00e0 N\u1ed9i v\u00ec l\u00fd do gia \u0111\u00ecnh, v\u00e0 m\u1ed9t ng\u01b0\u1eddi Nh\u1eadt \u0111\u00e3 l\u00e0m vi\u1ec7c t\u1ea1i c\u1ea3 4 \u0111\u1ecba \u0111i\u1ec3m c\u1ee7a I-GLOCAL.<\/dd>\n<\/dl>\n<\/div>\n<\/div>\n<div class=\"box_qa_detail\">\n<p class=\"box_qa_ttl\">V\u1ec1 v\u1ea5n \u0111\u1ec1 \u0111\u00e0o t\u1ea1o sau khi gia nh\u1eadp c\u00f4ng ty<span class=\"click\"><\/span><\/p>\n<div class=\"box_qa_info\">\n<dl>\n<dt><span class=\"\">Q1<\/span><\/dt>\n<dd>\n<p class=\"box_qa_infottl\">C\u00f3 quy tr\u00ecnh \u0111\u00e0o t\u1ea1o sau khi gia nh\u1eadp c\u00f4ng ty kh\u00f4ng?<\/p>\n<p>Ch\u00fang t\u00f4i \u0111\u00e3 th\u1ef1c hi\u1ec7n ti\u1ebfn h\u00e0nh h\u1ed9i th\u1ea3o v\u00e0 c\u00e1c kho\u00e1 \u0111\u00e0o t\u1ea1o n\u1ed9i b\u1ed9 cho kh\u00e1ch h\u00e0ng v\u00e0 c\u0169ng \u0111\u00e3 n\u1ed7 l\u1ef1c r\u1ea5t nhi\u1ec1u v\u00e0o c\u00f4ng vi\u1ec7c \u0111\u00e0o t\u1ea1o n\u1ed9i b\u1ed9 c\u00f4ng ty m\u00ecnh.<br \/>\nTrong v\u00e0i th\u00e1ng \u0111\u1ea7u sau khi gia nh\u1eadp c\u00f4ng ty, ch\u00fang t\u00f4i s\u1ebd t\u1eadp trung \u0111\u00e0o t\u1ea1o cho \u1ee9ng vi\u00ean. Sau \u0111\u00f3, \u1ee9ng vi\u00ean s\u1ebd \u0111\u01b0\u1ee3c \u0111\u00e0o t\u1ea1o t\u1ea1i ch\u1ed7 &#8211; OJT (On-the-Job-Training) d\u01b0\u1edbi s\u1ef1 h\u01b0\u1edbng d\u1eabn c\u1ee7a c\u00e1c t\u01b0 v\u1ea5n vi\u00ean gi\u00e0u kinh nghi\u1ec7m.<\/dd>\n<\/dl>\n<\/div>\n<\/div>\n<div class=\"box_qa_detail\">\n<p class=\"box_qa_ttl\">V\u1ec1 c\u00f4ng vi\u1ec7c<span class=\"click\"><\/span><\/p>\n<div class=\"box_qa_info\">\n<dl>\n<dt><span class=\"\">Q1<\/span><\/dt>\n<dd>\n<p class=\"box_qa_infottl\">T\u00f4i c\u00f3 th\u1ec3 l\u00e0m th\u00eam bao nhi\u00eau gi\u1edd?<\/p>\n<p>Vi\u1ec7t Nam c\u00f3 quy \u0111\u1ecbnh gi\u1edbi h\u1ea1n th\u1eddi gian l\u00e0m th\u00eam t\u1ed1i \u0111a l\u00e0 200 gi\u1edd\/n\u0103m. Ch\u00fang t\u00f4i tu\u00e2n th\u1ee7 quy \u0111\u1ecbnh n\u00e0y n\u00ean t\u1ef7 l\u1ec7 l\u00e0m th\u00eam gi\u1edd kh\u00e1 th\u1ea5p. V\u0103n ph\u00f2ng Tokyo kh\u00f4ng khuy\u1ebfn kh\u00edch l\u00e0m th\u00eam gi\u1edd v\u00e0 th\u01b0\u1eddng l\u00e0 kho\u1ea3ng 200 gi\u1edd\/n\u0103m.<\/dd>\n<\/dl>\n<\/div>\n<\/div>\n<\/div>\n","protected":false},"excerpt":{"rendered":"<p>V\u1ec1 \u1ee9ng tuy\u1ec3n Q1 T\u00f4i hi\u1ec7n l\u00e0 du h\u1ecdc sinh Vi\u1ec7t Nam t\u1ea1i Nh\u1eadt B\u1ea3n. T\u00f4i c\u00f3 th\u1ec3 tham gia \u1ee9ng tuy\u1ec3n d\u00e0nh cho sinh vi\u00ean m\u1edbi t\u1ed1t nghi\u1ec7p khi n\u00e0o? Ch\u00fang t\u00f4i \u0111ang tuy\u1ec3n d\u1ee5ng sinh vi\u00ean m\u1edbi t\u1ed1t nghi\u1ec7p quanh n\u0103m, v\u00ec v\u1eady ch\u00fang t\u00f4i lu\u00f4n s\u1eb5n s\u00e0ng nh\u1eadn \u0111\u01a1n \u0111\u0103ng k\u00fd c\u1ee7a [&hellip;]<\/p>\n","protected":false},"author":2,"featured_media":0,"parent":582,"menu_order":0,"comment_status":"closed","ping_status":"closed","template":"","meta":{"om_disable_all_campaigns":false,"_monsterinsights_skip_tracking":false,"_monsterinsights_sitenote_active":false,"_monsterinsights_sitenote_note":"","_monsterinsights_sitenote_category":0,"_locale":"vi","_original_post":"http:\/\/i-glocal-com.check-xserver.jp\/?page_id=278","footnotes":""},"class_list":["post-603","page","type-page","status-publish","hentry","vi"],"acf":[],"aioseo_notices":[],"_links":{"self":[{"href":"https:\/\/www.i-glocal.com\/wp-json\/wp\/v2\/pages\/603","targetHints":{"allow":["GET"]}}],"collection":[{"href":"https:\/\/www.i-glocal.com\/wp-json\/wp\/v2\/pages"}],"about":[{"href":"https:\/\/www.i-glocal.com\/wp-json\/wp\/v2\/types\/page"}],"author":[{"embeddable":true,"href":"https:\/\/www.i-glocal.com\/wp-json\/wp\/v2\/users\/2"}],"replies":[{"embeddable":true,"href":"https:\/\/www.i-glocal.com\/wp-json\/wp\/v2\/comments?post=603"}],"version-history":[{"count":8,"href":"https:\/\/www.i-glocal.com\/wp-json\/wp\/v2\/pages\/603\/revisions"}],"predecessor-version":[{"id":4098,"href":"https:\/\/www.i-glocal.com\/wp-json\/wp\/v2\/pages\/603\/revisions\/4098"}],"up":[{"embeddable":true,"href":"https:\/\/www.i-glocal.com\/wp-json\/wp\/v2\/pages\/582"}],"wp:attachment":[{"href":"https:\/\/www.i-glocal.com\/wp-json\/wp\/v2\/media?parent=603"}],"curies":[{"name":"wp","href":"https:\/\/api.w.org\/{rel}","templated":true}]}}