{"id":582,"date":"2023-01-06T18:34:43","date_gmt":"2023-01-06T09:34:43","guid":{"rendered":"http:\/\/i-glocal-com.check-xserver.jp\/?page_id=582"},"modified":"2024-08-29T16:42:37","modified_gmt":"2024-08-29T07:42:37","slug":"recruit","status":"publish","type":"page","link":"https:\/\/www.i-glocal.com\/vi\/recruit\/","title":{"rendered":"Recruit"},"content":{"rendered":"<div class=\"recruit_top\">\n<p class=\"recruit_txt01\">\u0110\u1ec3 m\u1edf r\u1ed9ng v\u00e0 ph\u00e1t tri\u1ec3n ho\u1ea1t \u0111\u1ed9ng kinh doanh, I-GLOCAL v\u1eabn \u0111ang ti\u1ebfp t\u1ee5c tuy\u1ec3n d\u1ee5ng sinh vi\u00ean m\u1edbi t\u1ed1t nghi\u1ec7p, ng\u01b0\u1eddi \u0111i l\u00e0m c\u00f3 kinh nghi\u1ec7m v\u00e0 ng\u01b0\u1eddi b\u1ea3n \u0111\u1ecba Nh\u1eadt B\u1ea3n. \u1ee8ng tuy\u1ec3n ngay \u0111\u1ec3 tham gia c\u00f9ng I-GLOCAL.<\/p>\n<ul class=\"box_report_list\">\n<li><a href=\"#recruit_ttl01\">Sinh vi\u00ean <br class=\"\" \/>m\u1edbi t\u1ed1t nghi\u1ec7p<\/a><\/li>\n<li><a href=\"#recruit_ttl02\">Nh\u00e2n vi\u00ean <br class=\"\" \/>to\u00e0n th\u1eddi gian<\/a><\/li>\n<li><a href=\"#recruit_ttl05\">Tuy\u1ec3n d\u1ee5ng nh\u00e2n vi\u00ean Ng\u01b0\u1eddi Nh\u1eadt<\/a><\/li>\n<li><a href=\"#recruit_ttl03\">Th\u1ef1c t\u1eadp sinh<\/a><\/li>\n<li><a href=\"#recruit_ttl04\">H\u1ecfi &amp; \u0110\u00e1p<\/a><\/li>\n<\/ul>\n<p class=\"recruit_txt01\">T\u1eadp \u0111o\u00e0n I-GLOCAL hi\u1ec7n c\u00f3 250 nh\u00e2n vi\u00ean, ho\u1ea1t \u0111\u1ed9ng v\u1edbi 3 \u0111\u1ecba \u0111i\u1ec3m kh\u00e1c nhau. Trang web n\u00e0y ch\u1ec9 cung c\u1ea5p c\u00e1c v\u1ecb tr\u00ed tuy\u1ec3n d\u1ee5ng l\u00e0m vi\u1ec7c t\u1ea1i m\u1ed9t s\u1ed1 c\u00f4ng ty th\u00e0nh vi\u00ean ch\u00ednh c\u1ee7a I-GLOCAL v\u1edbi 100% v\u1ed1n \u0111\u1ea7u t\u01b0 t\u1eeb Nh\u1eadt B\u1ea3n.<\/p>\n<\/div>\n<div class=\"box_qa\">\n<div class=\"box_qa_detail\">\n<p id=\"recruit_ttl01\" class=\"box_qa_ttl\">Sinh vi\u00ean m\u1edbi t\u1ed1t nghi\u1ec7p<span class=\"click\"><\/span><\/p>\n<div class=\"box_recruit_info\">\n<p class=\"recruit_txt01\">C\u1ea3m \u01a1n b\u1ea1n \u0111\u00e3 gh\u00e9 th\u0103m trang tuy\u1ec3n d\u1ee5ng d\u00e0nh cho sinh vi\u00ean m\u1edbi t\u1ed1t nghi\u1ec7p! I-GLOCAL h\u1ee9a h\u1eb9n s\u1ebd tr\u1edf th\u00e0nh m\u1ed9t m\u00f4i tr\u01b0\u1eddng l\u00fd t\u01b0\u1edfng \u0111\u1ec3 b\u1ea1n c\u00f3 th\u1ec3 ph\u00e1t tri\u1ec3n.<br \/>\nS\u1ef1 ph\u00e1t tri\u1ec3n c\u1ee7a b\u1ea1n kh\u00f4ng ch\u1ec9 d\u00e0nh ri\u00eang cho c\u00f4ng ty I-GLOCAL. \u0110\u00e2y c\u00f2n l\u00e0 n\u01a1i \u0111\u1ec3 b\u1ea1n c\u00f3 th\u1ec3 ph\u00e1t huy tinh th\u1ea7n t\u1ef1 l\u1eadp, kh\u1edfi nghi\u1ec7p, l\u00e0 n\u1ec1n t\u1ea3ng cho c\u00e1c c\u00f4ng vi\u1ec7c m\u1edbi trong t\u01b0\u01a1ng lai v\u00e0 s\u1eb5n s\u00e0ng ch\u00e0o \u0111\u00f3n b\u1ea1n quay l\u1ea1i l\u00e0m vi\u1ec7c. N\u1ebfu b\u1ea1n c\u00f3 \u0111\u1ed9ng l\u1ef1c, mu\u1ed1n tham gia v\u00e0 l\u00e0m vi\u1ec7c l\u00e2u d\u00e0i c\u00f9ng I-GLOCAL, h\u00e3y mau ch\u00f3ng \u1ee9ng tuy\u1ec3n.<\/p>\n<dl class=\"under_tblist\">\n<dt><span class=\"\">V\u1ecb tr\u00ed tuy\u1ec3n d\u1ee5ng<\/span><\/dt>\n<dd>\n<p class=\"\">Nh\u00e2n vi\u00ean t\u01b0 v\u1ea5n \u0111\u1ea7u t\u01b0 &amp; qu\u1ea3n l\u00fd doanh nghi\u1ec7p<br class=\"\" \/>T\u01b0 v\u1ea5n thu\u1ebf \u2013 k\u1ebf to\u00e1n<br class=\"\" \/>Nh\u00e2n vi\u00ean t\u01b0 v\u1ea5n t\u00e0i ch\u00ednh v\u00e0 x\u00e1c \u0111\u1ecbnh gi\u00e1 chuy\u1ec3n nh\u01b0\u1ee3ng<\/p>\n<\/dd>\n<\/dl>\n<dl class=\"under_tblist\">\n<dt><span class=\"\">\u0110\u1ecba \u0111i\u1ec3m l\u00e0m vi\u1ec7c<\/span><\/dt>\n<dd>\n<p class=\"\">V\u0103n ph\u00f2ng H\u1ed3 Ch\u00ed Minh<br class=\"\" \/>V\u0103n ph\u00f2ng H\u00e0 N\u1ed9i<\/p>\n<\/dd>\n<\/dl>\n<dl class=\"under_tblist\">\n<dt><span class=\"\">L\u01b0\u01a1ng<\/span><\/dt>\n<dd>\n<p class=\"\">Th\u1ecfa thu\u1eadn khi ph\u1ecfng v\u1ea5n<\/p>\n<\/dd>\n<\/dl>\n<dl class=\"under_tblist\">\n<dt><span class=\"\">L\u1ed9 tr\u00ecnh t\u0103ng l\u01b0\u01a1ng<\/span><\/dt>\n<dd>\n<p class=\"\">L\u01b0\u01a1ng s\u1ebd \u0111\u01b0\u1ee3c xem x\u00e9t t\u0103ng 1 l\u1ea7n\/n\u0103m t\u1eeb k\u1ebft qu\u1ea3 \u0111\u00e1nh gi\u00e1 nh\u00e2n s\u1ef1 v\u00e0 hi\u1ec7u su\u1ea5t c\u00e1 nh\u00e2n ho\u1eb7c ngay khi \u0111\u01b0\u1ee3c c\u00e2n nh\u1eafc th\u0103ng ch\u1ee9c l\u00ean m\u1ed9t v\u1ecb tr\u00ed m\u1edbi.<\/p>\n<\/dd>\n<\/dl>\n<dl class=\"under_tblist\">\n<dt><span class=\"\">Th\u01b0\u1edfng<\/span><\/dt>\n<dd>\n<p class=\"\">C\u0103n c\u1ee9 v\u00e0o hi\u1ec7u su\u1ea5t c\u00e1 nh\u00e2n v\u00e0 l\u1ee3i nhu\u1eadn c\u00f4ng ty.<\/p>\n<\/dd>\n<\/dl>\n<dl class=\"under_tblist\">\n<dt><span class=\"\">Ph\u00fac l\u1ee3i<\/span><\/dt>\n<dd>\n<p class=\"\">Kh\u00e1c nhau t\u00f9y v\u00e0o \u0111\u1ecba \u0111i\u1ec3m l\u00e0m vi\u1ec7c v\u00e0 s\u1ebd \u0111\u01b0\u1ee3c trao \u0111\u1ed5i khi ph\u1ecfng v\u1ea5n<br class=\"\" \/>C\u00f4ng ty s\u1ebd thanh to\u00e1n b\u1ea3o hi\u1ec3m x\u00e3 h\u1ed9i, ti\u1ec1n taxi \u0111i l\u1ea1i, ti\u1ec1n \u0111i\u1ec7n tho\u1ea1i di \u0111\u1ed9ng, v.v.<\/p>\n<\/dd>\n<\/dl>\n<dl class=\"under_tblist\">\n<dt><span class=\"\">Ch\u1ebf \u0111\u1ed9 kh\u00e1c<\/span><\/dt>\n<dd>\n<p class=\"\">Ch\u01b0\u01a1ng tr\u00ecnh \u0111\u00e0o t\u1ea1o n\u1ed9i b\u1ed9, h\u1ed9i th\u1ea3o chuy\u00ean m\u00f4n, ch\u1ebf \u0111\u1ed9 ngh\u1ec9 thai s\u1ea3n, &#8230;<\/p>\n<\/dd>\n<\/dl>\n<p class=\"button\"><a href=\"https:\/\/www.i-glocal.com\/entry\/\">\u1ee8ng tuy\u1ec3n ngay<\/a><\/p>\n<\/div>\n<\/div>\n<div class=\"box_qa_detail\">\n<p id=\"recruit_ttl02\" class=\"box_qa_ttl\">Nh\u00e2n vi\u00ean to\u00e0n th\u1eddi gian<span class=\"click\"><\/span><\/p>\n<div class=\"box_recruit_info\">\n<p class=\"recruit_txt01\">C\u1ea3m \u01a1n b\u1ea1n \u0111\u00e3 gh\u00e9 th\u0103m trang tuy\u1ec3n d\u1ee5ng d\u00e0nh cho ng\u01b0\u1eddi \u0111\u00e3 c\u00f3 kinh nghi\u1ec7m c\u1ee7a I-GLOCAL.<br \/>\nCh\u00fang t\u00f4i mong \u0111\u01b0\u1ee3c l\u00e0m vi\u1ec7c v\u00e0 x\u00e2y d\u1ef1ng m\u1ed1i quan h\u1ec7 l\u00e2u d\u00e0i v\u1edbi b\u1ea1n.<br \/>\nNhi\u1ec1u ng\u01b0\u1eddi \u0111ang mu\u1ed1n thay \u0111\u1ed5i c\u00f4ng vi\u1ec7c v\u00e0 \u0111\u01b0\u1ee3c t\u1eadn d\u1ee5ng kinh nghi\u1ec7m, ki\u1ebfn \u200b\u200bth\u1ee9c s\u1eb5n c\u00f3 c\u1ee7a m\u00ecnh ngay l\u1eadp t\u1ee9c.<br \/>\nI-GLOCAL r\u1ea5t coi tr\u1ecdng kinh nghi\u1ec7m \u0111\u00f3 c\u1ee7a b\u1ea1n!<br \/>\nS\u1ef1 ph\u00e1t tri\u1ec3n c\u1ee7a b\u1ea1n kh\u00f4ng ch\u1ec9 d\u00e0nh ri\u00eang cho c\u00f4ng ty I-GLOCAL. \u0110\u00e2y c\u00f2n l\u00e0 n\u01a1i ph\u00e1t huy tinh th\u1ea7n t\u1ef1 l\u1eadp, kh\u1edfi nghi\u1ec7p, l\u00e0 n\u1ec1n t\u1ea3ng cho c\u00e1c c\u00f4ng vi\u1ec7c m\u1edbi khi b\u1ea1n mu\u1ed1n chuy\u1ec3n sang l\u00e0m t\u1ea1i c\u00e1c c\u00f4ng ty kh\u00e1ch h\u00e0ng, v\u00e0 c\u0169ng l\u00e0 n\u01a1i s\u1eb5n s\u00e0ng ch\u00e0o \u0111\u00f3n b\u1ea1n quay l\u1ea1i l\u00e0m vi\u1ec7c.<br \/>\nCh\u00fang t\u00f4i mong s\u1edbm nh\u1eadn \u0111\u01b0\u1ee3c \u0111\u01a1n \u1ee9ng tuy\u1ec3n t\u1eeb nh\u1eefng ng\u01b0\u1eddi c\u00f3 t\u1ea7m nh\u00ecn d\u00e0i h\u1ea1n, \u0111ang t\u00ecm ki\u1ebfm m\u1ed9t c\u00f4ng vi\u1ec7c \u0111\u1ec3 ph\u00e1t tri\u1ec3n s\u1ef1 nghi\u1ec7p trong t\u01b0\u01a1ng lai, trong \u0111\u00f3 c\u00f3 ph\u00e1t tri\u1ec3n s\u1ef1 nghi\u1ec7p t\u1ea1i I-GLOCAL!<\/p>\n<dl class=\"under_tblist\">\n<dt><span class=\"\">V\u1ecb tr\u00ed tuy\u1ec3n d\u1ee5ng<\/span><\/dt>\n<dd>\n<p class=\"\">Nh\u00e2n vi\u00ean t\u01b0 v\u1ea5n \u0111\u1ea7u t\u01b0 &amp; qu\u1ea3n l\u00fd doanh nghi\u1ec7p<br class=\"\" \/>T\u01b0 v\u1ea5n thu\u1ebf \u2013 k\u1ebf to\u00e1n<br class=\"\" \/>Nh\u00e2n vi\u00ean t\u01b0 v\u1ea5n t\u00e0i ch\u00ednh v\u00e0 x\u00e1c \u0111\u1ecbnh gi\u00e1 chuy\u1ec3n nh\u01b0\u1ee3ng<\/p>\n<\/dd>\n<\/dl>\n<dl class=\"under_tblist\">\n<dt><span class=\"\">\u0110\u1ecba \u0111i\u1ec3m l\u00e0m vi\u1ec7c<\/span><\/dt>\n<dd>\n<p class=\"\">V\u0103n ph\u00f2ng H\u1ed3 Ch\u00ed Minh<br class=\"\" \/>V\u0103n ph\u00f2ng H\u00e0 N\u1ed9i<\/p>\n<\/dd>\n<\/dl>\n<dl class=\"under_tblist\">\n<dt><span class=\"\">L\u01b0\u01a1ng<\/span><\/dt>\n<dd>\n<p class=\"\">Th\u1ecfa thu\u1eadn khi ph\u1ecfng v\u1ea5n<\/p>\n<\/dd>\n<\/dl>\n<dl class=\"under_tblist\">\n<dt><span class=\"\">L\u1ed9 tr\u00ecnh t\u0103ng l\u01b0\u01a1ng<\/span><\/dt>\n<dd>\n<p class=\"\">L\u01b0\u01a1ng s\u1ebd \u0111\u01b0\u1ee3c xem x\u00e9t t\u0103ng 1 l\u1ea7n\/n\u0103m t\u1eeb k\u1ebft qu\u1ea3 \u0111\u00e1nh gi\u00e1 nh\u00e2n s\u1ef1 v\u00e0 hi\u1ec7u su\u1ea5t c\u00e1 nh\u00e2n ho\u1eb7c ngay khi \u0111\u01b0\u1ee3c c\u00e2n nh\u1eafc th\u0103ng ch\u1ee9c l\u00ean m\u1ed9t v\u1ecb tr\u00ed m\u1edbi.<\/p>\n<\/dd>\n<\/dl>\n<dl class=\"under_tblist\">\n<dt><span class=\"\">Ph\u00fac l\u1ee3i<\/span><\/dt>\n<dd>\n<p class=\"\">Kh\u00e1c nhau t\u00f9y v\u00e0o \u0111\u1ecba \u0111i\u1ec3m l\u00e0m vi\u1ec7c v\u00e0 s\u1ebd \u0111\u01b0\u1ee3c trao \u0111\u1ed5i khi ph\u1ecfng v\u1ea5n<br class=\"\" \/>C\u00f4ng ty s\u1ebd thanh to\u00e1n b\u1ea3o hi\u1ec3m x\u00e3 h\u1ed9i, ti\u1ec1n taxi \u0111i l\u1ea1i, ti\u1ec1n \u0111i\u1ec7n tho\u1ea1i di \u0111\u1ed9ng, v.v.<\/p>\n<\/dd>\n<\/dl>\n<dl class=\"under_tblist\">\n<dt><span class=\"\">Ch\u1ebf \u0111\u1ed9 kh\u00e1c<\/span><\/dt>\n<dd>\n<p class=\"\">Ch\u01b0\u01a1ng tr\u00ecnh \u0111\u00e0o t\u1ea1o n\u1ed9i b\u1ed9, h\u1ed9i th\u1ea3o chuy\u00ean m\u00f4n, ch\u1ebf \u0111\u1ed9 ngh\u1ec9 thai s\u1ea3n, &#8230;<\/p>\n<\/dd>\n<\/dl>\n<p class=\"button\"><a href=\"https:\/\/www.i-glocal.com\/entry\/\">\u1ee8ng tuy\u1ec3n ngay<\/a><\/p>\n<\/div>\n<\/div>\n<div class=\"box_qa_detail\">\n<p id=\"recruit_ttl05\" class=\"box_qa_ttl\">Tuy\u1ec3n d\u1ee5ng nh\u00e2n vi\u00ean Ng\u01b0\u1eddi Nh\u1eadt<span class=\"click\"><\/span><\/p>\n<div class=\"box_recruit_info\">\n<dl class=\"under_tblist\">\n<dt><span class=\"\">B\u1ed9 ph\u1eadn tuy\u1ec3n d\u1ee5ng<\/span><\/dt>\n<dd>\n<p class=\"\">\u0110\u1ea7u t\u01b0\/ Lao \u0111\u1ed9ng nh\u00e2n s\u1ef1\/ T\u01b0 v\u1ea5n kinh doanh<br class=\"\" \/>T\u01b0 v\u1ea5n Thu\u1ebf v\u00e0 K\u1ebf to\u00e1n<br class=\"\" \/>T\u01b0 v\u1ea5n t\u00e0i ch\u00ednh v\u00e0 x\u00e1c \u0111\u1ecbnh gi\u00e1 chuy\u1ec3n nh\u01b0\u1ee3ng<\/p>\n<\/dd>\n<\/dl>\n<dl class=\"under_tblist\">\n<dt><span class=\"\">\u0110\u1ecba \u0111i\u1ec3m l\u00e0m vi\u1ec7c<\/span><\/dt>\n<dd>\n<p class=\"\">V\u0103n ph\u00f2ng H\u1ed3 Ch\u00ed Minh<br class=\"\" \/>V\u0103n ph\u00f2ng H\u00e0 N\u1ed9i<\/p>\n<\/dd>\n<\/dl>\n<dl class=\"under_tblist\">\n<dt><span class=\"\">L\u01b0\u01a1ng<\/span><\/dt>\n<dd>\n<p class=\"\">Kh\u00e1c nhau tu\u1ef3 v\u00e0o \u0111\u1ecba \u0111i\u1ec3m l\u00e0m vi\u1ec7c<br class=\"\" \/>M\u1ee9c l\u01b0\u01a1ng th\u1ecfa thu\u1eadn c\u0103n c\u1ee9 theo n\u0103ng l\u1ef1c v\u00e0 tr\u00ecnh \u0111\u1ed9 (K\u1ebf to\u00e1n vi\u00ean c\u00f4ng ch\u1ee9ng Nh\u1eadt B\u1ea3n, K\u1ebf to\u00e1n vi\u00ean c\u00f4ng ch\u1ee9ng Hoa K\u1ef3,&#8230;) ph\u00f9 h\u1ee3p v\u1edbi c\u00e1c c\u00f4ng ty k\u1ebf to\u00e1n l\u1edbn.<\/p>\n<\/dd>\n<\/dl>\n<dl class=\"under_tblist\">\n<dt><span class=\"\">L\u1ed9 tr\u00ecnh t\u0103ng l\u01b0\u01a1ng<\/span><\/dt>\n<dd>\n<p class=\"\">M\u1ee9c l\u01b0\u01a1ng \u0111\u01b0\u1ee3c xem x\u00e9t m\u1ed7i n\u0103m m\u1ed9t l\u1ea7n d\u1ef1a tr\u00ean hi\u1ec7u su\u1ea5t c\u00e1 nh\u00e2n h\u01a1n l\u00e0 th\u00e2m ni\u00ean.<br class=\"\" \/>L\u1ed9 tr\u00ecnh t\u0103ng l\u01b0\u01a1ng c\u00f3 th\u1ec3 \u0111\u01b0\u1ee3c thay \u0111\u1ed5i b\u1ea5t k\u00ec khi c\u00f3 s\u1ef1 thay \u0111\u1ed5i v\u1ec1 vai tr\u00f2 trong c\u00f4ng vi\u1ec7c<\/p>\n<\/dd>\n<\/dl>\n<dl class=\"under_tblist\">\n<dt><span class=\"\">Ph\u00fac l\u1ee3i<\/span><\/dt>\n<dd>\n<p class=\"\">Kh\u00e1c nhau tu\u1ef3 v\u00e0o \u0111\u1ecba \u0111i\u1ec3m l\u00e0m vi\u1ec7c<br class=\"\" \/>C\u00f4ng ty c\u00f3 th\u1ec3 chi tr\u1ea3 b\u1ea3o hi\u1ec3m x\u00e3 h\u1ed9i, tr\u1ee3 c\u1ea5p taxi, v\u00e0 ti\u1ec1n \u0111i\u1ec7n tho\u1ea1i\u2026<\/p>\n<\/dd>\n<\/dl>\n<dl class=\"under_tblist\">\n<dt><span class=\"\">Ch\u1ebf \u0111\u1ed9 kh\u00e1c<\/span><\/dt>\n<dd>\n<p class=\"\">Ch\u01b0\u01a1ng tr\u00ecnh \u0111\u00e0o t\u1ea1o cho nh\u00e2n vi\u00ean m\u1edbi, c\u00e1c h\u1ed9i th\u1ea3o, ch\u1ebf \u0111\u1ed9 thai s\u1ea3n\u2026<\/p>\n<\/dd>\n<\/dl>\n<p class=\"button\"><a href=\"https:\/\/www.i-glocal.com\/entry\/\">\u1ee8ng tuy\u1ec3n ngay<\/a><\/p>\n<\/div>\n<\/div>\n<div class=\"box_qa_detail\">\n<p id=\"recruit_ttl03\" class=\"box_qa_ttl\">Th\u1ef1c t\u1eadp sinh<span class=\"click\"><\/span><\/p>\n<div class=\"box_recruit_info\">\n<p class=\"recruit_txt01\">C\u1ea3m \u01a1n b\u1ea1n \u0111\u00e3 gh\u00e9 th\u0103m trang tuy\u1ec3n d\u1ee5ng d\u00e0nh cho th\u1ef1c t\u1eadp sinh c\u1ee7a I-GLOCAL.<br \/>\nB\u1ea1n mong mu\u1ed1n l\u00e0m vi\u1ec7c trong m\u00f4i tr\u01b0\u1eddng c\u00f4ng ty Nh\u1eadt? B\u1ea1n \u0111ang h\u1ecdc ti\u1ebfng Nh\u1eadt t\u1ea1i tr\u01b0\u1eddng \u0111\u1ea1i h\u1ecdc? B\u1ea1n y\u00eau th\u00edch c\u00f4ng vi\u1ec7c t\u01b0 v\u1ea5n v\u00e0 quan t\u00e2m \u0111\u1ebfn I-GLOCAL? Ch\u00fang t\u00f4i tin r\u1eb1ng s\u1ebd c\u00f3 th\u1ec3 h\u1ed7 tr\u1ee3 b\u1ea1n t\u00edch l\u0169y kinh nghi\u1ec7m l\u00e0m vi\u1ec7c th\u00f4ng qua c\u00e1c c\u00f4ng vi\u1ec7c t\u1ea1i I-GLOCAL. H\u00e3y li\u00ean h\u1ec7 v\u1edbi ch\u00fang t\u00f4i!<\/p>\n<dl class=\"under_tblist\">\n<dt><span class=\"\">V\u1ecb tr\u00ed tuy\u1ec3n d\u1ee5ng<\/span><\/dt>\n<dd>\n<p class=\"\">Th\u1ef1c t\u1eadp sinh, B\u1ed9 ph\u1eadn t\u01b0 v\u1ea5n \u0111\u1ea7u t\u01b0 &amp; qu\u1ea3n l\u00fd doanh nghi\u1ec7p<\/p>\n<\/dd>\n<\/dl>\n<dl class=\"under_tblist\">\n<dt><span class=\"\">\u0110\u1ecba \u0111i\u1ec3m l\u00e0m vi\u1ec7c<\/span><\/dt>\n<dd>\n<p class=\"\">V\u0103n ph\u00f2ng H\u1ed3 Ch\u00ed Minh<br class=\"\" \/>V\u0103n ph\u00f2ng H\u00e0 N\u1ed9i<\/p>\n<\/dd>\n<\/dl>\n<dl class=\"under_tblist\">\n<dt><span class=\"\">Ch\u1ebf \u0111\u1ed9 kh\u00e1c<\/span><\/dt>\n<dd>\n<p class=\"\">Ch\u01b0\u01a1ng tr\u00ecnh \u0111\u00e0o t\u1ea1o n\u1ed9i b\u1ed9 v\u00e0 h\u1ed9i th\u1ea3o chuy\u00ean m\u00f4n<\/p>\n<\/dd>\n<\/dl>\n<p class=\"button\"><a href=\"https:\/\/www.i-glocal.com\/entry\/\">\u1ee8ng tuy\u1ec3n ngay<\/a><\/p>\n<\/div>\n<\/div>\n<\/div>\n<p id=\"recruit_ttl04\" class=\"recruit_bnr\"><a href=\"https:\/\/www.i-glocal.com\/recruit\/qa\/\"><span class=\"recruit_bnr_en\">Q&amp;A<\/span><span class=\"recruit_bnr_jp\">C\u00e2u h\u1ecfi v\u00e0 Gi\u1ea3i \u0111\u00e1p<\/span><\/a><\/p>\n","protected":false},"excerpt":{"rendered":"<p>\u0110\u1ec3 m\u1edf r\u1ed9ng v\u00e0 ph\u00e1t tri\u1ec3n ho\u1ea1t \u0111\u1ed9ng kinh doanh, I-GLOCAL v\u1eabn \u0111ang ti\u1ebfp t\u1ee5c tuy\u1ec3n d\u1ee5ng sinh vi\u00ean m\u1edbi t\u1ed1t nghi\u1ec7p, ng\u01b0\u1eddi \u0111i l\u00e0m c\u00f3 kinh nghi\u1ec7m v\u00e0 ng\u01b0\u1eddi b\u1ea3n \u0111\u1ecba Nh\u1eadt B\u1ea3n. \u1ee8ng tuy\u1ec3n ngay \u0111\u1ec3 tham gia c\u00f9ng I-GLOCAL. Sinh vi\u00ean m\u1edbi t\u1ed1t nghi\u1ec7p Nh\u00e2n vi\u00ean to\u00e0n th\u1eddi gian Tuy\u1ec3n d\u1ee5ng nh\u00e2n [&hellip;]<\/p>\n","protected":false},"author":2,"featured_media":0,"parent":0,"menu_order":0,"comment_status":"closed","ping_status":"closed","template":"","meta":{"om_disable_all_campaigns":false,"_monsterinsights_skip_tracking":false,"_monsterinsights_sitenote_active":false,"_monsterinsights_sitenote_note":"","_monsterinsights_sitenote_category":0,"_locale":"vi","_original_post":"http:\/\/i-glocal-com.check-xserver.jp\/?page_id=276","footnotes":""},"class_list":["post-582","page","type-page","status-publish","hentry","vi"],"acf":[],"aioseo_notices":[],"_links":{"self":[{"href":"https:\/\/www.i-glocal.com\/wp-json\/wp\/v2\/pages\/582","targetHints":{"allow":["GET"]}}],"collection":[{"href":"https:\/\/www.i-glocal.com\/wp-json\/wp\/v2\/pages"}],"about":[{"href":"https:\/\/www.i-glocal.com\/wp-json\/wp\/v2\/types\/page"}],"author":[{"embeddable":true,"href":"https:\/\/www.i-glocal.com\/wp-json\/wp\/v2\/users\/2"}],"replies":[{"embeddable":true,"href":"https:\/\/www.i-glocal.com\/wp-json\/wp\/v2\/comments?post=582"}],"version-history":[{"count":20,"href":"https:\/\/www.i-glocal.com\/wp-json\/wp\/v2\/pages\/582\/revisions"}],"predecessor-version":[{"id":4103,"href":"https:\/\/www.i-glocal.com\/wp-json\/wp\/v2\/pages\/582\/revisions\/4103"}],"wp:attachment":[{"href":"https:\/\/www.i-glocal.com\/wp-json\/wp\/v2\/media?parent=582"}],"curies":[{"name":"wp","href":"https:\/\/api.w.org\/{rel}","templated":true}]}}