{"id":558,"date":"2023-01-04T19:57:24","date_gmt":"2023-01-04T10:57:24","guid":{"rendered":"http:\/\/i-glocal-com.check-xserver.jp\/?page_id=558"},"modified":"2026-04-22T16:34:07","modified_gmt":"2026-04-22T07:34:07","slug":"ourservices","status":"publish","type":"page","link":"https:\/\/www.i-glocal.com\/vi\/ourservices\/","title":{"rendered":"Our Services"},"content":{"rendered":"<div class=\"ourservices_top\">\n<div class=\"ourservices_main\">\n<p class=\"ourservices_main_txt\">Cung c\u1ea5p d\u1ecbch v\u1ee5 h\u1ed7 tr\u1ee3 to\u00e0n di\u1ec7n cho <br \/>doanh nghi\u1ec7p \u0111\u1ea7u t\u01b0 v\u00e0o Vi\u1ec7t Nam v\u00e0 <br \/>c\u00e1c ho\u1ea1t \u0111\u1ed9ng qu\u1ea3n l\u00fd sau th\u00e0nh l\u1eadp<\/p>\n<\/div>\n<ul class=\"anchor_link\">\n<li><a href=\"#ourservices_ttl01\">D\u1ecbch v\u1ee5 h\u1ed7 tr\u1ee3  <br \/>t\u01b0 v\u1ea5n kinh doanh<span class=\"anchor_small\">G\u00f3i t\u01b0 v\u1ea5n theo <br \/>h\u1ee3p \u0111\u1ed3ng n\u0103m<\/span><\/a><\/li>\n<li><a href=\"#ourservices_ttl02\">H\u1ed7 tr\u1ee3 x\u00fac ti\u1ebfn <br \/>\u0111\u1ea7u t\u01b0 v\u00e0o Vi\u1ec7t Nam<\/a><\/li>\n<li><a href=\"#ourservices_ttl03\">H\u1ed7 tr\u1ee3 ho\u1ea1t \u0111\u1ed9ng M&#038;A<\/a><\/li>\n<li><a href=\"#ourservices_ttl04\">K\u1ebf to\u00e1n &#8211; Thu\u1ebf<\/a><\/li>\n<li><a href=\"#ourservices_ttl05\">Lao \u0111\u1ed9ng nh\u00e2n s\u1ef1<\/a><\/li>\n<\/ul>\n<\/div>\n<h3 id=\"ourservices_ttl01\" class=\"ttl3_03\">H\u1ee3p \u0111\u1ed3ng h\u1ed7 tr\u1ee3 t\u01b0 v\u1ea5n kinh doanh<\/h3>\n<div class=\"ourservices_txt\">\n<p>C\u1eadp nh\u1eadt th\u00f4ng tin ph\u00e1p lu\u1eadt v\u1ec1 thu\u1ebf, k\u1ebf to\u00e1n, lao \u0111\u1ed9ng nh\u00e2n s\u1ef1 <br \/>qua c\u00e1c b\u1ea3n tin h\u00e0ng tu\u1ea7n v\u00e0 qu\u00fd \u0111\u01b0\u1ee3c g\u1eedi \u0111\u1ebfn t\u1eebng kh\u00e1ch h\u00e0ng<br \/>\nT\u1ed5 ch\u1ee9c ch\u01b0\u01a1ng tr\u00ecnh h\u1ed9i th\u1ea3o d\u00e0nh cho ng\u01b0\u1eddi Vi\u1ec7t v\u00e0 Nh\u1eadt<\/p>\n<\/div>\n<div class=\"ourservices_frame\">\n<ul class=\"ourservices_list01\">\n<li>\u25cf T\u01b0 v\u1ea5n k\u1ebf to\u00e1n, thu\u1ebf v\u00e0 lao \u0111\u1ed9ng nh\u00e2n s\u1ef1<\/li>\n<li>\u25cf Mi\u1ec5n ph\u00ed tham gia ch\u01b0\u01a1ng tr\u00ecnh h\u1ed9i th\u1ea3o tr\u1ef1c ti\u1ebfp \/ tr\u1ef1c tuy\u1ebfn d\u00e0nh cho ng\u01b0\u1eddi Vi\u1ec7t v\u00e0 ng\u01b0\u1eddi Nh\u1eadt<\/li>\n<li>\u25cf Cung c\u1ea5p b\u00e1o c\u00e1o t\u1ed5ng h\u1ee3p th\u00f4ng tin ph\u00e1p lu\u1eadt kinh doanh theo Lu\u1eadt hi\u1ec7n h\u00e0nh m\u1edbi nh\u1ea5t t\u1ea1i Vi\u1ec7t Nam \u0111\u1ecbnh k\u1ef3 m\u1ed7i qu\u00fd<\/li>\n<\/ul>\n<\/div>\n<p><!--ourservices_ttl01--><\/p>\n<h3 id=\"ourservices_ttl02\" class=\"ttl3_03\">H\u1ed7 tr\u1ee3 x\u00fac ti\u1ebfn \u0111\u1ea7u t\u01b0 v\u00e0o Vi\u1ec7t Nam<\/h3>\n<div class=\"ourservices_txt\">\n<p>H\u1ed7 tr\u1ee3 th\u1ee7 t\u1ee5c th\u00e0nh l\u1eadp c\u00f4ng ty, v\u0103n ph\u00f2ng \u0111\u1ea1i di\u1ec7n, v\u0103n ph\u00f2ng d\u1ef1 \u00e1n v\u00e0 <br \/>t\u01b0 v\u1ea5n c\u00f4ng t\u00e1c qu\u1ea3n l\u00fd doanh nghi\u1ec7p sau th\u00e0nh l\u1eadp<\/p>\n<\/div>\n<div class=\"ourservices_frame\">\n<ul class=\"ourservices_list01\">\n<li>\u25cf H\u1ed7 tr\u1ee3 th\u1ee7 t\u1ee5c th\u00e0nh l\u1eadp c\u00f4ng ty, v\u0103n ph\u00f2ng \u0111\u1ea1i di\u1ec7n v\u00e0 v\u0103n ph\u00f2ng d\u1ef1 \u00e1n<\/li>\n<li>\u25cf H\u1ed7 tr\u1ee3 th\u1ee7 t\u1ee5c \u0111i\u1ec1u ch\u1ec9nh gi\u1ea5y ph\u00e9p<\/li>\n<\/ul>\n<\/div>\n<p><!--ourservices_ttl02--><\/p>\n<h3 id=\"ourservices_ttl03\" class=\"ttl3_03\">H\u1ed7 tr\u1ee3 ho\u1ea1t \u0111\u1ed9ng M&#038;A<\/h3>\n<div class=\"ourservices_txt\">\n<p>H\u1ed7 tr\u1ee3 ho\u1ea1t \u0111\u1ed9ng M&#038;A b\u1eb1ng ph\u00e2n t\u00edch PMI \u0111\u1ecbnh h\u01b0\u1edbng sau mua b\u00e1n, s\u00e1p nh\u1eadp<\/p>\n<\/div>\n<div class=\"ourservices_frame\">\n<ul class=\"ourservices_list01\">\n<li>\u25cf D\u1ecbch v\u1ee5 th\u1ea9m \u0111\u1ecbnh doanh nghi\u1ec7p v\u1ec1 t\u00e0i ch\u00ednh v\u00e0 thu\u1ebf<\/li>\n<li>\u25cf \u0110\u1ecbnh gi\u00e1<\/li>\n<li>\u25cf Nghi\u1ec7p v\u1ee5 FA <sup>\u203b1<\/sup><\/li>\n<li>\u25cf Nghi\u1ec7p v\u1ee5 PMI <sup>\u203b2<\/sup><br \/>\n<span class=\"txt_small\"><sup>\u203b<\/sup> Nghi\u1ec7p v\u1ee5 FA (T\u01b0 v\u1ea5n t\u00e0i ch\u00ednh): D\u1ecbch v\u1ee5 t\u01b0 v\u1ea5n li\u00ean quan \u0111\u1ebfn c\u00e1c quy tr\u00ecnh mua b\u00e1n v\u00e0 s\u00e1p nh\u1eadp nh\u01b0 t\u00ecm ngu\u1ed3n cung \u1ee9ng, c\u01a1 c\u1ea5u v\u00e0 \u0111\u00e0m ph\u00e1n v\u1edbi c\u00e1c c\u00f4ng ty m\u1ee5c ti\u00eau.<br \/>\n<sup>\u203b<\/sup> Nghi\u1ec7p v\u1ee5 PMI (T\u00edch h\u1ee3p sau s\u00e1p nh\u1eadp): H\u1ed7 tr\u1ee3 thi\u1ebft l\u1eadp quy tr\u00ecnh ki\u1ec3m so\u00e1t n\u1ed9i b\u1ed9, quy tr\u00ecnh l\u1eadp b\u00e1o c\u00e1o t\u00e0i ch\u00ednh v\u00e0 qu\u1ea3n l\u00fd thu\u1ebf sau mua b\u00e1n, s\u00e1p nh\u1eadp.<\/span>\n<\/li>\n<\/ul>\n<ul class=\"ourservices_list_btn\">\n<li><a href=\"https:\/\/www.i-glocal.com\/ourservices\/ma-support\/\">Chi ti\u1ebft ho\u1ea1t \u0111\u1ed9ng h\u1ed7 tr\u1ee3 M&#038;A<\/a><\/li>\n<li><a href=\"https:\/\/www.i-glocal.com\/ourservices\/pmi-support\">Chi ti\u1ebft ho\u1ea1t \u0111\u1ed9ng h\u1ed7 tr\u1ee3 ph\u00e2n t\u00edch PMI<\/a><\/li>\n<\/ul>\n<\/div>\n<p><!--ourservices_ttl03--><\/p>\n<h3 id=\"ourservices_ttl04\" class=\"ttl3_03\">K\u1ebf to\u00e1n &#8211; Thu\u1ebf<\/h3>\n<div class=\"ourservices_txt\">\n<p>H\u1ed7 tr\u1ee3 l\u1eadp b\u00e1o c\u00e1o h\u1ee3p nh\u1ea5t, gi\u1ea3i ph\u00e1p ho\u00e0n thi\u1ec7n ch\u1ee9ng t\u1eeb, s\u1ed5 s\u00e1ch k\u1ebf to\u00e1n v\u00e0 x\u1eed l\u00fd k\u00ea khai c\u00e1c kho\u1ea3n thu\u1ebf theo quy \u0111\u1ecbnh hi\u1ec7n h\u00e0nh, \u0111\u1eb7c bi\u1ec7t ngh\u0129a v\u1ee5 thu\u1ebf c\u1ee7a ng\u01b0\u1eddi lao \u0111\u1ed9ng n\u01b0\u1edbc ngo\u00e0i l\u00e0m vi\u1ec7c t\u1ea1i Vi\u1ec7t Nam  <\/p>\n<\/div>\n<div class=\"ourservices_frame\">\n<ul class=\"ourservices_list01\">\n<li>\u25cf H\u1ed7 tr\u1ee3 l\u1eadp b\u00e1o c\u00e1o h\u1ee3p nh\u1ea5t, gi\u1ea3i ph\u00e1p ho\u00e0n thi\u1ec7n ch\u1ee9ng t\u1eeb, s\u1ed5 s\u00e1ch k\u1ebf to\u00e1n v\u00e0 x\u1eed l\u00fd k\u00ea khai c\u00e1c kho\u1ea3n thu\u1ebf theo quy \u0111\u1ecbnh hi\u1ec7n h\u00e0nh<\/li>\n<li>\u25cf H\u1ed7 tr\u1ee3 chu\u1ea9n h\u00f3a nghi\u1ec7p v\u1ee5 k\u1ebf to\u00e1n n\u1ed9i b\u1ed9<\/li>\n<li>\u25cf H\u1ed7 tr\u1ee3 \u0111\u1ed1i \u1ee9ng thanh tra thu\u1ebf<\/li>\n<li>\u25cf H\u1ed7 tr\u1ee3 t\u01b0 v\u1ea5n c\u00e1c v\u1ea5n \u0111\u1ec1 \u0111\u1eb7c th\u00f9 trong h\u1ec7 th\u1ed1ng thu\u1ebf Vi\u1ec7t Nam<\/li>\n<\/ul>\n<ul class=\"ourservices_list_btn\">\n<li><a href=\"https:\/\/www.i-glocal.com\/ourservices\/foreign-contractors-tax\/\">Chi ti\u1ebft c\u00e1c v\u1ea5n \u0111\u1ec1 v\u1ec1 thu\u1ebf nh\u00e0 th\u1ea7u<\/a><\/li>\n<li><a href=\"https:\/\/www.i-glocal.com\/ourservices\/transfer-pricing\/\">T\u01b0 V\u1ea5n Thu\u1ebf Trong \u0110\u1ecbnh Gi\u00e1 <br \/>Chuy\u1ec3n Nh\u01b0\u1ee3ng T\u1ea1i Vi\u1ec7t Nam<\/a><\/li>\n<\/ul>\n<\/div>\n<p><!--ourservices_ttl04--><\/p>\n<h3 id=\"ourservices_ttl05\" class=\"ttl3_03\">Lao \u0111\u1ed9ng nh\u00e2n s\u1ef1<\/h3>\n<div class=\"ourservices_txt\">\n<p>H\u1ed7 tr\u1ee3 to\u00e0n di\u1ec7n trong c\u00e1c ho\u1ea1t \u0111\u1ed9ng \u0111\u1ea7u t\u01b0 v\u00e0 qu\u1ea3n l\u00fd doanh nghi\u1ec7p b\u1eb1ng <br \/>nh\u1eefng kinh nghi\u1ec7m th\u1ef1c ti\u1ec5n phong ph\u00fa<\/p>\n<\/div>\n<div class=\"ourservices_frame\">\n<ul class=\"ourservices_list01\">\n<li>\u25cf H\u1ed7 tr\u1ee3 so\u00e1t x\u00e9t n\u1ed9i quy lao \u0111\u1ed9ng v\u00e0 h\u1ee3p \u0111\u1ed3ng lao \u0111\u1ed9ng<\/li>\n<li>\u25cf H\u1ed7 tr\u1ee3 ki\u1ec3m so\u00e1t tu\u00e2n th\u1ee7<\/li>\n<li>\u25cf Cung c\u1ea5p d\u1ecbch v\u1ee5 thu\u00ea ngo\u00e0i t\u00ednh l\u01b0\u01a1ng v\u00e0 h\u1ec7 th\u1ed1ng qu\u1ea3n l\u00fd nh\u00e2n s\u1ef1 to\u00e0n di\u1ec7n b\u1edfi VPO &#8211; c\u00f4ng ty tr\u1ef1c thu\u1ed9c t\u1eadp \u0111o\u00e0n <\/li>\n<li>\u25cf H\u1ed7 tr\u1ee3 d\u1ecbch v\u1ee5 li\u00ean quan \u0111\u1ebfn Ngh\u1ecb \u0111\u1ecbnh B\u1ea3o V\u1ec7 D\u1eef Li\u1ec7u C\u00e1 Nh\u00e2n<\/li>\n<\/ul>\n<ul class=\"ourservices_list_btn col_4\">\n<li><a href=\"https:\/\/www.i-glocal.com\/ourservices\/anti-fraud-services\/\">Chi ti\u1ebft ho\u1ea1t \u0111\u1ed9ng h\u1ed7 tr\u1ee3 ki\u1ec3m so\u00e1t <br \/>tu\u00e2n th\u1ee7 trong doanh nghi\u1ec7p<\/a><\/li>\n<li><a href=\"https:\/\/www.i-glocal.com\/ourservices\/personal-data-protection\/\">Chi ti\u1ebft v\u1ec1 d\u1ecbch v\u1ee5 li\u00ean quan \u0111\u1ebfn <br \/>Ngh\u1ecb \u0111\u1ecbnh B\u1ea3o V\u1ec7 D\u1eef Li\u1ec7u C\u00e1 Nh\u00e2n<\/a><\/li>\n<li><a href=\"https:\/\/www.i-glocal.com\/ourservices\/payroll-service\/\">Chi ti\u1ebft v\u1ec1 <br \/>D\u1ecbch V\u1ee5 T\u00ednh L\u01b0\u01a1ng <\/a><\/li>\n<li><a href=\"https:\/\/www.i-glocal.com\/ourservices\/compliance-training\/\">Chi ti\u1ebft v\u1ec1 <br \/>\u0110\u00e0o t\u1ea1o tu\u00e2n th\u1ee7<\/a><\/li>\n<\/ul>\n<\/div>\n<p><!--ourservices_ttl05--><\/p>\n","protected":false},"excerpt":{"rendered":"<p>Cung c\u1ea5p d\u1ecbch v\u1ee5 h\u1ed7 tr\u1ee3 to\u00e0n di\u1ec7n cho doanh nghi\u1ec7p \u0111\u1ea7u t\u01b0 v\u00e0o Vi\u1ec7t Nam v\u00e0 c\u00e1c ho\u1ea1t \u0111\u1ed9ng qu\u1ea3n l\u00fd sau th\u00e0nh l\u1eadp D\u1ecbch v\u1ee5 h\u1ed7 tr\u1ee3 t\u01b0 v\u1ea5n kinh doanhG\u00f3i t\u01b0 v\u1ea5n theo h\u1ee3p \u0111\u1ed3ng n\u0103m H\u1ed7 tr\u1ee3 x\u00fac ti\u1ebfn \u0111\u1ea7u t\u01b0 v\u00e0o Vi\u1ec7t Nam H\u1ed7 tr\u1ee3 ho\u1ea1t \u0111\u1ed9ng M&#038;A K\u1ebf to\u00e1n [&hellip;]<\/p>\n","protected":false},"author":2,"featured_media":0,"parent":0,"menu_order":0,"comment_status":"closed","ping_status":"closed","template":"","meta":{"om_disable_all_campaigns":false,"_monsterinsights_skip_tracking":false,"_monsterinsights_sitenote_active":false,"_monsterinsights_sitenote_note":"","_monsterinsights_sitenote_category":0,"_locale":"vi","_original_post":"http:\/\/i-glocal-com.check-xserver.jp\/?page_id=270","footnotes":""},"class_list":["post-558","page","type-page","status-publish","hentry","vi"],"acf":[],"aioseo_notices":[],"_links":{"self":[{"href":"https:\/\/www.i-glocal.com\/wp-json\/wp\/v2\/pages\/558","targetHints":{"allow":["GET"]}}],"collection":[{"href":"https:\/\/www.i-glocal.com\/wp-json\/wp\/v2\/pages"}],"about":[{"href":"https:\/\/www.i-glocal.com\/wp-json\/wp\/v2\/types\/page"}],"author":[{"embeddable":true,"href":"https:\/\/www.i-glocal.com\/wp-json\/wp\/v2\/users\/2"}],"replies":[{"embeddable":true,"href":"https:\/\/www.i-glocal.com\/wp-json\/wp\/v2\/comments?post=558"}],"version-history":[{"count":16,"href":"https:\/\/www.i-glocal.com\/wp-json\/wp\/v2\/pages\/558\/revisions"}],"predecessor-version":[{"id":844,"href":"https:\/\/www.i-glocal.com\/wp-json\/wp\/v2\/pages\/558\/revisions\/844"}],"wp:attachment":[{"href":"https:\/\/www.i-glocal.com\/wp-json\/wp\/v2\/media?parent=558"}],"curies":[{"name":"wp","href":"https:\/\/api.w.org\/{rel}","templated":true}]}}