{"id":550,"date":"2023-01-04T19:43:50","date_gmt":"2023-01-04T10:43:50","guid":{"rendered":"http:\/\/i-glocal-com.check-xserver.jp\/?page_id=550"},"modified":"2025-02-20T17:43:40","modified_gmt":"2025-02-20T08:43:40","slug":"related-company","status":"publish","type":"page","link":"https:\/\/www.i-glocal.com\/vi\/aboutus\/related-company\/","title":{"rendered":"Related Company"},"content":{"rendered":"<div class=\"related_list\">\n<div class=\"related_detail\">\n<p class=\"related_img\"><a href=\"https:\/\/vina-payroll.com\/\" target=\"_blank\" rel=\"noopener\"><img decoding=\"async\" src=\"https:\/\/www.i-glocal.com\/wp-content\/themes\/igl\/images\/related_img01.jpg\" alt=\"C\u00d4NG TY TNHH VINA PAYROLL OUTSOURCING\"><\/a><\/p>\n<dl>\n<dt>C\u00d4NG TY TNHH <br \/>VINA PAYROLL OUTSOURCING<\/dt>\n<dd>C\u00f4ng ty tr\u1ef1c thu\u1ed9c t\u1eadp \u0111o\u00e0n I-GLOCAL cung c\u1ea5p d\u1ecbch v\u1ee5 t\u00ednh l\u01b0\u01a1ng v\u00e0 ph\u00e1t tri\u1ec3n, v\u1eadn h\u00e0nh SaaS &#8211; gi\u1ea3i ph\u00e1p qu\u1ea3n tr\u1ecb v\u00e0 h\u1ed7 tr\u1ee3 nh\u00e2n s\u1ef1 to\u00e0n di\u1ec7n t\u1ea1i Vi\u1ec7t Nam.<\/dd>\n<\/dl><\/div>\n<div class=\"related_detail\">\n<p class=\"related_img\"><a href=\"https:\/\/vinabookkeeping.com\/\"target=\"_blank\" \"style=\"display: inline-block;\"><img loading=\"lazy\" decoding=\"async\" src=\"https:\/\/www.i-glocal.com\/wp-content\/themes\/igl\/images\/related_img02.jpg\" alt=\"C\u00d4NG TY TNHH VINA BOOKKEEPING\" width=\"310\" height=\"206\"\/><\/a><\/p>\n<dl>\n<dt>C\u00d4NG TY TNHH <br \/>VINA BOOKKEEPING<\/dt>\n<dd>C\u00f4ng ty tr\u1ef1c thu\u1ed9c t\u1eadp \u0111o\u00e0n I-GLOCAL cung c\u1ea5p d\u1ecbch v\u1ee5 h\u1ed7 tr\u1ee3 k\u1ebf to\u00e1n t\u1ea1i Vi\u1ec7t Nam.<\/dd>\n<\/dl><\/div>\n<\/p><\/div>\n<div class=\"related_list\">\n<div class=\"related_detail\">\n<p class=\"related_img\"><a href=\"https:\/\/terra-plat.vn\/vi\/\" target=\"_blank\" rel=\"noopener\"><img decoding=\"async\" src=\"https:\/\/www.i-glocal.com\/wp-content\/themes\/igl\/images\/related_img03.jpg\" alt=\"terra\"><\/a><\/p>\n<dl>\n<dt>terra<\/dt>\n<dd>S\u1ea3n ph\u1ea9m qu\u1ea3n tr\u1ecb v\u00e0 h\u1ed7 tr\u1ee3 nh\u00e2n s\u1ef1 \u0111\u01b0\u1ee3c v\u1eadn h\u00e0nh v\u00e0 ph\u00e1t tri\u1ec3n b\u1edfi VPO<\/dd>\n<\/dl><\/div>\n<\/p><\/div>\n","protected":false},"excerpt":{"rendered":"<p>C\u00d4NG TY TNHH VINA PAYROLL OUTSOURCING C\u00f4ng ty tr\u1ef1c thu\u1ed9c t\u1eadp \u0111o\u00e0n I-GLOCAL cung c\u1ea5p d\u1ecbch v\u1ee5 t\u00ednh l\u01b0\u01a1ng v\u00e0 ph\u00e1t tri\u1ec3n, v\u1eadn h\u00e0nh SaaS &#8211; gi\u1ea3i ph\u00e1p qu\u1ea3n tr\u1ecb v\u00e0 h\u1ed7 tr\u1ee3 nh\u00e2n s\u1ef1 to\u00e0n di\u1ec7n t\u1ea1i Vi\u1ec7t Nam.<\/p>\n","protected":false},"author":2,"featured_media":0,"parent":472,"menu_order":0,"comment_status":"closed","ping_status":"closed","template":"","meta":{"om_disable_all_campaigns":false,"_monsterinsights_skip_tracking":false,"_monsterinsights_sitenote_active":false,"_monsterinsights_sitenote_note":"","_monsterinsights_sitenote_category":0,"_locale":"vi","_original_post":"http:\/\/i-glocal-com.check-xserver.jp\/?page_id=266","footnotes":""},"class_list":["post-550","page","type-page","status-publish","hentry","vi"],"acf":[],"aioseo_notices":[],"_links":{"self":[{"href":"https:\/\/www.i-glocal.com\/wp-json\/wp\/v2\/pages\/550","targetHints":{"allow":["GET"]}}],"collection":[{"href":"https:\/\/www.i-glocal.com\/wp-json\/wp\/v2\/pages"}],"about":[{"href":"https:\/\/www.i-glocal.com\/wp-json\/wp\/v2\/types\/page"}],"author":[{"embeddable":true,"href":"https:\/\/www.i-glocal.com\/wp-json\/wp\/v2\/users\/2"}],"replies":[{"embeddable":true,"href":"https:\/\/www.i-glocal.com\/wp-json\/wp\/v2\/comments?post=550"}],"version-history":[{"count":13,"href":"https:\/\/www.i-glocal.com\/wp-json\/wp\/v2\/pages\/550\/revisions"}],"predecessor-version":[{"id":4806,"href":"https:\/\/www.i-glocal.com\/wp-json\/wp\/v2\/pages\/550\/revisions\/4806"}],"up":[{"embeddable":true,"href":"https:\/\/www.i-glocal.com\/wp-json\/wp\/v2\/pages\/472"}],"wp:attachment":[{"href":"https:\/\/www.i-glocal.com\/wp-json\/wp\/v2\/media?parent=550"}],"curies":[{"name":"wp","href":"https:\/\/api.w.org\/{rel}","templated":true}]}}