{"id":544,"date":"2023-01-04T18:57:02","date_gmt":"2023-01-04T09:57:02","guid":{"rendered":"http:\/\/i-glocal-com.check-xserver.jp\/?page_id=544"},"modified":"2026-04-21T19:01:33","modified_gmt":"2026-04-21T10:01:33","slug":"office","status":"publish","type":"page","link":"https:\/\/www.i-glocal.com\/vi\/aboutus\/office\/","title":{"rendered":"Office"},"content":{"rendered":"<p><!--\u6771\u4eac head-office--><\/p>\n<h3 class=\"ttl3_02\">V\u0103n ph\u00f2ng H\u1ed3 Ch\u00ed Minh<\/h3>\n<h4 class=\"ttl4_01\">\u0110\u1ecba ch\u1ec9\u30fbLi\u00ean h\u1ec7<\/h4>\n<div class=\"office_list\">\n<div id=\"map_hcm\" class=\"office_map\"><\/div>\n<div class=\"office_info\">\n<p class=\"office_address\">T\u1ea7ng 14, 180-192 Nguy\u1ec5n C\u00f4ng Tr\u1ee9, Ph\u01b0\u1eddng B\u1ebfn Th\u00e0nh, Th\u00e0nh ph\u1ed1 H\u1ed3 Ch\u00ed Minh, Vi\u1ec7t Nam<\/p>\n<p class=\"office_tel\"><span class=\"\">\u0110i\u1ec7n tho\u1ea1i\uff1a<\/span>+84-28-3827 8096<\/p>\n<p class=\"office_Fax\"><span class=\"\">Fax\uff1a <\/span>+84-28-3827 8097<\/p>\n<\/div>\n<\/div>\n<p><!--\u30db\u30fc\u30c1\u30df\u30f3 hochiminh--><\/p>\n<h3 class=\"ttl3_02\">V\u0103n ph\u00f2ng H\u00e0 N\u1ed9i<\/h3>\n<h4 class=\"ttl4_01\">\u0110\u1ecba ch\u1ec9\u30fbLi\u00ean h\u1ec7<\/h4>\n<div class=\"office_list\">\n<div id=\"map_hn\" class=\"office_map\"><\/div>\n<div class=\"office_info\">\n<p class=\"office_address\">Ph\u00f2ng 1206, T\u1ea7ng 12, T\u00f2a nh\u00e0 Indochina Plaza H\u00e0 N\u1ed9i, 241 \u0110\u01b0\u1eddng Xu\u00e2n Th\u1ee7y, Ph\u01b0\u1eddng C\u1ea7u Gi\u1ea5y, Th\u1ee7 \u0111\u00f4 H\u00e0 N\u1ed9i, Vi\u1ec7t Nam<\/p>\n<p class=\"office_tel\"><span class=\"\">\u0110i\u1ec7n tho\u1ea1i\uff1a<\/span>+84-24-2220 0334<\/p>\n<p class=\"office_Fax\"><span class=\"\">Fax\uff1a <\/span>+84-24-2220 0335<\/p>\n<\/div>\n<\/div>\n<p><!--\u30d7\u30ce\u30f3\u30da\u30f3 Phnom Penh--><\/p>\n<h3 class=\"ttl3_02\">V\u0103n ph\u00f2ng Tokyo<\/h3>\n<h4 class=\"ttl4_01\">\u0110\u1ecba ch\u1ec9\u30fbLi\u00ean h\u1ec7<\/h4>\n<div class=\"office_list\">\n<div id=\"map_head\" class=\"office_map\"><\/div>\n<div class=\"office_info\">\n<p class=\"office_address\">4-36-12 Minami Nagasaki, Toshima-ku, Tokyo,<br \/>\n1710052, Nh\u1eadt B\u1ea3n<\/p>\n<\/div>\n<\/div>\n","protected":false},"excerpt":{"rendered":"<p>V\u0103n ph\u00f2ng H\u1ed3 Ch\u00ed Minh \u0110\u1ecba ch\u1ec9\u30fbLi\u00ean h\u1ec7 T\u1ea7ng 14, 180-192 Nguy\u1ec5n C\u00f4ng Tr\u1ee9, Ph\u01b0\u1eddng B\u1ebfn Th\u00e0nh, Th\u00e0nh ph\u1ed1 H\u1ed3 Ch\u00ed Minh, Vi\u1ec7t Nam \u0110i\u1ec7n tho\u1ea1i\uff1a+84-28-3827 8096 Fax\uff1a +84-28-3827 8097 V\u0103n ph\u00f2ng H\u00e0 N\u1ed9i \u0110\u1ecba ch\u1ec9\u30fbLi\u00ean h\u1ec7 Ph\u00f2ng 1206, T\u1ea7ng 12, T\u00f2a nh\u00e0 Indochina Plaza H\u00e0 N\u1ed9i, 241 \u0110\u01b0\u1eddng Xu\u00e2n Th\u1ee7y, Ph\u01b0\u1eddng C\u1ea7u Gi\u1ea5y, Th\u1ee7 [&hellip;]<\/p>\n","protected":false},"author":2,"featured_media":0,"parent":472,"menu_order":0,"comment_status":"closed","ping_status":"closed","template":"","meta":{"om_disable_all_campaigns":false,"_monsterinsights_skip_tracking":false,"_monsterinsights_sitenote_active":false,"_monsterinsights_sitenote_note":"","_monsterinsights_sitenote_category":0,"_locale":"vi","_original_post":"http:\/\/i-glocal-com.check-xserver.jp\/?page_id=263","footnotes":""},"class_list":["post-544","page","type-page","status-publish","hentry","vi"],"acf":[],"aioseo_notices":[],"_links":{"self":[{"href":"https:\/\/www.i-glocal.com\/wp-json\/wp\/v2\/pages\/544","targetHints":{"allow":["GET"]}}],"collection":[{"href":"https:\/\/www.i-glocal.com\/wp-json\/wp\/v2\/pages"}],"about":[{"href":"https:\/\/www.i-glocal.com\/wp-json\/wp\/v2\/types\/page"}],"author":[{"embeddable":true,"href":"https:\/\/www.i-glocal.com\/wp-json\/wp\/v2\/users\/2"}],"replies":[{"embeddable":true,"href":"https:\/\/www.i-glocal.com\/wp-json\/wp\/v2\/comments?post=544"}],"version-history":[{"count":10,"href":"https:\/\/www.i-glocal.com\/wp-json\/wp\/v2\/pages\/544\/revisions"}],"predecessor-version":[{"id":6830,"href":"https:\/\/www.i-glocal.com\/wp-json\/wp\/v2\/pages\/544\/revisions\/6830"}],"up":[{"embeddable":true,"href":"https:\/\/www.i-glocal.com\/wp-json\/wp\/v2\/pages\/472"}],"wp:attachment":[{"href":"https:\/\/www.i-glocal.com\/wp-json\/wp\/v2\/media?parent=544"}],"curies":[{"name":"wp","href":"https:\/\/api.w.org\/{rel}","templated":true}]}}