{"id":525,"date":"2023-01-04T16:50:19","date_gmt":"2023-01-04T07:50:19","guid":{"rendered":"http:\/\/i-glocal-com.check-xserver.jp\/?page_id=525"},"modified":"2026-04-21T11:56:09","modified_gmt":"2026-04-21T02:56:09","slug":"mvv","status":"publish","type":"page","link":"https:\/\/www.i-glocal.com\/vi\/aboutus\/mvv\/","title":{"rendered":"Mission Vision"},"content":{"rendered":"<div class=\"mvv_list\">\n<div class=\"mvv_detail\">\n<h3 class=\"ttl3_01\">Tri\u1ebft l\u00fd v\u00e0 ph\u01b0\u01a1ng ch\u00e2m kinh doanh<\/h3>\n<p class=\"mvv_img\">S\u1ef1 ph\u00e1t tri\u1ec3n c\u1ee7a nh\u00e2n vi\u00ean v\u00e0<br \/>\nkh\u00e1ch h\u00e0ng l\u00e0 s\u1ef1 ph\u00e1t tri\u1ec3n c\u1ee7a c\u00f4ng ty!<\/p>\n<p class=\"\">Quan \u0111i\u1ec3m kinh doanh c\u1ee7a I-GLOCAL l\u00e0 &#8220;Tr\u1edf th\u00e0nh n\u1ec1n t\u1ea3ng h\u1ed7 tr\u1ee3 s\u1ef1 ph\u00e1t tri\u1ec3n c\u1ee7a kh\u00e1ch h\u00e0ng&#8221;.<br \/>\nQuan \u0111i\u1ec3m \u0111\u00f3 kh\u00f4ng thay \u0111\u1ed5i k\u1ec3 t\u1eeb khi c\u00f4ng ty \u0111\u01b0\u1ee3c th\u00e0nh l\u1eadp n\u0103m 2003 \u0111\u1ebfn nay.<br \/>\nCh\u00fang t\u00f4i ho\u00e0n to\u00e0n kh\u00f4ng quan t\u00e2m \u0111\u1ebfn vi\u1ec7c l\u00e0m sao ch\u1ec9 c\u00f3 c\u00f4ng ty ch\u00fang t\u00f4i ph\u00e1t tri\u1ec3n.<\/p>\n<p class=\"\">L\u00e0m cho kh\u00e1ch h\u00e0ng h\u00e0i l\u00f2ng v\u1edbi d\u1ecbch v\u1ee5 c\u1ee7a m\u00ecnh, qua \u0111\u00f3 c\u00f3 \u0111\u01b0\u1ee3c l\u00f2ng tin<br \/>\nv\u00e0 s\u1ef1 \u0111\u1ed3ng c\u1ea3m c\u1ee7a kh\u00e1ch h\u00e0ng, t\u1eeb \u0111\u00f3 ch\u00ednh \u0111\u1ed9i ng\u0169 nh\u00e2n s\u1ef1 c\u1ee7a ch\u00fang t\u00f4i c\u0169ng s\u1ebd ph\u00e1t tri\u1ec3n.<br \/>\nV\u00e0 k\u1ebft qu\u1ea3 cu\u1ed1i c\u00f9ng, ch\u00fang t\u00f4i l\u1ea1i l\u1ea1i ti\u1ebfp t\u1ee5c \u0111\u01b0\u1ee3c kh\u00e1ch h\u00e0ng y\u00eau m\u1ebfn.<br \/>\nPh\u01b0\u01a1ng ch\u00e2m \u0111\u00f3 \u0111\u00e3 \u0111\u01b0\u1ee3c c\u00f4ng ty kh\u00f4ng ng\u1eebng duy tr\u00ec v\u00e0 ph\u00e1t tri\u1ec3n li\u00ean t\u1ee5c k\u1ec3 t\u1eeb ng\u00e0y th\u00e0nh l\u1eadp,<br \/>\nv\u00e0 \u0111\u1ebfn nay \u0111\u00e3 c\u00f3 h\u01a1n 1000 kh\u00e1ch h\u00e0ng y\u00eau m\u1ebfn v\u00e0 tin d\u00f9ng.<br \/>\nV\u1edbi t\u00ecnh y\u00eau cho \u0111\u1ea5t n\u01b0\u1edbc Vi\u1ec7t Nam, s\u1ebd kh\u00f4ng c\u00f3 g\u00ec l\u00e0m thay \u0111\u1ed5i nhi\u1ec7t huy\u1ebft<br \/>\nv\u00e0 quy\u1ebft t\u00e2m \u0111\u1ec3 c\u00f9ng kh\u00e1ch h\u00e0ng ph\u00e1t tri\u1ec3n t\u1ea1i \u0111\u1ea5t n\u01b0\u1edbc n\u00e0y.<\/p>\n<\/div>\n<div class=\"mvv_detail\">\n<h3 class=\"ttl3_01\">\u00dd ngh\u0129a t\u00ean g\u1ecdi I-GLOCAL<\/h3>\n<p class=\"\"><strong>&#8220;I&#8221; \u0111\u01b0\u1ee3c hi\u1ec3u v\u1edbi c\u00e1c \u00fd ngh\u0129a sau:<\/strong><\/p>\n<div class=\"mvv_img\">\n<dl class=\"\">\n<dt class=\"\">Indochina<\/dt>\n<dd class=\"\">\u0110\u1ecba b\u00e0n ho\u1ea1t \u0111\u1ed9ng ch\u00ednh v\u1ec1 ph\u01b0\u01a1ng di\u1ec7n \u0111\u1ecba l\u00fd (Vi\u1ec7t Nam, Cambodia)<\/dd>\n<\/dl>\n<dl class=\"\">\n<dt class=\"\">Incubate<\/dt>\n<dd class=\"\">T\u01b0 t\u01b0\u1edfng kinh doanh lu\u00f4n mong mu\u1ed1n ph\u00e1t tri\u1ec3n cho th\u1ebf h\u1ec7 ti\u1ebfp theo<\/dd>\n<\/dl>\n<dl class=\"\">\n<dt class=\"\">Independent<\/dt>\n<dd class=\"\">T\u00ednh t\u1ef1 ch\u1ee7, tinh th\u1ea7n l\u00e0m vi\u1ec7c \u0111\u1ed9c l\u1eadp c\u1ee7a t\u1eebng c\u00e1 nh\u00e2n<\/dd>\n<\/dl>\n<\/div>\n<p class=\"\">GLOCAL l\u00e0 t\u1eeb gh\u00e9p gi\u1eefa &#8220;Global&#8221; (to\u00e0n c\u1ea7u) v\u00e0 &#8220;Local&#8221; (\u0111\u1ecba ph\u01b0\u01a1ng),<br \/>\nth\u1ec3 hi\u1ec7n \u0111\u1ecbnh h\u01b0\u1edbng &#8220;T\u01b0 duy theo quy m\u00f4 to\u00e0n c\u1ea7u, h\u00e0nh \u0111\u1ed9ng theo \u0111\u1eb7c tr\u01b0ng \u0111\u1ecba ph\u01b0\u01a1ng&#8221;<br \/>\n&#8211; Think globally, Act locally.<br \/>\nT\u00ean g\u1ecdi I-GLOCAL \u0111\u01b0\u1ee3c hi\u1ec3u v\u1edbi \u00fd ngh\u0129a l\u00e0 m\u1ed9t t\u1ed5 ch\u1ee9c ho\u1ea1t \u0111\u1ed9ng<br \/>\nt\u1ea1i khu v\u1ef1c \u0110\u00f4ng D\u01b0\u01a1ng (Indochina), mong mu\u1ed1n mang l\u1ea1i<br \/>\nc\u00e1c gi\u00e1 tr\u1ecb ph\u00e1t tri\u1ec3n b\u1ec1n v\u1eefng (Incubate) c\u00f9ng tinh th\u1ea7n t\u1ef1 ch\u1ee7 (Independent),<br \/>\n\u0111\u1ecbnh h\u01b0\u1edbng t\u01b0 duy theo quy m\u00f4 to\u00e0n c\u1ea7u v\u00e0 h\u00e0nh \u0111\u1ed9ng<br \/>\ntheo \u0111\u1eb7c tr\u01b0ng \u0111\u1ecba ph\u01b0\u01a1ng (Think globally, Act locally).<\/p>\n<\/div>\n<div class=\"mvv_detail\">\n<h3 class=\"ttl3_01\">V\u1ec0 LOGO<\/h3>\n<p class=\"mvv_img\"><img loading=\"lazy\" decoding=\"async\" src=\"https:\/\/www.i-glocal.com\/wp-content\/themes\/igl\/images\/mvv_img03.png\" alt=\"V\u1ec0 LOGO\" width=\"389\" height=\"180\" \/><\/p>\n<p class=\"\">Kinh doanh to\u00e0n c\u1ea7u kh\u00f4ng ng\u1eebng ph\u00e1t tri\u1ec3n tr\u00ean n\u1ec1n t\u1ea3ng c\u1ee7a m\u1ed9t Vi\u1ec7t Nam tr\u00e0n \u0111\u1ea7y s\u1ee9c s\u1ed1ng,<br \/>\nI-GLOCAL s\u1ebd t\u1eadn d\u1ee5ng g\u00f3c nh\u00ecn to\u00e0n c\u1ea7u<br \/>\nc\u00f9ng v\u1edbi th\u1ebf m\u1ea1nh chuy\u00ean m\u00f4n v\u00e0 kinh nghi\u1ec7m th\u1ef1c ti\u1ec5n d\u00e0y d\u1ea1n<br \/>\n\u0111\u1ed1i v\u1edbi khu v\u1ef1c \u0111\u1ecba l\u00ed \u0110\u00f4ng D\u01b0\u01a1ng \u0111\u1eb7c tr\u01b0ng \u0111\u1ec3<br \/>\nh\u1ed7 tr\u1ee3 kh\u00e1ch h\u00e0ng m\u1edf r\u1ed9ng ho\u1ea1t \u0111\u1ed9ng kinh doanh to\u00e0n di\u1ec7n t\u1ea1i khu v\u1ef1c n\u00e0y.<\/p>\n<p class=\"\">\u3010V\u1ec1 LOGO c\u1ee7a t\u1eadp \u0111o\u00e0n\u3011<br \/>\n&#8220;V\u00f2ng tr\u00f2n&#8221; mang \u00fd ngh\u0129a k\u1ebft n\u1ed1i x\u00e3 h\u1ed9i ng\u00e0y m\u1ed9t m\u1edf r\u1ed9ng v\u00e0 t\u1ea7m nh\u00ecn to\u00e0n c\u1ea7u (Globalization).<br \/>\n&#8220;\u0110i\u1ec3m ch\u1ea5m&#8221; th\u1ec3 hi\u1ec7n \u0111\u1eb7c tr\u01b0ng h\u00e0nh \u0111\u1ed9ng d\u1ef1a tr\u00ean<br \/>\ns\u1ef1 hi\u1ec3u bi\u1ebft v\u00e0 c\u00e2n nh\u1eafc v\u0103n h\u00f3a theo t\u1eebng \u0111\u1ecba ph\u01b0\u01a1ng kh\u00e1c nhau (Localization).<br \/>\nNgo\u00e0i ra, m\u00e0u xanh l\u00e1 bao quanh to\u00e0n b\u1ed9 v\u00f2ng tr\u00f2n \u0111ang<br \/>\nth\u1ec3 hi\u1ec7n ti\u1ec1m n\u0103ng ph\u00e1t tri\u1ec3n li\u00ean t\u1ee5c c\u1ee7a c\u00e1c n\u01b0\u1edbc trong khu v\u1ef1c \u0110\u00f4ng D\u01b0\u01a1ng,<br \/>\nv\u00e0 m\u00e0u \u0111\u1ecf t\u1ea1i \u0111i\u1ec3m ch\u1ea5m cho th\u1ea5y ti\u1ec1m n\u0103ng \u0111\u1ed9t ph\u00e1 t\u1ea1i t\u1eebng khu v\u1ef1c \u0111\u1ecba l\u00fd n\u00e0y.<\/p>\n<\/div>\n<\/div>\n","protected":false},"excerpt":{"rendered":"<p>Tri\u1ebft l\u00fd v\u00e0 ph\u01b0\u01a1ng ch\u00e2m kinh doanh S\u1ef1 ph\u00e1t tri\u1ec3n c\u1ee7a nh\u00e2n vi\u00ean v\u00e0 kh\u00e1ch h\u00e0ng l\u00e0 s\u1ef1 ph\u00e1t tri\u1ec3n c\u1ee7a c\u00f4ng ty! Quan \u0111i\u1ec3m kinh doanh c\u1ee7a I-GLOCAL l\u00e0 &#8220;Tr\u1edf th\u00e0nh n\u1ec1n t\u1ea3ng h\u1ed7 tr\u1ee3 s\u1ef1 ph\u00e1t tri\u1ec3n c\u1ee7a kh\u00e1ch h\u00e0ng&#8221;. Quan \u0111i\u1ec3m \u0111\u00f3 kh\u00f4ng thay \u0111\u1ed5i k\u1ec3 t\u1eeb khi c\u00f4ng ty \u0111\u01b0\u1ee3c th\u00e0nh [&hellip;]<\/p>\n","protected":false},"author":2,"featured_media":0,"parent":472,"menu_order":0,"comment_status":"closed","ping_status":"closed","template":"","meta":{"om_disable_all_campaigns":false,"_monsterinsights_skip_tracking":false,"_monsterinsights_sitenote_active":false,"_monsterinsights_sitenote_note":"","_monsterinsights_sitenote_category":0,"_locale":"vi","_original_post":"http:\/\/i-glocal-com.check-xserver.jp\/?page_id=261","footnotes":""},"class_list":["post-525","page","type-page","status-publish","hentry","vi"],"acf":[],"aioseo_notices":[],"_links":{"self":[{"href":"https:\/\/www.i-glocal.com\/wp-json\/wp\/v2\/pages\/525","targetHints":{"allow":["GET"]}}],"collection":[{"href":"https:\/\/www.i-glocal.com\/wp-json\/wp\/v2\/pages"}],"about":[{"href":"https:\/\/www.i-glocal.com\/wp-json\/wp\/v2\/types\/page"}],"author":[{"embeddable":true,"href":"https:\/\/www.i-glocal.com\/wp-json\/wp\/v2\/users\/2"}],"replies":[{"embeddable":true,"href":"https:\/\/www.i-glocal.com\/wp-json\/wp\/v2\/comments?post=525"}],"version-history":[{"count":9,"href":"https:\/\/www.i-glocal.com\/wp-json\/wp\/v2\/pages\/525\/revisions"}],"predecessor-version":[{"id":6822,"href":"https:\/\/www.i-glocal.com\/wp-json\/wp\/v2\/pages\/525\/revisions\/6822"}],"up":[{"embeddable":true,"href":"https:\/\/www.i-glocal.com\/wp-json\/wp\/v2\/pages\/472"}],"wp:attachment":[{"href":"https:\/\/www.i-glocal.com\/wp-json\/wp\/v2\/media?parent=525"}],"curies":[{"name":"wp","href":"https:\/\/api.w.org\/{rel}","templated":true}]}}