{"id":509,"date":"2023-01-04T16:18:33","date_gmt":"2023-01-04T07:18:33","guid":{"rendered":"http:\/\/i-glocal-com.check-xserver.jp\/?page_id=509"},"modified":"2026-04-21T11:13:24","modified_gmt":"2026-04-21T02:13:24","slug":"company-profile","status":"publish","type":"page","link":"https:\/\/www.i-glocal.com\/vi\/aboutus\/company-profile\/","title":{"rendered":"Company Profile"},"content":{"rendered":"<div class=\"under_tb\">\n<dl class=\"under_tblist\">\n<dt><span class=\"\">T\u00ean<\/span><\/dt>\n<dd>\n<p class=\"\"><strong>T\u1eadp \u0111o\u00e0n I-GLOCAL<\/strong><br \/>\nT\u00ean vi\u1ebft t\u1eaft: IGL GROUP<\/p>\n<\/dd>\n<\/dl>\n<dl class=\"under_tblist\">\n<dt><span class=\"\">C\u00f4ng ty th\u00e0nh vi\u00ean (L\u0129nh v\u1ef1c ho\u1ea1t \u0111\u1ed9ng \/ \u0110\u1ecba ch\u1ec9 \/ Ng\u00e0y th\u00e0nh l\u1eadp)<\/span><\/dt>\n<dd>\n<p class=\"\"><strong>C\u00d4NG TY C\u1ed4 PH\u1ea6N I-GLOCAL<\/strong><br \/>\n(T\u01b0 v\u1ea5n qu\u1ea3n l\u00fd doanh nghi\u1ec7p \/ Nh\u1eadt B\u1ea3n \/ Th\u00e1ng 9\/2001)<\/p>\n<p class=\"\"><strong>C\u00d4NG TY TNHH I-GLOCAL<\/strong><br \/>\n(T\u01b0 v\u1ea5n qu\u1ea3n l\u00fd doanh nghi\u1ec7p \/ Vi\u1ec7t Nam\/ Th\u00e1ng 9\/2003)<\/p>\n<p class=\"\"><strong>C\u00d4NG TY TNHH VINA PAYROLL OUTSOURCING<\/strong><br \/>\n(D\u1ecbch v\u1ee5 t\u00ednh l\u01b0\u01a1ng \/ Vi\u1ec7t Nam \/ Th\u00e1ng 12\/2020)<\/p>\n<p class=\"\"><strong>C\u00d4NG TY TNHH VINA BOOKKEEPING<\/strong><br \/>\n(D\u1ecbch v\u1ee5 k\u1ebf to\u00e1n \/ Vi\u1ec7t Nam \/ Th\u00e1ng 4\/2014)<\/p>\n<\/dd>\n<\/dl>\n<dl class=\"under_tblist\">\n<dt><span class=\"\">Th\u00e0nh vi\u00ean h\u1ed9i \u0111\u1ed3ng qu\u1ea3n tr\u1ecb<\/span><\/dt>\n<dd>\n<ul class=\"company-profile_name\">\n<li><strong>Ch\u1ee7 t\u1ecbch h\u1ed9i \u0111\u1ed3ng qu\u1ea3n tr\u1ecb<\/strong>Yusuke Kaburagi<\/li>\n<li><strong>Ch\u1ee7 t\u1ecbch h\u1ed9i \u0111\u1ed3ng qu\u1ea3n tr\u1ecb<\/strong>Takayuki Jitsuhara<\/li>\n<li><strong>Th\u00e0nh vi\u00ean h\u1ed9i \u0111\u1ed3ng qu\u1ea3n tr\u1ecb<\/strong>Tr\u1ea7n Nguy\u00ean Trung<\/li>\n<\/ul>\n<\/dd>\n<\/dl>\n<dl class=\"under_tblist\">\n<dt><span class=\"\">Nh\u00e2n vi\u00ean<\/span><\/dt>\n<dd>\n<p class=\"\"><strong>Kho\u1ea3ng 300 ng\u01b0\u1eddi<\/strong>(s\u1ed1 li\u1ec7u th\u1ef1c t\u00ednh \u0111\u1ebfn th\u00e1ng 7\/2025)<\/p>\n<\/dd>\n<\/dl>\n<dl class=\"under_tblist\">\n<dt><span class=\"\">Kh\u00e1ch h\u00e0ng th\u00e2n thi\u1ebft<\/span><\/dt>\n<dd>\n<p class=\"\"><strong>H\u01a1n 1,000 doanh nghi\u1ec7p<\/strong> (s\u1ed1 li\u1ec7u th\u1ef1c t\u00ednh \u0111\u1ebfn th\u00e1ng 7\/2025)<\/p>\n<\/dd>\n<\/dl>\n<\/div>\n<div class=\"under_tb\">\n<dl class=\"under_tblist\">\n<dt><span class=\"\">M\u1ea1ng l\u01b0\u1edbi v\u0103n ph\u00f2ng<\/span><\/dt>\n<dd>\n<p class=\"\"><strong>\u3010H\u1ed3 Ch\u00ed Minh\u3011<\/strong><br \/>\nT\u1ea7ng 14, 180-192 Nguy\u1ec5n C\u00f4ng Tr\u1ee9, Ph\u01b0\u1eddng B\u1ebfn Th\u00e0nh, Th\u00e0nh ph\u1ed1 H\u1ed3 Ch\u00ed Minh, Vi\u1ec7t Nam<br \/>\n\u0110i\u1ec7n tho\u1ea1i: +84-28-3827-8096<br \/>\nFax: +84-28-3827-8097<\/p>\n<p class=\"\"><strong>\u3010H\u00e0 N\u1ed9i\u3011<\/strong><br \/>\nPh\u00f2ng 1206, T\u1ea7ng 12, T\u00f2a nh\u00e0 Indochina Plaza H\u00e0 N\u1ed9i, 241 \u0110\u01b0\u1eddng Xu\u00e2n Th\u1ee7y, Ph\u01b0\u1eddng C\u1ea7u Gi\u1ea5y, Th\u1ee7 \u0111\u00f4 H\u00e0 N\u1ed9i,<br \/>\nVi\u1ec7t Nam<br \/>\n\u0110i\u1ec7n tho\u1ea1i: +84-24-2220-0334<br \/>\nFax: +84-24-2220-0335<\/p>\n<p>\u3010<strong>Tokyo<\/strong>\u3011<br \/>\n4-36-12 Minami Nagasaki, Toshima-ku,Tokyo, 1710052, Nh\u1eadt B\u1ea3n<\/dd>\n<\/dl>\n<\/div>\n","protected":false},"excerpt":{"rendered":"<p>T\u00ean T\u1eadp \u0111o\u00e0n I-GLOCAL T\u00ean vi\u1ebft t\u1eaft: IGL GROUP C\u00f4ng ty th\u00e0nh vi\u00ean (L\u0129nh v\u1ef1c ho\u1ea1t \u0111\u1ed9ng \/ \u0110\u1ecba ch\u1ec9 \/ Ng\u00e0y th\u00e0nh l\u1eadp) C\u00d4NG TY C\u1ed4 PH\u1ea6N I-GLOCAL (T\u01b0 v\u1ea5n qu\u1ea3n l\u00fd doanh nghi\u1ec7p \/ Nh\u1eadt B\u1ea3n \/ Th\u00e1ng 9\/2001) C\u00d4NG TY TNHH I-GLOCAL (T\u01b0 v\u1ea5n qu\u1ea3n l\u00fd doanh nghi\u1ec7p \/ Vi\u1ec7t Nam\/ Th\u00e1ng [&hellip;]<\/p>\n","protected":false},"author":2,"featured_media":0,"parent":472,"menu_order":0,"comment_status":"closed","ping_status":"closed","template":"","meta":{"om_disable_all_campaigns":false,"_monsterinsights_skip_tracking":false,"_monsterinsights_sitenote_active":false,"_monsterinsights_sitenote_note":"","_monsterinsights_sitenote_category":0,"_locale":"vi","_original_post":"http:\/\/i-glocal-com.check-xserver.jp\/?page_id=257","footnotes":""},"class_list":["post-509","page","type-page","status-publish","hentry","vi"],"acf":[],"aioseo_notices":[],"_links":{"self":[{"href":"https:\/\/www.i-glocal.com\/wp-json\/wp\/v2\/pages\/509","targetHints":{"allow":["GET"]}}],"collection":[{"href":"https:\/\/www.i-glocal.com\/wp-json\/wp\/v2\/pages"}],"about":[{"href":"https:\/\/www.i-glocal.com\/wp-json\/wp\/v2\/types\/page"}],"author":[{"embeddable":true,"href":"https:\/\/www.i-glocal.com\/wp-json\/wp\/v2\/users\/2"}],"replies":[{"embeddable":true,"href":"https:\/\/www.i-glocal.com\/wp-json\/wp\/v2\/comments?post=509"}],"version-history":[{"count":26,"href":"https:\/\/www.i-glocal.com\/wp-json\/wp\/v2\/pages\/509\/revisions"}],"predecessor-version":[{"id":6816,"href":"https:\/\/www.i-glocal.com\/wp-json\/wp\/v2\/pages\/509\/revisions\/6816"}],"up":[{"embeddable":true,"href":"https:\/\/www.i-glocal.com\/wp-json\/wp\/v2\/pages\/472"}],"wp:attachment":[{"href":"https:\/\/www.i-glocal.com\/wp-json\/wp\/v2\/media?parent=509"}],"curies":[{"name":"wp","href":"https:\/\/api.w.org\/{rel}","templated":true}]}}