{"id":472,"date":"2023-01-03T17:52:35","date_gmt":"2023-01-03T08:52:35","guid":{"rendered":"http:\/\/i-glocal-com.check-xserver.jp\/?page_id=472"},"modified":"2023-06-12T14:02:51","modified_gmt":"2023-06-12T05:02:51","slug":"aboutus","status":"publish","type":"page","link":"https:\/\/www.i-glocal.com\/vi\/aboutus\/","title":{"rendered":"About us"},"content":{"rendered":"<div class=\"aboutus_list\">\n<div class=\"aboutus_detail\">\n<h3 class=\"ttl3_04\">T\u1ed5ng quan Ban gi\u00e1m \u0111\u1ed1c<\/h3>\n<p class=\"aboutus_img\"><img loading=\"lazy\" decoding=\"async\" src=\"https:\/\/www.i-glocal.com\/wp-content\/themes\/igl\/images\/aboutus_img01.png\" width=\"348\" height=\"348\" alt=\"T\u1ed5ng quan Ban gi\u00e1m \u0111\u1ed1c\"><\/p>\n<div class=\"aboutus_info\">\n<div class=\"aboutus_txt\">\n<p class=\"\">\u0110\u00e2y l\u00e0 trang gi\u1edbi thi\u1ec7u c\u00e1c th\u00f4ng tin chung v\u1ec1 t\u1eadp \u0111o\u00e0n.<\/p>\n<\/div>\n<p class=\"btn_readmore\"><a href=\"https:\/\/www.i-glocal.com\/aboutus\/company-profile\/\">Xem Th\u00eam<\/a><\/p>\n<\/div>\n<\/div>\n<div class=\"aboutus_detail\">\n<h3 class=\"ttl3_04\">S\u1ee9 m\u1ec7nh T\u1ea7m nh\u00ecn<\/h3>\n<p class=\"aboutus_img\"><img loading=\"lazy\" decoding=\"async\" src=\"https:\/\/www.i-glocal.com\/wp-content\/themes\/igl\/images\/aboutus_img02-vi.png\" width=\"409\" height=\"388\" alt=\"S\u1ee9 m\u1ec7nh T\u1ea7m nh\u00ecn\"><\/p>\n<div class=\"aboutus_info\">\n<div class=\"aboutus_txt\">\n<p class=\"\">Gi\u1edbi thi\u1ec7u v\u1ec1 tri\u1ebft l\u00fd &#8211; ph\u01b0\u01a1ng ch\u00e2m kinh doanh c\u1ee7a t\u1eadp \u0111o\u00e0n I-GLOCAL : &#8220;Your Growth is Our Growth!&#8221; (S\u1ef1 ph\u00e1t tri\u1ec3n c\u1ee7a nh\u00e2n vi\u00ean v\u00e0 kh\u00e1ch h\u00e0ng l\u00e0 s\u1ef1 ph\u00e1t tri\u1ec3n c\u1ee7a c\u00f4ng ty!).\n<\/p>\n<\/div>\n<p class=\"btn_readmore\"><a href=\"https:\/\/www.i-glocal.com\/aboutus\/mvv\/\">Xem Th\u00eam<\/a><\/p>\n<\/div>\n<\/div>\n<div class=\"aboutus_detail\">\n<h3 class=\"ttl3_04\">Danh s\u00e1ch v\u0103n ph\u00f2ng<\/h3>\n<p class=\"aboutus_img\"><img loading=\"lazy\" decoding=\"async\" src=\"https:\/\/www.i-glocal.com\/wp-content\/themes\/igl\/images\/aboutus_img03.png\" width=\"348\" height=\"348\" alt=\"Danh s\u00e1ch v\u0103n ph\u00f2ng\"><\/p>\n<div class=\"aboutus_info\">\n<div class=\"aboutus_txt\">\n<p class=\"\">M\u1ea1ng l\u01b0\u1edbi v\u0103n ph\u00f2ng I-GLOCAL<\/p>\n<\/div>\n<p class=\"btn_readmore\"><a href=\"https:\/\/www.i-glocal.com\/aboutus\/office\/\">Xem Th\u00eam<\/a><\/p>\n<\/div>\n<\/div>\n<div class=\"aboutus_detail\">\n<h3 class=\"ttl3_04\">C\u00f4ng ty th\u00e0nh vi\u00ean<\/h3>\n<p class=\"aboutus_img\"><img loading=\"lazy\" decoding=\"async\" src=\"https:\/\/www.i-glocal.com\/wp-content\/themes\/igl\/images\/aboutus_img04.png\" width=\"453\" height=\"387\" alt=\"C\u00f4ng ty th\u00e0nh vi\u00ean\"><\/p>\n<div class=\"aboutus_info\">\n<div class=\"aboutus_txt\">\n<p class=\"\">C\u00f4ng ty th\u00e0nh vi\u00ean I-GLOCAL<\/p>\n<\/div>\n<p class=\"btn_readmore\"><a href=\"https:\/\/www.i-glocal.com\/aboutus\/related-company\/\">Xem Th\u00eam<\/a><\/p>\n<\/div>\n<\/div>\n<\/div>\n","protected":false},"excerpt":{"rendered":"<p>T\u1ed5ng quan Ban gi\u00e1m \u0111\u1ed1c \u0110\u00e2y l\u00e0 trang gi\u1edbi thi\u1ec7u c\u00e1c th\u00f4ng tin chung v\u1ec1 t\u1eadp \u0111o\u00e0n. Xem Th\u00eam S\u1ee9 m\u1ec7nh T\u1ea7m nh\u00ecn Gi\u1edbi thi\u1ec7u v\u1ec1 tri\u1ebft l\u00fd &#8211; ph\u01b0\u01a1ng ch\u00e2m kinh doanh c\u1ee7a t\u1eadp \u0111o\u00e0n I-GLOCAL : &#8220;Your Growth is Our Growth!&#8221; (S\u1ef1 ph\u00e1t tri\u1ec3n c\u1ee7a nh\u00e2n vi\u00ean v\u00e0 kh\u00e1ch h\u00e0ng l\u00e0 s\u1ef1 ph\u00e1t [&hellip;]<\/p>\n","protected":false},"author":2,"featured_media":0,"parent":0,"menu_order":0,"comment_status":"closed","ping_status":"closed","template":"","meta":{"om_disable_all_campaigns":false,"_monsterinsights_skip_tracking":false,"_monsterinsights_sitenote_active":false,"_monsterinsights_sitenote_note":"","_monsterinsights_sitenote_category":0,"_locale":"vi","_original_post":"http:\/\/i-glocal-com.check-xserver.jp\/?page_id=250","footnotes":""},"class_list":["post-472","page","type-page","status-publish","hentry","vi"],"acf":[],"aioseo_notices":[],"_links":{"self":[{"href":"https:\/\/www.i-glocal.com\/wp-json\/wp\/v2\/pages\/472","targetHints":{"allow":["GET"]}}],"collection":[{"href":"https:\/\/www.i-glocal.com\/wp-json\/wp\/v2\/pages"}],"about":[{"href":"https:\/\/www.i-glocal.com\/wp-json\/wp\/v2\/types\/page"}],"author":[{"embeddable":true,"href":"https:\/\/www.i-glocal.com\/wp-json\/wp\/v2\/users\/2"}],"replies":[{"embeddable":true,"href":"https:\/\/www.i-glocal.com\/wp-json\/wp\/v2\/comments?post=472"}],"version-history":[{"count":8,"href":"https:\/\/www.i-glocal.com\/wp-json\/wp\/v2\/pages\/472\/revisions"}],"predecessor-version":[{"id":914,"href":"https:\/\/www.i-glocal.com\/wp-json\/wp\/v2\/pages\/472\/revisions\/914"}],"wp:attachment":[{"href":"https:\/\/www.i-glocal.com\/wp-json\/wp\/v2\/media?parent=472"}],"curies":[{"name":"wp","href":"https:\/\/api.w.org\/{rel}","templated":true}]}}