{"id":4456,"date":"2024-11-06T12:42:59","date_gmt":"2024-11-06T03:42:59","guid":{"rendered":"https:\/\/www.i-glocal.com\/?page_id=4456"},"modified":"2026-04-23T18:08:01","modified_gmt":"2026-04-23T09:08:01","slug":"personal-data-protection","status":"publish","type":"page","link":"https:\/\/www.i-glocal.com\/vi\/ourservices\/personal-data-protection\/","title":{"rendered":"Personal Data Protection"},"content":{"rendered":"<div class=\"personal_head\">\n<h3 class=\"personal_h3\">I-GLOCAL \u0110ANG CUNG C\u1ea4P D\u1ecaCH V\u1ee4 LI\u00caN QUAN \u0110\u1ebeN NGH\u1eca \u0110\u1ecaNH B\u1ea2O V\u1ec6 D\u1eee LI\u1ec6U C\u00c1 NH\u00c2N_V\u1ea4N \u0110\u1ec0 \u0110ANG TR\u1ede N\u00caN C\u1ea4P B\u00c1CH TRONG TH\u1edcI GIAN G\u1ea6N \u0110\u00c2Y.<\/h3>\n<p class=\"img\"><img decoding=\"async\" src=\"https:\/\/www.i-glocal.com\/wp-content\/themes\/igl\/images\/personal_img1.jpg\" alt=\"I-GLOCAL \u0110ANG CUNG C\u1ea4P D\u1ecaCH V\u1ee4 LI\u00caN QUAN \u0110\u1ebeN NGH\u1eca \u0110\u1ecaNH B\u1ea2O V\u1ec6 D\u1eee LI\u1ec6U C\u00c1 NH\u00c2N_V\u1ea4N \u0110\u1ec0 \u0110ANG TR\u1ede N\u00caN C\u1ea4P B\u00c1CH TRONG TH\u1edcI GIAN G\u1ea6N \u0110\u00c2Y. \" \/><\/p>\n<\/div>\n<div class=\"personal_box\">\n<div class=\"personal_frame first\">\n<div class=\"personal_frame_box bg\">\n<h4 class=\"personal_h4 not_text\">Ban h\u00e0nh Lu\u1eadt B\u1ea3o v\u1ec7 D\u1eef li\u1ec7u C\u00e1 nh\u00e2n v\u00e0 Ngh\u1ecb \u0111\u1ecbnh 356, c\u00f3 hi\u1ec7u l\u1ef1c t\u1eeb 1.1.2026<\/h4>\n<p class=\"personal_frame_box01\">Lu\u1eadt B\u1ea3o v\u1ec7 D\u1eef li\u1ec7u c\u00e1 nh\u00e2n v\u00e0 Ngh\u1ecb \u0111\u1ecbnh s\u1ed1 356\/2025\/N\u0110-CP (sau \u0111\u00e2y g\u1ecdi l\u00e0 \u201cNgh\u1ecb \u0111\u1ecbnh 356\u201d) c\u00f3 hi\u1ec7u l\u1ef1c thi h\u00e0nh t\u1eeb ng\u00e0y 01\/01\/2026, v\u00e0 thay th\u1ebf Ngh\u1ecb \u0111\u1ecbnh s\u1ed1 13\/2023\/N\u0110-CP. Ti\u1ebfp n\u1ed1i c\u00e1c quy \u0111\u1ecbnh v\u1ec1 b\u1ea3o v\u1ec7 d\u1eef li\u1ec7u c\u00e1 nh\u00e2n c\u1ee7a Ngh\u1ecb \u0111\u1ecbnh 13, Lu\u1eadt B\u1ea3o v\u1ec7 D\u1eef li\u1ec7u c\u00e1 nh\u00e2n v\u00e0 Ngh\u1ecb \u0111\u1ecbnh s\u1ed1 356 ti\u1ebfp t\u1ee5c ho\u00e0n thi\u1ec7n khu\u00f4n kh\u1ed5 ph\u00e1p l\u00fd li\u00ean quan \u0111\u1ebfn vi\u1ec7c thu th\u1eadp, x\u1eed l\u00fd, l\u01b0u tr\u1eef v\u00e0 b\u1ea3o v\u1ec7 d\u1eef li\u1ec7u c\u00e1 nh\u00e2n t\u1ea1i Vi\u1ec7t Nam. C\u00e1c quy \u0111\u1ecbnh n\u00e0y \u0111\u1eb7t ra y\u00eau c\u1ea7u ch\u1eb7t ch\u1ebd h\u01a1n \u0111\u1ed1i v\u1edbi t\u1ed5 ch\u1ee9c, doanh nghi\u1ec7p trong vi\u1ec7c thu th\u1eadp v\u00e0 x\u1eed l\u00fd d\u1eef li\u1ec7u c\u00e1 nh\u00e2n, b\u1ea3o \u0111\u1ea3m minh b\u1ea1ch, an to\u00e0n th\u00f4ng tin v\u00e0 t\u0103ng c\u01b0\u1eddng tr\u00e1ch nhi\u1ec7m tu\u00e2n th\u1ee7, \u0111\u1ed3ng th\u1eddi b\u1ed5 sung c\u01a1 ch\u1ebf qu\u1ea3n l\u00fd v\u00e0 x\u1eed l\u00fd vi ph\u1ea1m nh\u1eb1m b\u1ea3o v\u1ec7 quy\u1ec1n l\u1ee3i c\u1ee7a ch\u1ee7 th\u1ec3 d\u1eef li\u1ec7u<\/p>\n<\/div>\n<div class=\"personal_frame_box bg2\">\n<h4 class=\"personal_h4\">Kh\u00e1i ni\u1ec7m &#8220;d\u1eef li\u1ec7u c\u00e1 nh\u00e2n&#8221; t\u1ea1i Vi\u1ec7t Nam<\/h4>\n<p class=\"des\">\u201cD\u1eef li\u1ec7u c\u00e1 nh\u00e2n\u201d \u0111\u01b0\u1ee3c \u0111\u1ecbnh ngh\u0129a l\u00e0 th\u00f4ng tin d\u01b0\u1edbi d\u1ea1ng k\u00fd hi\u1ec7u, ch\u1eef vi\u1ebft, ch\u1eef s\u1ed1, h\u00ecnh \u1ea3nh, \u00e2m thanh ho\u1eb7c d\u1ea1ng t\u01b0\u01a1ng t\u1ef1 tr\u00ean m\u00f4i tr\u01b0\u1eddng \u0111i\u1ec7n t\u1eed g\u1eafn li\u1ec1n v\u1edbi m\u1ed9t con ng\u01b0\u1eddi c\u1ee5 th\u1ec3 ho\u1eb7c gi\u00fap x\u00e1c \u0111\u1ecbnh m\u1ed9t con ng\u01b0\u1eddi c\u1ee5 th\u1ec3. D\u1eef li\u1ec7u c\u00e1 nh\u00e2n bao g\u1ed3m hai lo\u1ea1i d\u01b0\u1edbi \u0111\u00e2y.<\/p>\n<\/div>\n<div class=\"personal_frame_col\">\n<div class=\"personal_frame_col_ite\">\n<p class=\"tt\">D\u1eef li\u1ec7u c\u00e1 nh\u00e2n c\u01a1 b\u1ea3n bao g\u1ed3m<\/p>\n<ul class=\"list01\">\n<li>H\u1ecd v\u00e0 t\u00ean<\/li>\n<li>Ng\u00e0y, th\u00e1ng, n\u0103m sinh<\/li>\n<li>\u0110\u1ecba ch\u1ec9 (bao g\u1ed3m c\u1ea3 n\u01a1i \u0111\u0103ng k\u00fd h\u1ed9 kh\u1ea9u th\u01b0\u1eddng tr\u00fa g\u1ed1c)<\/li>\n<li>Qu\u1ed1c t\u1ecbch<\/li>\n<li>Th\u00f4ng tin c\u00f3 th\u1ec3 nh\u1eadn di\u1ec7n m\u1ed9t c\u00e1 nh\u00e2n c\u1ee5 th\u1ec3 (s\u1ed1 \u0111i\u1ec7n tho\u1ea1i, s\u1ed1 th\u1ebb c\u0103n c\u01b0\u1edbc, s\u1ed1 \u0111\u1ecbnh danh c\u00e1 nh\u00e2n, s\u1ed1 h\u1ed9 chi\u1ebfu, s\u1ed1 gi\u1ea5y ph\u00e9p l\u00e1i xe, v.v.)<\/li>\n<li>Th\u00f4ng tin v\u1ec1 gia \u0111\u00ecnh<\/li>\n<li>Th\u00f4ng tin v\u1ec1 t\u00e0i kho\u1ea3n s\u1ed1 c\u1ee7a c\u00e1 nh\u00e2n<\/li>\n<\/ul>\n<\/div>\n<div class=\"personal_frame_col_ite\">\n<p class=\"tt\">D\u1eef li\u1ec7u c\u00e1 nh\u00e2n nh\u1ea1y c\u1ea3m bao g\u1ed3m<\/p>\n<p class=\"des\">Th\u00f4ng tin li\u00ean quan \u0111\u1ebfn quy\u1ec1n ri\u00eang t\u01b0 c\u1ee7a c\u00e1 nh\u00e2n (c\u00f3 th\u1ec3 x\u00e2m ph\u1ea1m quy\u1ec1n v\u00e0 l\u1ee3i \u00edch ch\u00ednh \u0111\u00e1ng c\u1ee7a c\u00e1 nh\u00e2n \u0111\u00f3)<\/p>\n<ul class=\"list01\">\n<li>Quan \u0111i\u1ec3m ch\u00ednh tr\u1ecb<\/li>\n<li>T\u00ecnh tr\u1ea1ng s\u1ee9c kh\u1ecfe<\/li>\n<li>D\u1eef li\u1ec7u sinh tr\u1eafc h\u1ecdc<\/li>\n<li>H\u00ecnh \u1ea3nh th\u1ebb c\u0103n c\u01b0\u1edbc, th\u1ebb c\u0103n c\u01b0\u1edbc c\u00f4ng d\u00e2n, ch\u1ee9ng minh nh\u00e2n d\u00e2n;\u2026<\/li>\n<\/ul>\n<\/div>\n<\/div>\n<\/div>\n<div class=\"personal_frame\">\n<div class=\"personal_frame_box bg\">\n<h4 class=\"personal_h4\">C\u00e1c ngh\u0129a v\u1ee5 c\u1ea7n thi\u1ebft m\u00e0 doanh nghi\u1ec7p ph\u1ea3i th\u1ef1c hi\u1ec7n<\/h4>\n<p class=\"des\">\nTheo quy \u0111\u1ecbnh c\u1ee7a Lu\u1eadt B\u1ea3o v\u1ec7 d\u1eef li\u1ec7u c\u00e1 nh\u00e2n v\u00e0 Ngh\u1ecb \u0111\u1ecbnh s\u1ed1 356, c\u00e1c doanh nghi\u1ec7p, t\u1ed5 ch\u1ee9c x\u1eed l\u00fd d\u1eef li\u1ec7u c\u00e1 nh\u00e2n  ph\u1ea3i th\u1ef1c hi\u1ec7n c\u00e1c bi\u1ec7n ph\u00e1p sau \u0111\u00e2y.\n<\/p>\n<ul class=\"list02\">\n<li>Ngh\u0129a v\u1ee5 thi\u1ebft l\u1eadp c\u00e1c quy \u0111\u1ecbnh n\u1ed9i b\u1ed9 li\u00ean quan \u0111\u1ebfn b\u1ea3o v\u1ec7 th\u00f4ng tin c\u00e1 nh\u00e2n.<\/li>\n<li>Ngh\u0129a v\u1ee5 t\u1ea1o l\u1eadp v\u00e0 l\u01b0u gi\u1eef t\u00e0i li\u1ec7u \u0111\u00e1nh gi\u00e1 t\u00e1c \u0111\u1ed9ng li\u00ean quan \u0111\u1ebfn vi\u1ec7c x\u1eed l\u00fd d\u1eef li\u1ec7u c\u00e1 nh\u00e2n v\u00e0 chuy\u1ec3n d\u1eef li\u1ec7u c\u00e1 nh\u00e2n ra n\u01b0\u1edbc ngo\u00e0i.<\/li>\n<li>N\u1ed9p hai t\u00e0i li\u1ec7u tr\u00ean cho B\u1ed9 C\u00f4ng an t\u1ea1i H\u00e0 N\u1ed9i.<\/li>\n<li>Th\u00f4ng b\u00e1o v\u00e0 \u0111\u1ea1t \u0111\u01b0\u1ee3c s\u1ef1 \u0111\u1ed3ng \u00fd t\u1eeb c\u00e1c \u0111\u1ed1i t\u01b0\u1ee3ng li\u00ean quan \u0111\u1ebfn vi\u1ec7c x\u1eed l\u00fd d\u1eef li\u1ec7u c\u00e1 nh\u00e2n (bao g\u1ed3m ng\u01b0\u1eddi lao \u0111\u1ed9ng, nh\u00e0 cung c\u1ea5p, \u0111\u1ed1i t\u00e1c kinh doanh, v.v.).<\/li>\n<li>Thi\u1ebft l\u1eadp c\u00e1c bi\u1ec7n ph\u00e1p b\u1ea3o v\u1ec7 th\u00f4ng tin c\u00e1 nh\u00e2n.<\/li>\n<li>Ngh\u0129a v\u1ee5 khi x\u1ea3y ra vi ph\u1ea1m ph\u00e1p lu\u1eadt li\u00ean quan \u0111\u1ebfn b\u1ea3o v\u1ec7 th\u00f4ng tin c\u00e1 nh\u00e2n.<\/li>\n<\/ul>\n<h4 class=\"personal_h4\">Kinh nghi\u1ec7m v\u00e0 \u0110\u1eb7c \u0111i\u1ec3m D\u1ecbch v\u1ee5 H\u1ed7 tr\u1ee3 c\u1ee7a<br \/>\nI-GLOCAL<\/h4>\n<p class=\"des\">I-GLOCAL \u0111\u00e3 cung c\u1ea5p c\u00e1c d\u1ecbch v\u1ee5 h\u1ed7 tr\u1ee3 v\u1ec1 ngh\u1ecb \u0111\u1ecbnh b\u1ea3o v\u1ec7 d\u1eef li\u1ec7u c\u00e1 nh\u00e2n cho h\u01a1n 130 kh\u00e1ch h\u00e0ng tr\u00ean to\u00e0n qu\u1ed1c (t\u00ednh \u0111\u1ebfn th\u00e1ng 8 n\u0103m 2024). N\u1ed9i dung v\u00e0 \u0111\u1eb7c \u0111i\u1ec3m c\u1ee7a d\u1ecbch v\u1ee5 nh\u01b0 sau, n\u1ebfu c\u00f3 b\u1ea5t k\u1ef3 th\u1eafc m\u1eafc ho\u1eb7c quan t\u00e2m, vui l\u00f2ng li\u00ean h\u1ec7 v\u1edbi ch\u00fang t\u00f4i.<\/p>\n<ul class=\"list03\">\n<li>Ph\u1ea1m vi th\u00f4ng tin x\u1eed l\u00fd d\u1eef li\u1ec7u c\u00e1 nh\u00e2n r\u1ea5t \u0111a d\u1ea1ng, bao g\u1ed3m ng\u01b0\u1eddi lao \u0111\u1ed9ng, nh\u00e0 cung c\u1ea5p, \u0111\u1ed1i t\u00e1c, v\u00e0 ch\u00fang t\u00f4i h\u1ed7 tr\u1ee3 gi\u1ea3i quy\u1ebft t\u1ea5t c\u1ea3 c\u00e1c v\u1ea5n \u0111\u1ec1 li\u00ean quan.<\/li>\n<li>Ch\u00fang t\u00f4i c\u00f3 kinh nghi\u1ec7m phong ph\u00fa trong nhi\u1ec1u l\u0129nh v\u1ef1c nh\u01b0 s\u1ea3n xu\u1ea5t, IT, th\u01b0\u01a1ng m\u1ea1i, d\u1ecbch v\u1ee5, v\u00e0 x\u00e2y d\u1ef1ng.<\/li>\n<li>Ch\u00fang t\u00f4i cung c\u1ea5p h\u1ed7 tr\u1ee3 tr\u1ecdn g\u00f3i t\u1eeb vi\u1ec7c th\u1ef1c hi\u1ec7n c\u00e1c th\u1ee7 t\u1ee5c li\u00ean quan \u0111\u1ebfn b\u1ea3o v\u1ec7 d\u1eef li\u1ec7u c\u00e1 nh\u00e2n (bao g\u1ed3m cung c\u1ea5p v\u00e0 \u0111\u00e1nh gi\u00e1 t\u00e0i li\u1ec7u) \u0111\u1ebfn vi\u1ec7c n\u1ed9p t\u00e0i li\u1ec7u cho c\u01a1 quan qu\u1ea3n l\u00fd l\u00e0 B\u1ed9 C\u00f4ng An.<\/li>\n<\/ul>\n<\/div>\n<\/div>\n<div class=\"personal_cta\">\n<p class=\"tt\">B\u00e1o c\u00e1o li\u00ean quan<\/p>\n<p class=\"cta\"><a href=\"..\/..\/report\/151\/\">https:\/\/www.i-glocal.com\/report\/151\/<\/a><\/p>\n<\/div>\n<\/div>\n","protected":false},"excerpt":{"rendered":"<p>I-GLOCAL \u0110ANG CUNG C\u1ea4P D\u1ecaCH V\u1ee4 LI\u00caN QUAN \u0110\u1ebeN NGH\u1eca \u0110\u1ecaNH B\u1ea2O V\u1ec6 D\u1eee LI\u1ec6U C\u00c1 NH\u00c2N_V\u1ea4N \u0110\u1ec0 \u0110ANG TR\u1ede N\u00caN C\u1ea4P B\u00c1CH TRONG TH\u1edcI GIAN G\u1ea6N \u0110\u00c2Y. Ban h\u00e0nh Lu\u1eadt B\u1ea3o v\u1ec7 D\u1eef li\u1ec7u C\u00e1 nh\u00e2n v\u00e0 Ngh\u1ecb \u0111\u1ecbnh 356, c\u00f3 hi\u1ec7u l\u1ef1c t\u1eeb 1.1.2026 Lu\u1eadt B\u1ea3o v\u1ec7 D\u1eef li\u1ec7u c\u00e1 nh\u00e2n v\u00e0 Ngh\u1ecb [&hellip;]<\/p>\n","protected":false},"author":2,"featured_media":0,"parent":558,"menu_order":0,"comment_status":"closed","ping_status":"closed","template":"","meta":{"om_disable_all_campaigns":false,"_monsterinsights_skip_tracking":false,"_monsterinsights_sitenote_active":false,"_monsterinsights_sitenote_note":"","_monsterinsights_sitenote_category":0,"_locale":"vi","_original_post":"https:\/\/www.i-glocal.com\/?page_id=4317","footnotes":""},"class_list":["post-4456","page","type-page","status-publish","hentry","vi"],"acf":[],"aioseo_notices":[],"_links":{"self":[{"href":"https:\/\/www.i-glocal.com\/wp-json\/wp\/v2\/pages\/4456","targetHints":{"allow":["GET"]}}],"collection":[{"href":"https:\/\/www.i-glocal.com\/wp-json\/wp\/v2\/pages"}],"about":[{"href":"https:\/\/www.i-glocal.com\/wp-json\/wp\/v2\/types\/page"}],"author":[{"embeddable":true,"href":"https:\/\/www.i-glocal.com\/wp-json\/wp\/v2\/users\/2"}],"replies":[{"embeddable":true,"href":"https:\/\/www.i-glocal.com\/wp-json\/wp\/v2\/comments?post=4456"}],"version-history":[{"count":12,"href":"https:\/\/www.i-glocal.com\/wp-json\/wp\/v2\/pages\/4456\/revisions"}],"predecessor-version":[{"id":6879,"href":"https:\/\/www.i-glocal.com\/wp-json\/wp\/v2\/pages\/4456\/revisions\/6879"}],"up":[{"embeddable":true,"href":"https:\/\/www.i-glocal.com\/wp-json\/wp\/v2\/pages\/558"}],"wp:attachment":[{"href":"https:\/\/www.i-glocal.com\/wp-json\/wp\/v2\/media?parent=4456"}],"curies":[{"name":"wp","href":"https:\/\/api.w.org\/{rel}","templated":true}]}}